{"id":2831,"date":"2023-06-22T18:18:10","date_gmt":"2023-06-22T18:18:10","guid":{"rendered":"https:\/\/khogiaodienmau.net\/trumtheme\/?post_type=product&#038;p=2831"},"modified":"2023-06-22T18:19:48","modified_gmt":"2023-06-22T18:19:48","slug":"theme-wordpress-in-an-bao-bi","status":"publish","type":"product","link":"https:\/\/khogiaodienmau.net\/trumtheme\/themes\/theme-wordpress-in-an-bao-bi\/","title":{"rendered":"Theme wordpress in \u1ea5n bao b\u00ec"},"content":{"rendered":"","protected":false},"excerpt":{"rendered":"<p>Theme WordPress In \u1ea5n bao b\u00ec c\u0169ng h\u1ed7 tr\u1ee3 t\u00ednh n\u0103ng li\u00ean h\u1ec7 v\u00e0 b\u00e1o gi\u00e1 tr\u1ef1c tuy\u1ebfn. B\u1ea1n c\u00f3 th\u1ec3 t\u1ea1o m\u1ed9t trang li\u00ean h\u1ec7 \u0111\u01a1n gi\u1ea3n \u0111\u1ec3 kh\u00e1ch h\u00e0ng c\u00f3 th\u1ec3 g\u1eedi y\u00eau c\u1ea7u v\u00e0 li\u00ean h\u1ec7 v\u1edbi b\u1ea1n m\u1ed9t c\u00e1ch thu\u1eadn ti\u1ec7n. Ngo\u00e0i ra, kh\u00e1ch h\u00e0ng c\u0169ng c\u00f3 th\u1ec3 y\u00eau c\u1ea7u b\u00e1o gi\u00e1 tr\u1ef1c tuy\u1ebfn \u0111\u1ec3 d\u1ec5 d\u00e0ng nh\u1eadn \u0111\u01b0\u1ee3c th\u00f4ng tin v\u1ec1 gi\u00e1 c\u1ea3 v\u00e0 d\u1ecbch v\u1ee5 c\u1ee7a b\u1ea1n.<\/p>\n","protected":false},"featured_media":2832,"comment_status":"open","ping_status":"closed","template":"","meta":[],"product_brand":[],"product_cat":[46,57,50],"product_tag":[],"class_list":{"0":"post-2831","1":"product","2":"type-product","3":"status-publish","4":"has-post-thumbnail","6":"product_cat-theme-hot","7":"product_cat-theme-wordpress-dich-vu","8":"product_cat-theme-wordpress-gioi-thieu-cong-ty","10":"first","11":"instock","12":"sale","13":"downloadable","14":"shipping-taxable","15":"purchasable","16":"product-type-simple"},"acf":[],"_links":{"self":[{"href":"https:\/\/khogiaodienmau.net\/trumtheme\/wp-json\/wp\/v2\/product\/2831"}],"collection":[{"href":"https:\/\/khogiaodienmau.net\/trumtheme\/wp-json\/wp\/v2\/product"}],"about":[{"href":"https:\/\/khogiaodienmau.net\/trumtheme\/wp-json\/wp\/v2\/types\/product"}],"replies":[{"embeddable":true,"href":"https:\/\/khogiaodienmau.net\/trumtheme\/wp-json\/wp\/v2\/comments?post=2831"}],"wp:featuredmedia":[{"embeddable":true,"href":"https:\/\/khogiaodienmau.net\/trumtheme\/wp-json\/wp\/v2\/media\/2832"}],"wp:attachment":[{"href":"https:\/\/khogiaodienmau.net\/trumtheme\/wp-json\/wp\/v2\/media?parent=2831"}],"wp:term":[{"taxonomy":"product_brand","embeddable":true,"href":"https:\/\/khogiaodienmau.net\/trumtheme\/wp-json\/wp\/v2\/product_brand?post=2831"},{"taxonomy":"product_cat","embeddable":true,"href":"https:\/\/khogiaodienmau.net\/trumtheme\/wp-json\/wp\/v2\/product_cat?post=2831"},{"taxonomy":"product_tag","embeddable":true,"href":"https:\/\/khogiaodienmau.net\/trumtheme\/wp-json\/wp\/v2\/product_tag?post=2831"}],"curies":[{"name":"wp","href":"https:\/\/api.w.org\/{rel}","templated":true}]}}