{"id":2828,"date":"2023-06-22T17:58:13","date_gmt":"2023-06-22T17:58:13","guid":{"rendered":"https:\/\/khogiaodienmau.net\/trumtheme\/?post_type=product&#038;p=2828"},"modified":"2023-06-22T18:04:33","modified_gmt":"2023-06-22T18:04:33","slug":"theme-wordpress-nha-hang-dep-2","status":"publish","type":"product","link":"https:\/\/khogiaodienmau.net\/trumtheme\/themes\/theme-wordpress-nha-hang-dep-2\/","title":{"rendered":"Theme wordpress nh\u00e0 h\u00e0ng \u0111\u1eb9p"},"content":{"rendered":"","protected":false},"excerpt":{"rendered":"<p>Theme WordPress Nh\u00e0 h\u00e0ng \u0111\u1eb9p c\u0169ng t\u00edch h\u1ee3p c\u00e1c t\u00ednh n\u0103ng qu\u1ea3ng c\u00e1o v\u00e0 ti\u1ebfp th\u1ecb \u0111\u1ec3 b\u1ea1n c\u00f3 th\u1ec3 qu\u1ea3ng b\u00e1 c\u00e1c s\u1ef1 ki\u1ec7n \u0111\u1eb7c bi\u1ec7t, khuy\u1ebfn m\u00e3i hay th\u1ef1c \u0111\u01a1n m\u1edbi. B\u1ea1n c\u00f3 th\u1ec3 t\u1ea1o c\u00e1c trang landing page t\u00f9y ch\u1ec9nh \u0111\u1ec3 thu h\u00fat s\u1ef1 ch\u00fa \u00fd v\u00e0 t\u1ea1o \u01b0u \u0111\u00e3i \u0111\u1eb7c bi\u1ec7t cho kh\u00e1ch h\u00e0ng.<\/p>\n","protected":false},"featured_media":2829,"comment_status":"open","ping_status":"closed","template":"","meta":[],"product_brand":[],"product_cat":[46,43],"product_tag":[],"class_list":{"0":"post-2828","1":"product","2":"type-product","3":"status-publish","4":"has-post-thumbnail","6":"product_cat-theme-hot","7":"product_cat-theme-wordpress-nha-hang","9":"first","10":"instock","11":"sale","12":"downloadable","13":"shipping-taxable","14":"purchasable","15":"product-type-simple"},"acf":[],"_links":{"self":[{"href":"https:\/\/khogiaodienmau.net\/trumtheme\/wp-json\/wp\/v2\/product\/2828"}],"collection":[{"href":"https:\/\/khogiaodienmau.net\/trumtheme\/wp-json\/wp\/v2\/product"}],"about":[{"href":"https:\/\/khogiaodienmau.net\/trumtheme\/wp-json\/wp\/v2\/types\/product"}],"replies":[{"embeddable":true,"href":"https:\/\/khogiaodienmau.net\/trumtheme\/wp-json\/wp\/v2\/comments?post=2828"}],"wp:featuredmedia":[{"embeddable":true,"href":"https:\/\/khogiaodienmau.net\/trumtheme\/wp-json\/wp\/v2\/media\/2829"}],"wp:attachment":[{"href":"https:\/\/khogiaodienmau.net\/trumtheme\/wp-json\/wp\/v2\/media?parent=2828"}],"wp:term":[{"taxonomy":"product_brand","embeddable":true,"href":"https:\/\/khogiaodienmau.net\/trumtheme\/wp-json\/wp\/v2\/product_brand?post=2828"},{"taxonomy":"product_cat","embeddable":true,"href":"https:\/\/khogiaodienmau.net\/trumtheme\/wp-json\/wp\/v2\/product_cat?post=2828"},{"taxonomy":"product_tag","embeddable":true,"href":"https:\/\/khogiaodienmau.net\/trumtheme\/wp-json\/wp\/v2\/product_tag?post=2828"}],"curies":[{"name":"wp","href":"https:\/\/api.w.org\/{rel}","templated":true}]}}