{"id":2806,"date":"2023-06-19T20:17:36","date_gmt":"2023-06-19T20:17:36","guid":{"rendered":"https:\/\/khogiaodienmau.net\/trumtheme\/?post_type=product&#038;p=2806"},"modified":"2023-06-19T20:18:31","modified_gmt":"2023-06-19T20:18:31","slug":"theme-wordpress-shop-ban-manh-rem-dep","status":"publish","type":"product","link":"https:\/\/khogiaodienmau.net\/trumtheme\/themes\/theme-wordpress-shop-ban-manh-rem-dep\/","title":{"rendered":"Theme wordpress shop b\u00e1n m\u00e0nh r\u00e8m \u0111\u1eb9p"},"content":{"rendered":"","protected":false},"excerpt":{"rendered":"<p>Theme &#8220;B\u00e1n R\u00e8m&#8221; mang \u0111\u1ebfn m\u1ed9t thi\u1ebft k\u1ebf \u0111\u1eb9p m\u1eaft k\u1ebft h\u1ee3p gi\u1eefa s\u1ef1 thanh l\u1ecbch v\u00e0 chuy\u00ean nghi\u1ec7p. V\u1edbi giao di\u1ec7n s\u1ea1ch s\u1ebd v\u00e0 t\u1ed1i gi\u1ea3n, theme l\u00e0m n\u1ed5i b\u1eadt s\u1ef1 sang tr\u1ecdng v\u00e0 tinh t\u1ebf c\u1ee7a r\u00e8m c\u1eeda, gi\u00fap s\u1ea3n ph\u1ea9m c\u1ee7a b\u1ea1n tr\u1edf th\u00e0nh t\u00e2m \u0111i\u1ec3m. Theme cung c\u1ea5p nhi\u1ec1u t\u00f9y ch\u1ecdn t\u00f9y ch\u1ec9nh, \u0111\u1ea3m b\u1ea3o trang web c\u1ee7a b\u1ea1n ho\u00e0n to\u00e0n ph\u00f9 h\u1ee3p v\u1edbi nh\u1eadn d\u1ea1ng th\u01b0\u01a1ng hi\u1ec7u v\u00e0 c\u00e1i nh\u00ecn th\u1ea9m m\u1ef9 c\u1ee7a b\u1ea1n.<\/p>\n","protected":false},"featured_media":2807,"comment_status":"open","ping_status":"closed","template":"","meta":[],"product_brand":[],"product_cat":[46,26,39],"product_tag":[],"class_list":{"0":"post-2806","1":"product","2":"type-product","3":"status-publish","4":"has-post-thumbnail","6":"product_cat-theme-hot","7":"product_cat-theme-wordpress-ban-hang","8":"product_cat-theme-wordpress-noi-that","10":"first","11":"instock","12":"sale","13":"downloadable","14":"shipping-taxable","15":"purchasable","16":"product-type-simple"},"acf":[],"_links":{"self":[{"href":"https:\/\/khogiaodienmau.net\/trumtheme\/wp-json\/wp\/v2\/product\/2806"}],"collection":[{"href":"https:\/\/khogiaodienmau.net\/trumtheme\/wp-json\/wp\/v2\/product"}],"about":[{"href":"https:\/\/khogiaodienmau.net\/trumtheme\/wp-json\/wp\/v2\/types\/product"}],"replies":[{"embeddable":true,"href":"https:\/\/khogiaodienmau.net\/trumtheme\/wp-json\/wp\/v2\/comments?post=2806"}],"wp:featuredmedia":[{"embeddable":true,"href":"https:\/\/khogiaodienmau.net\/trumtheme\/wp-json\/wp\/v2\/media\/2807"}],"wp:attachment":[{"href":"https:\/\/khogiaodienmau.net\/trumtheme\/wp-json\/wp\/v2\/media?parent=2806"}],"wp:term":[{"taxonomy":"product_brand","embeddable":true,"href":"https:\/\/khogiaodienmau.net\/trumtheme\/wp-json\/wp\/v2\/product_brand?post=2806"},{"taxonomy":"product_cat","embeddable":true,"href":"https:\/\/khogiaodienmau.net\/trumtheme\/wp-json\/wp\/v2\/product_cat?post=2806"},{"taxonomy":"product_tag","embeddable":true,"href":"https:\/\/khogiaodienmau.net\/trumtheme\/wp-json\/wp\/v2\/product_tag?post=2806"}],"curies":[{"name":"wp","href":"https:\/\/api.w.org\/{rel}","templated":true}]}}