{"id":2800,"date":"2023-06-19T19:24:29","date_gmt":"2023-06-19T19:24:29","guid":{"rendered":"https:\/\/khogiaodienmau.net\/trumtheme\/?post_type=product&#038;p=2800"},"modified":"2023-06-19T19:29:47","modified_gmt":"2023-06-19T19:29:47","slug":"theme-wordpress-cong-ty-bao-hiem-2","status":"publish","type":"product","link":"https:\/\/khogiaodienmau.net\/trumtheme\/themes\/theme-wordpress-cong-ty-bao-hiem-2\/","title":{"rendered":"Theme wordpress c\u00f4ng ty b\u1ea3o hi\u1ec3m 2"},"content":{"rendered":"","protected":false},"excerpt":{"rendered":"<p>Theme wordpress c\u00f4ng ty b\u1ea3o hi\u1ec3m 2 c\u1ee7a ch\u00fang t\u00f4i \u0111\u00e3 \u0111\u01b0\u1ee3c t\u1ed1i \u01b0u h\u00f3a SEO \u0111\u1ec3 gi\u00fap b\u1ea1n t\u0103ng c\u01b0\u1eddng kh\u1ea3 n\u0103ng xu\u1ea5t hi\u1ec7n tr\u00ean c\u00e1c k\u1ebft qu\u1ea3 t\u00ecm ki\u1ebfm. \u0110i\u1ec1u n\u00e0y s\u1ebd gi\u00fap c\u00f4ng ty b\u1ea3o hi\u1ec3m c\u1ee7a b\u1ea1n thu h\u00fat \u0111\u01b0\u1ee3c l\u01b0\u1ee3ng kh\u00e1ch h\u00e0ng ti\u1ec1m n\u0103ng v\u00e0 t\u0103ng c\u01b0\u1eddng t\u01b0\u01a1ng t\u00e1c tr\u1ef1c tuy\u1ebfn.<\/p>\n","protected":false},"featured_media":2801,"comment_status":"open","ping_status":"closed","template":"","meta":[],"product_brand":[],"product_cat":[57,50],"product_tag":[],"class_list":{"0":"post-2800","1":"product","2":"type-product","3":"status-publish","4":"has-post-thumbnail","6":"product_cat-theme-wordpress-dich-vu","7":"product_cat-theme-wordpress-gioi-thieu-cong-ty","9":"first","10":"instock","11":"sale","12":"downloadable","13":"shipping-taxable","14":"purchasable","15":"product-type-simple"},"acf":[],"_links":{"self":[{"href":"https:\/\/khogiaodienmau.net\/trumtheme\/wp-json\/wp\/v2\/product\/2800"}],"collection":[{"href":"https:\/\/khogiaodienmau.net\/trumtheme\/wp-json\/wp\/v2\/product"}],"about":[{"href":"https:\/\/khogiaodienmau.net\/trumtheme\/wp-json\/wp\/v2\/types\/product"}],"replies":[{"embeddable":true,"href":"https:\/\/khogiaodienmau.net\/trumtheme\/wp-json\/wp\/v2\/comments?post=2800"}],"wp:featuredmedia":[{"embeddable":true,"href":"https:\/\/khogiaodienmau.net\/trumtheme\/wp-json\/wp\/v2\/media\/2801"}],"wp:attachment":[{"href":"https:\/\/khogiaodienmau.net\/trumtheme\/wp-json\/wp\/v2\/media?parent=2800"}],"wp:term":[{"taxonomy":"product_brand","embeddable":true,"href":"https:\/\/khogiaodienmau.net\/trumtheme\/wp-json\/wp\/v2\/product_brand?post=2800"},{"taxonomy":"product_cat","embeddable":true,"href":"https:\/\/khogiaodienmau.net\/trumtheme\/wp-json\/wp\/v2\/product_cat?post=2800"},{"taxonomy":"product_tag","embeddable":true,"href":"https:\/\/khogiaodienmau.net\/trumtheme\/wp-json\/wp\/v2\/product_tag?post=2800"}],"curies":[{"name":"wp","href":"https:\/\/api.w.org\/{rel}","templated":true}]}}