{"id":2793,"date":"2023-06-19T12:31:10","date_gmt":"2023-06-19T12:31:10","guid":{"rendered":"https:\/\/khogiaodienmau.net\/trumtheme\/?post_type=product&#038;p=2793"},"modified":"2023-06-19T12:31:10","modified_gmt":"2023-06-19T12:31:10","slug":"theme-wordpress-dich-vu-cho-thue-xe","status":"publish","type":"product","link":"https:\/\/khogiaodienmau.net\/trumtheme\/themes\/theme-wordpress-dich-vu-cho-thue-xe\/","title":{"rendered":"Theme wordpress d\u1ecbch v\u1ee5 cho thu\u00ea xe"},"content":{"rendered":"","protected":false},"excerpt":{"rendered":"<p>Theme wordpress d\u1ecbch v\u1ee5 cho thu\u00ea xe V\u1edbi giao di\u1ec7n \u0111\u1eb9p m\u1eaft, linh ho\u1ea1t v\u00e0 d\u1ec5 t\u00f9y ch\u1ec9nh, RentWheels mang \u0111\u1ebfn m\u1ed9t n\u1ec1n t\u1ea3ng m\u1ea1nh m\u1ebd \u0111\u1ec3 x\u00e2y d\u1ef1ng trang web cho thu\u00ea xe chuy\u00ean nghi\u1ec7p v\u00e0 thu h\u00fat kh\u00e1ch h\u00e0ng.<\/p>\n","protected":false},"featured_media":2794,"comment_status":"open","ping_status":"closed","template":"","meta":[],"product_brand":[],"product_cat":[45,57],"product_tag":[],"class_list":{"0":"post-2793","1":"product","2":"type-product","3":"status-publish","4":"has-post-thumbnail","6":"product_cat-theme-wordpress-cho-thue-xe-taxi","7":"product_cat-theme-wordpress-dich-vu","9":"first","10":"instock","11":"sale","12":"downloadable","13":"shipping-taxable","14":"purchasable","15":"product-type-simple"},"acf":[],"_links":{"self":[{"href":"https:\/\/khogiaodienmau.net\/trumtheme\/wp-json\/wp\/v2\/product\/2793"}],"collection":[{"href":"https:\/\/khogiaodienmau.net\/trumtheme\/wp-json\/wp\/v2\/product"}],"about":[{"href":"https:\/\/khogiaodienmau.net\/trumtheme\/wp-json\/wp\/v2\/types\/product"}],"replies":[{"embeddable":true,"href":"https:\/\/khogiaodienmau.net\/trumtheme\/wp-json\/wp\/v2\/comments?post=2793"}],"wp:featuredmedia":[{"embeddable":true,"href":"https:\/\/khogiaodienmau.net\/trumtheme\/wp-json\/wp\/v2\/media\/2794"}],"wp:attachment":[{"href":"https:\/\/khogiaodienmau.net\/trumtheme\/wp-json\/wp\/v2\/media?parent=2793"}],"wp:term":[{"taxonomy":"product_brand","embeddable":true,"href":"https:\/\/khogiaodienmau.net\/trumtheme\/wp-json\/wp\/v2\/product_brand?post=2793"},{"taxonomy":"product_cat","embeddable":true,"href":"https:\/\/khogiaodienmau.net\/trumtheme\/wp-json\/wp\/v2\/product_cat?post=2793"},{"taxonomy":"product_tag","embeddable":true,"href":"https:\/\/khogiaodienmau.net\/trumtheme\/wp-json\/wp\/v2\/product_tag?post=2793"}],"curies":[{"name":"wp","href":"https:\/\/api.w.org\/{rel}","templated":true}]}}