{"id":2778,"date":"2023-06-16T08:54:33","date_gmt":"2023-06-16T08:54:33","guid":{"rendered":"https:\/\/khogiaodienmau.net\/trumtheme\/?post_type=product&#038;p=2778"},"modified":"2023-06-16T08:54:33","modified_gmt":"2023-06-16T08:54:33","slug":"theme-wordpress-shop-cong-nghe-may-tinh-dien-may","status":"publish","type":"product","link":"https:\/\/khogiaodienmau.net\/trumtheme\/themes\/theme-wordpress-shop-cong-nghe-may-tinh-dien-may\/","title":{"rendered":"Theme wordpress shop c\u00f4ng ngh\u1ec7 ,m\u00e1y t\u00ednh ,\u0111i\u1ec7n m\u00e1y"},"content":{"rendered":"","protected":false},"excerpt":{"rendered":"<p>Theme WordPress Shop C\u00f4ng ngh\u1ec7 c\u0169ng h\u1ed7 tr\u1ee3 t\u00edch h\u1ee3p c\u00e1c c\u00f4ng c\u1ee5 SEO (t\u1ed1i \u01b0u h\u00f3a c\u00f4ng c\u1ee5 t\u00ecm ki\u1ebfm) \u0111\u1ec3 gi\u00fap trang web c\u1ee7a b\u1ea1n c\u00f3 th\u1ee9 h\u1ea1ng cao tr\u00ean c\u00e1c c\u00f4ng c\u1ee5 t\u00ecm ki\u1ebfm nh\u01b0 Google. \u0110i\u1ec1u n\u00e0y gi\u00fap b\u1ea1n thu h\u00fat l\u01b0\u1ee3ng l\u1edbn ng\u01b0\u1eddi d\u00f9ng ti\u1ec1m n\u0103ng v\u00e0 t\u0103ng kh\u1ea3 n\u0103ng t\u00ecm th\u1ea5y trang web c\u1ee7a b\u1ea1n khi ng\u01b0\u1eddi d\u00f9ng t\u00ecm ki\u1ebfm s\u1ea3n ph\u1ea9m c\u00f4ng ngh\u1ec7.<\/p>\n","protected":false},"featured_media":2779,"comment_status":"open","ping_status":"closed","template":"","meta":[],"product_brand":[],"product_cat":[46,26,27],"product_tag":[],"class_list":{"0":"post-2778","1":"product","2":"type-product","3":"status-publish","4":"has-post-thumbnail","6":"product_cat-theme-hot","7":"product_cat-theme-wordpress-ban-hang","8":"product_cat-theme-wordpress-dien-may","10":"first","11":"instock","12":"sale","13":"downloadable","14":"shipping-taxable","15":"purchasable","16":"product-type-simple"},"acf":[],"_links":{"self":[{"href":"https:\/\/khogiaodienmau.net\/trumtheme\/wp-json\/wp\/v2\/product\/2778"}],"collection":[{"href":"https:\/\/khogiaodienmau.net\/trumtheme\/wp-json\/wp\/v2\/product"}],"about":[{"href":"https:\/\/khogiaodienmau.net\/trumtheme\/wp-json\/wp\/v2\/types\/product"}],"replies":[{"embeddable":true,"href":"https:\/\/khogiaodienmau.net\/trumtheme\/wp-json\/wp\/v2\/comments?post=2778"}],"wp:featuredmedia":[{"embeddable":true,"href":"https:\/\/khogiaodienmau.net\/trumtheme\/wp-json\/wp\/v2\/media\/2779"}],"wp:attachment":[{"href":"https:\/\/khogiaodienmau.net\/trumtheme\/wp-json\/wp\/v2\/media?parent=2778"}],"wp:term":[{"taxonomy":"product_brand","embeddable":true,"href":"https:\/\/khogiaodienmau.net\/trumtheme\/wp-json\/wp\/v2\/product_brand?post=2778"},{"taxonomy":"product_cat","embeddable":true,"href":"https:\/\/khogiaodienmau.net\/trumtheme\/wp-json\/wp\/v2\/product_cat?post=2778"},{"taxonomy":"product_tag","embeddable":true,"href":"https:\/\/khogiaodienmau.net\/trumtheme\/wp-json\/wp\/v2\/product_tag?post=2778"}],"curies":[{"name":"wp","href":"https:\/\/api.w.org\/{rel}","templated":true}]}}