{"id":2775,"date":"2023-06-16T06:07:54","date_gmt":"2023-06-16T06:07:54","guid":{"rendered":"https:\/\/khogiaodienmau.net\/trumtheme\/?post_type=product&#038;p=2775"},"modified":"2023-06-16T06:11:51","modified_gmt":"2023-06-16T06:11:51","slug":"theme-wordpress-shop-nguyen-lieu-tra-sua-2","status":"publish","type":"product","link":"https:\/\/khogiaodienmau.net\/trumtheme\/themes\/theme-wordpress-shop-nguyen-lieu-tra-sua-2\/","title":{"rendered":"Theme wordpress shop nguy\u00ean li\u1ec7u tr\u00e0 s\u1eefa 2"},"content":{"rendered":"","protected":false},"excerpt":{"rendered":"<p>Theme wordpress shop nguy\u00ean li\u1ec7u tr\u00e0 s\u1eefa 2 b\u1ea1n s\u1ebd c\u00f3 m\u1ed9t trang web chuy\u00ean nghi\u1ec7p v\u00e0 thu h\u00fat kh\u00e1ch h\u00e0ng, gi\u00fap kinh doanh c\u1ee7a b\u1ea1n ph\u00e1t tri\u1ec3n m\u1ea1nh m\u1ebd trong ng\u00e0nh c\u00f4ng nghi\u1ec7p tr\u00e0 s\u1eefa. H\u00e3y b\u1eaft \u0111\u1ea7u ngay h\u00f4m nay v\u00e0 t\u1ea1o n\u00ean m\u1ed9t tr\u1ea3i nghi\u1ec7m tuy\u1ec7t v\u1eddi cho kh\u00e1ch h\u00e0ng c\u1ee7a b\u1ea1n!<\/p>\n","protected":false},"featured_media":2776,"comment_status":"open","ping_status":"closed","template":"","meta":[],"product_brand":[],"product_cat":[46,26,50,32],"product_tag":[68,69],"class_list":{"0":"post-2775","1":"product","2":"type-product","3":"status-publish","4":"has-post-thumbnail","6":"product_cat-theme-hot","7":"product_cat-theme-wordpress-ban-hang","8":"product_cat-theme-wordpress-gioi-thieu-cong-ty","9":"product_cat-theme-wordpress-thuc-pham","10":"product_tag-shop-nguyen-lieu-2","11":"product_tag-tra-sua","13":"first","14":"instock","15":"sale","16":"downloadable","17":"shipping-taxable","18":"purchasable","19":"product-type-simple"},"acf":[],"_links":{"self":[{"href":"https:\/\/khogiaodienmau.net\/trumtheme\/wp-json\/wp\/v2\/product\/2775"}],"collection":[{"href":"https:\/\/khogiaodienmau.net\/trumtheme\/wp-json\/wp\/v2\/product"}],"about":[{"href":"https:\/\/khogiaodienmau.net\/trumtheme\/wp-json\/wp\/v2\/types\/product"}],"replies":[{"embeddable":true,"href":"https:\/\/khogiaodienmau.net\/trumtheme\/wp-json\/wp\/v2\/comments?post=2775"}],"wp:featuredmedia":[{"embeddable":true,"href":"https:\/\/khogiaodienmau.net\/trumtheme\/wp-json\/wp\/v2\/media\/2776"}],"wp:attachment":[{"href":"https:\/\/khogiaodienmau.net\/trumtheme\/wp-json\/wp\/v2\/media?parent=2775"}],"wp:term":[{"taxonomy":"product_brand","embeddable":true,"href":"https:\/\/khogiaodienmau.net\/trumtheme\/wp-json\/wp\/v2\/product_brand?post=2775"},{"taxonomy":"product_cat","embeddable":true,"href":"https:\/\/khogiaodienmau.net\/trumtheme\/wp-json\/wp\/v2\/product_cat?post=2775"},{"taxonomy":"product_tag","embeddable":true,"href":"https:\/\/khogiaodienmau.net\/trumtheme\/wp-json\/wp\/v2\/product_tag?post=2775"}],"curies":[{"name":"wp","href":"https:\/\/api.w.org\/{rel}","templated":true}]}}