{"id":2768,"date":"2023-06-13T16:28:36","date_gmt":"2023-06-13T16:28:36","guid":{"rendered":"https:\/\/khogiaodienmau.net\/trumtheme\/?post_type=product&#038;p=2768"},"modified":"2023-06-13T16:28:36","modified_gmt":"2023-06-13T16:28:36","slug":"theme-wordpress-mua-ban-xe-o-to-cu","status":"publish","type":"product","link":"https:\/\/khogiaodienmau.net\/trumtheme\/themes\/theme-wordpress-mua-ban-xe-o-to-cu\/","title":{"rendered":"Theme wordpress mua b\u00e1n xe \u00f4 t\u00f4 c\u0169"},"content":{"rendered":"","protected":false},"excerpt":{"rendered":"<p>Theme wordpress mua b\u00e1n xe \u00f4 t\u00f4 c\u0169 mang l\u1ea1i cho b\u1ea1n m\u1ed9t n\u1ec1n t\u1ea3ng m\u1ea1nh m\u1ebd \u0111\u1ec3 t\u1ea1o ra m\u1ed9t trang web b\u00e1n xe chuy\u00ean nghi\u1ec7p, t\u00f9y ch\u1ec9nh v\u00e0 d\u1ec5 s\u1eed d\u1ee5ng. V\u1edbi c\u00e1c t\u00ednh n\u0103ng v\u00e0 c\u00f4ng ngh\u1ec7 ti\u00ean ti\u1ebfn, b\u1ea1n c\u00f3 th\u1ec3 x\u00e2y d\u1ef1ng m\u1ed9t trang web tuy\u1ec7t \u0111\u1eb9p, h\u1ed7 tr\u1ee3 t\u00ecm ki\u1ebfm n\u00e2ng cao v\u00e0 hi\u1ec3n th\u1ecb xe c\u1ee7a b\u1ea1n m\u1ed9t c\u00e1ch chuy\u00ean nghi\u1ec7p nh\u1ea5t.<\/p>\n","protected":false},"featured_media":2769,"comment_status":"open","ping_status":"closed","template":"","meta":[],"product_brand":[],"product_cat":[26,40],"product_tag":[],"class_list":{"0":"post-2768","1":"product","2":"type-product","3":"status-publish","4":"has-post-thumbnail","6":"product_cat-theme-wordpress-ban-hang","7":"product_cat-theme-wordpress-ban-o-to","9":"first","10":"instock","11":"sale","12":"downloadable","13":"shipping-taxable","14":"purchasable","15":"product-type-simple"},"acf":[],"_links":{"self":[{"href":"https:\/\/khogiaodienmau.net\/trumtheme\/wp-json\/wp\/v2\/product\/2768"}],"collection":[{"href":"https:\/\/khogiaodienmau.net\/trumtheme\/wp-json\/wp\/v2\/product"}],"about":[{"href":"https:\/\/khogiaodienmau.net\/trumtheme\/wp-json\/wp\/v2\/types\/product"}],"replies":[{"embeddable":true,"href":"https:\/\/khogiaodienmau.net\/trumtheme\/wp-json\/wp\/v2\/comments?post=2768"}],"wp:featuredmedia":[{"embeddable":true,"href":"https:\/\/khogiaodienmau.net\/trumtheme\/wp-json\/wp\/v2\/media\/2769"}],"wp:attachment":[{"href":"https:\/\/khogiaodienmau.net\/trumtheme\/wp-json\/wp\/v2\/media?parent=2768"}],"wp:term":[{"taxonomy":"product_brand","embeddable":true,"href":"https:\/\/khogiaodienmau.net\/trumtheme\/wp-json\/wp\/v2\/product_brand?post=2768"},{"taxonomy":"product_cat","embeddable":true,"href":"https:\/\/khogiaodienmau.net\/trumtheme\/wp-json\/wp\/v2\/product_cat?post=2768"},{"taxonomy":"product_tag","embeddable":true,"href":"https:\/\/khogiaodienmau.net\/trumtheme\/wp-json\/wp\/v2\/product_tag?post=2768"}],"curies":[{"name":"wp","href":"https:\/\/api.w.org\/{rel}","templated":true}]}}