{"id":2757,"date":"2023-06-12T18:53:31","date_gmt":"2023-06-12T18:53:31","guid":{"rendered":"https:\/\/khogiaodienmau.net\/trumtheme\/?post_type=product&#038;p=2757"},"modified":"2023-06-12T18:53:31","modified_gmt":"2023-06-12T18:53:31","slug":"theme-wordpress-web-so-sanh-gia-va-ma-giam-gia-affiliate","status":"publish","type":"product","link":"https:\/\/khogiaodienmau.net\/trumtheme\/themes\/theme-wordpress-web-so-sanh-gia-va-ma-giam-gia-affiliate\/","title":{"rendered":"Theme WordPress web so s\u00e1nh gi\u00e1 v\u00e0 m\u00e3 gi\u1ea3m gi\u00e1 affiliate"},"content":{"rendered":"","protected":false},"excerpt":{"rendered":"<p>Theme WordPress web so s\u00e1nh gi\u00e1 v\u00e0 m\u00e3 gi\u1ea3m gi\u00e1 AFF l\u00e0 l\u1ef1a ch\u1ecdn l\u00fd t\u01b0\u1edfng \u0111\u1ec3 x\u00e2y d\u1ef1ng m\u1ed9t trang web so s\u00e1nh gi\u00e1 v\u00e0 cung c\u1ea5p m\u00e3 gi\u1ea3m gi\u00e1 chuy\u00ean nghi\u1ec7p v\u00e0 thu h\u00fat kh\u00e1ch h\u00e0ng. V\u1edbi thi\u1ebft k\u1ebf \u0111\u1eb9p m\u1eaft, t\u00ednh n\u0103ng linh ho\u1ea1t v\u00e0 kh\u1ea3 n\u0103ng t\u00f9y ch\u1ec9nh cao<\/p>\n","protected":false},"featured_media":2758,"comment_status":"open","ping_status":"closed","template":"","meta":[],"product_brand":[],"product_cat":[46,26,27],"product_tag":[],"class_list":{"0":"post-2757","1":"product","2":"type-product","3":"status-publish","4":"has-post-thumbnail","6":"product_cat-theme-hot","7":"product_cat-theme-wordpress-ban-hang","8":"product_cat-theme-wordpress-dien-may","10":"first","11":"instock","12":"sale","13":"downloadable","14":"shipping-taxable","15":"purchasable","16":"product-type-simple"},"acf":[],"_links":{"self":[{"href":"https:\/\/khogiaodienmau.net\/trumtheme\/wp-json\/wp\/v2\/product\/2757"}],"collection":[{"href":"https:\/\/khogiaodienmau.net\/trumtheme\/wp-json\/wp\/v2\/product"}],"about":[{"href":"https:\/\/khogiaodienmau.net\/trumtheme\/wp-json\/wp\/v2\/types\/product"}],"replies":[{"embeddable":true,"href":"https:\/\/khogiaodienmau.net\/trumtheme\/wp-json\/wp\/v2\/comments?post=2757"}],"wp:featuredmedia":[{"embeddable":true,"href":"https:\/\/khogiaodienmau.net\/trumtheme\/wp-json\/wp\/v2\/media\/2758"}],"wp:attachment":[{"href":"https:\/\/khogiaodienmau.net\/trumtheme\/wp-json\/wp\/v2\/media?parent=2757"}],"wp:term":[{"taxonomy":"product_brand","embeddable":true,"href":"https:\/\/khogiaodienmau.net\/trumtheme\/wp-json\/wp\/v2\/product_brand?post=2757"},{"taxonomy":"product_cat","embeddable":true,"href":"https:\/\/khogiaodienmau.net\/trumtheme\/wp-json\/wp\/v2\/product_cat?post=2757"},{"taxonomy":"product_tag","embeddable":true,"href":"https:\/\/khogiaodienmau.net\/trumtheme\/wp-json\/wp\/v2\/product_tag?post=2757"}],"curies":[{"name":"wp","href":"https:\/\/api.w.org\/{rel}","templated":true}]}}