{"id":2538,"date":"2023-05-04T05:00:07","date_gmt":"2023-05-04T05:00:07","guid":{"rendered":"https:\/\/khogiaodienmau.net\/trumtheme\/?post_type=product&#038;p=2538"},"modified":"2023-06-20T17:31:15","modified_gmt":"2023-06-20T17:31:15","slug":"theme-wordpress-nang-luong-mat-troi-2","status":"publish","type":"product","link":"https:\/\/khogiaodienmau.net\/trumtheme\/themes\/theme-wordpress-nang-luong-mat-troi-2\/","title":{"rendered":"Theme wordpress n\u0103ng l\u01b0\u1ee3ng m\u1eb7t tr\u1eddi 2"},"content":{"rendered":"","protected":false},"excerpt":{"rendered":"<p>V\u1edbi Theme WordPress N\u0103ng L\u01b0\u1ee3ng M\u1eb7t Tr\u1eddi 2, b\u1ea1n c\u00f3 m\u1ed9t gi\u1ea3i ph\u00e1p m\u1ea1nh m\u1ebd \u0111\u1ec3 x\u00e2y d\u1ef1ng m\u1ed9t trang web chuy\u00ean v\u1ec1 n\u0103ng l\u01b0\u1ee3ng m\u1eb7t tr\u1eddi m\u1ed9t c\u00e1ch d\u1ec5 d\u00e0ng v\u00e0 chuy\u00ean nghi\u1ec7p. V\u1edbi t\u00ednh linh ho\u1ea1t v\u00e0 t\u00ednh t\u01b0\u01a1ng th\u00edch, theme n\u00e0y s\u1ebd gi\u00fap b\u1ea1n t\u0103ng c\u01b0\u1eddng hi\u1ec7u qu\u1ea3 kinh doanh v\u00e0 thu h\u00fat kh\u00e1ch h\u00e0ng ti\u1ec1m n\u0103ng.<\/p>\n","protected":false},"featured_media":2539,"comment_status":"open","ping_status":"closed","template":"","meta":[],"product_brand":[],"product_cat":[46,57,54,50],"product_tag":[],"class_list":{"0":"post-2538","1":"product","2":"type-product","3":"status-publish","4":"has-post-thumbnail","6":"product_cat-theme-hot","7":"product_cat-theme-wordpress-dich-vu","8":"product_cat-theme-wordpress-dien-nuoc","9":"product_cat-theme-wordpress-gioi-thieu-cong-ty","11":"first","12":"instock","13":"sale","14":"downloadable","15":"shipping-taxable","16":"purchasable","17":"product-type-simple"},"acf":[],"_links":{"self":[{"href":"https:\/\/khogiaodienmau.net\/trumtheme\/wp-json\/wp\/v2\/product\/2538"}],"collection":[{"href":"https:\/\/khogiaodienmau.net\/trumtheme\/wp-json\/wp\/v2\/product"}],"about":[{"href":"https:\/\/khogiaodienmau.net\/trumtheme\/wp-json\/wp\/v2\/types\/product"}],"replies":[{"embeddable":true,"href":"https:\/\/khogiaodienmau.net\/trumtheme\/wp-json\/wp\/v2\/comments?post=2538"}],"wp:featuredmedia":[{"embeddable":true,"href":"https:\/\/khogiaodienmau.net\/trumtheme\/wp-json\/wp\/v2\/media\/2539"}],"wp:attachment":[{"href":"https:\/\/khogiaodienmau.net\/trumtheme\/wp-json\/wp\/v2\/media?parent=2538"}],"wp:term":[{"taxonomy":"product_brand","embeddable":true,"href":"https:\/\/khogiaodienmau.net\/trumtheme\/wp-json\/wp\/v2\/product_brand?post=2538"},{"taxonomy":"product_cat","embeddable":true,"href":"https:\/\/khogiaodienmau.net\/trumtheme\/wp-json\/wp\/v2\/product_cat?post=2538"},{"taxonomy":"product_tag","embeddable":true,"href":"https:\/\/khogiaodienmau.net\/trumtheme\/wp-json\/wp\/v2\/product_tag?post=2538"}],"curies":[{"name":"wp","href":"https:\/\/api.w.org\/{rel}","templated":true}]}}