{"id":2082,"date":"2023-05-01T17:17:28","date_gmt":"2023-05-01T17:17:28","guid":{"rendered":"https:\/\/khogiaodienmau.net\/trumtheme\/?post_type=product&#038;p=2082"},"modified":"2023-06-20T17:34:38","modified_gmt":"2023-06-20T17:34:38","slug":"theme-wordpress-du-hoc-han-quoc","status":"publish","type":"product","link":"https:\/\/khogiaodienmau.net\/trumtheme\/themes\/theme-wordpress-du-hoc-han-quoc\/","title":{"rendered":"Theme wordpress du h\u1ecdc h\u00e0n qu\u1ed1c"},"content":{"rendered":"","protected":false},"excerpt":{"rendered":"<p>V\u1edbi Theme WordPress Du H\u1ecdc H\u00e0n Qu\u1ed1c, b\u1ea1n c\u00f3 m\u1ed9t gi\u1ea3i ph\u00e1p m\u1ea1nh m\u1ebd \u0111\u1ec3 x\u00e2y d\u1ef1ng m\u1ed9t trang web \u0111\u1ed9c \u0111\u00e1o v\u00e0 chuy\u00ean v\u1ec1 du h\u1ecdc H\u00e0n Qu\u1ed1c. V\u1edbi t\u00ednh linh ho\u1ea1t v\u00e0 t\u00ednh t\u01b0\u01a1ng th\u00edch, theme n\u00e0y s\u1ebd gi\u00fap b\u1ea1n thu h\u00fat kh\u00e1ch h\u00e0ng ti\u1ec1m n\u0103ng v\u00e0 t\u1ea1o n\u00ean s\u1ef1 \u1ea5n t\u01b0\u1ee3ng v\u1edbi ng\u01b0\u1eddi d\u00f9ng.<\/p>\n","protected":false},"featured_media":2083,"comment_status":"open","ping_status":"closed","template":"","meta":[],"product_brand":[],"product_cat":[57,50,55],"product_tag":[],"class_list":{"0":"post-2082","1":"product","2":"type-product","3":"status-publish","4":"has-post-thumbnail","6":"product_cat-theme-wordpress-dich-vu","7":"product_cat-theme-wordpress-gioi-thieu-cong-ty","8":"product_cat-theme-wordpress-truong-hoc","10":"first","11":"instock","12":"sale","13":"downloadable","14":"shipping-taxable","15":"purchasable","16":"product-type-simple"},"acf":[],"_links":{"self":[{"href":"https:\/\/khogiaodienmau.net\/trumtheme\/wp-json\/wp\/v2\/product\/2082"}],"collection":[{"href":"https:\/\/khogiaodienmau.net\/trumtheme\/wp-json\/wp\/v2\/product"}],"about":[{"href":"https:\/\/khogiaodienmau.net\/trumtheme\/wp-json\/wp\/v2\/types\/product"}],"replies":[{"embeddable":true,"href":"https:\/\/khogiaodienmau.net\/trumtheme\/wp-json\/wp\/v2\/comments?post=2082"}],"wp:featuredmedia":[{"embeddable":true,"href":"https:\/\/khogiaodienmau.net\/trumtheme\/wp-json\/wp\/v2\/media\/2083"}],"wp:attachment":[{"href":"https:\/\/khogiaodienmau.net\/trumtheme\/wp-json\/wp\/v2\/media?parent=2082"}],"wp:term":[{"taxonomy":"product_brand","embeddable":true,"href":"https:\/\/khogiaodienmau.net\/trumtheme\/wp-json\/wp\/v2\/product_brand?post=2082"},{"taxonomy":"product_cat","embeddable":true,"href":"https:\/\/khogiaodienmau.net\/trumtheme\/wp-json\/wp\/v2\/product_cat?post=2082"},{"taxonomy":"product_tag","embeddable":true,"href":"https:\/\/khogiaodienmau.net\/trumtheme\/wp-json\/wp\/v2\/product_tag?post=2082"}],"curies":[{"name":"wp","href":"https:\/\/api.w.org\/{rel}","templated":true}]}}