{"id":1492,"date":"2023-04-27T13:52:26","date_gmt":"2023-04-27T13:52:26","guid":{"rendered":"https:\/\/khogiaodienmau.net\/trumtheme\/?post_type=product&#038;p=1492"},"modified":"2023-04-27T13:59:42","modified_gmt":"2023-04-27T13:59:42","slug":"theme-wordpress-ban-son-moi-chuyen-nghiep-va-dep-mat","status":"publish","type":"product","link":"https:\/\/khogiaodienmau.net\/trumtheme\/themes\/theme-wordpress-ban-son-moi-chuyen-nghiep-va-dep-mat\/","title":{"rendered":"Theme WordPress b\u00e1n son m\u00f4i chuy\u00ean nghi\u1ec7p v\u00e0 \u0111\u1eb9p m\u1eaft"},"content":{"rendered":"","protected":false},"excerpt":{"rendered":"<p>V\u1edbi t\u00ednh n\u0103ng t\u1ed1i \u01b0u h\u00f3a SEO, theme WordPress b\u00e1n son m\u00f4i s\u1ebd gi\u00fap cho website c\u1ee7a b\u1ea1n \u0111\u01b0\u1ee3c t\u00ecm ki\u1ebfm d\u1ec5 d\u00e0ng tr\u00ean c\u00e1c c\u00f4ng c\u1ee5 t\u00ecm ki\u1ebfm nh\u01b0 Google, Bing, Yahoo, v.v.<\/p>\n","protected":false},"featured_media":1494,"comment_status":"open","ping_status":"closed","template":"","meta":[],"product_brand":[],"product_cat":[46,31,36],"product_tag":[],"class_list":{"0":"post-1492","1":"product","2":"type-product","3":"status-publish","4":"has-post-thumbnail","6":"product_cat-theme-hot","7":"product_cat-theme-wordpress-landing-page","8":"product_cat-theme-wordpress-my-pham","10":"first","11":"instock","12":"sale","13":"downloadable","14":"shipping-taxable","15":"purchasable","16":"product-type-simple"},"acf":[],"_links":{"self":[{"href":"https:\/\/khogiaodienmau.net\/trumtheme\/wp-json\/wp\/v2\/product\/1492"}],"collection":[{"href":"https:\/\/khogiaodienmau.net\/trumtheme\/wp-json\/wp\/v2\/product"}],"about":[{"href":"https:\/\/khogiaodienmau.net\/trumtheme\/wp-json\/wp\/v2\/types\/product"}],"replies":[{"embeddable":true,"href":"https:\/\/khogiaodienmau.net\/trumtheme\/wp-json\/wp\/v2\/comments?post=1492"}],"wp:featuredmedia":[{"embeddable":true,"href":"https:\/\/khogiaodienmau.net\/trumtheme\/wp-json\/wp\/v2\/media\/1494"}],"wp:attachment":[{"href":"https:\/\/khogiaodienmau.net\/trumtheme\/wp-json\/wp\/v2\/media?parent=1492"}],"wp:term":[{"taxonomy":"product_brand","embeddable":true,"href":"https:\/\/khogiaodienmau.net\/trumtheme\/wp-json\/wp\/v2\/product_brand?post=1492"},{"taxonomy":"product_cat","embeddable":true,"href":"https:\/\/khogiaodienmau.net\/trumtheme\/wp-json\/wp\/v2\/product_cat?post=1492"},{"taxonomy":"product_tag","embeddable":true,"href":"https:\/\/khogiaodienmau.net\/trumtheme\/wp-json\/wp\/v2\/product_tag?post=1492"}],"curies":[{"name":"wp","href":"https:\/\/api.w.org\/{rel}","templated":true}]}}