{"id":1467,"date":"2023-04-27T09:19:11","date_gmt":"2023-04-27T09:19:11","guid":{"rendered":"https:\/\/khogiaodienmau.net\/trumtheme\/?post_type=product&#038;p=1467"},"modified":"2023-04-27T09:33:53","modified_gmt":"2023-04-27T09:33:53","slug":"theme-wordpress-ban-dien-thoai-giong-tgdd","status":"publish","type":"product","link":"https:\/\/khogiaodienmau.net\/trumtheme\/themes\/theme-wordpress-ban-dien-thoai-giong-tgdd\/","title":{"rendered":"Theme wordpress b\u00e1n \u0111i\u1ec7n tho\u1ea1i gi\u1ed1ng tgdd"},"content":{"rendered":"","protected":false},"excerpt":{"rendered":"<p>Ch\u00fang t\u00f4i c\u0169ng cung c\u1ea5p c\u00e1c d\u1ecbch v\u1ee5 h\u1ed7 tr\u1ee3 t\u00f9y ch\u1ec9nh Theme, t\u1ed1i \u01b0u h\u00f3a SEO, c\u00e0i \u0111\u1eb7t v\u00e0 b\u1ea3o tr\u00ec trang web, gi\u00fap c\u00e1c ch\u1ee7 c\u1eeda h\u00e0ng ti\u1ebft ki\u1ec7m th\u1eddi gian v\u00e0 c\u00f4ng s\u1ee9c trong vi\u1ec7c qu\u1ea3n l\u00fd trang web c\u1ee7a m\u00ecnh.<\/p>\n","protected":false},"featured_media":1468,"comment_status":"open","ping_status":"closed","template":"","meta":[],"product_brand":[],"product_cat":[46,26,27],"product_tag":[],"class_list":{"0":"post-1467","1":"product","2":"type-product","3":"status-publish","4":"has-post-thumbnail","6":"product_cat-theme-hot","7":"product_cat-theme-wordpress-ban-hang","8":"product_cat-theme-wordpress-dien-may","10":"first","11":"instock","12":"sale","13":"downloadable","14":"shipping-taxable","15":"purchasable","16":"product-type-simple"},"acf":[],"_links":{"self":[{"href":"https:\/\/khogiaodienmau.net\/trumtheme\/wp-json\/wp\/v2\/product\/1467"}],"collection":[{"href":"https:\/\/khogiaodienmau.net\/trumtheme\/wp-json\/wp\/v2\/product"}],"about":[{"href":"https:\/\/khogiaodienmau.net\/trumtheme\/wp-json\/wp\/v2\/types\/product"}],"replies":[{"embeddable":true,"href":"https:\/\/khogiaodienmau.net\/trumtheme\/wp-json\/wp\/v2\/comments?post=1467"}],"wp:featuredmedia":[{"embeddable":true,"href":"https:\/\/khogiaodienmau.net\/trumtheme\/wp-json\/wp\/v2\/media\/1468"}],"wp:attachment":[{"href":"https:\/\/khogiaodienmau.net\/trumtheme\/wp-json\/wp\/v2\/media?parent=1467"}],"wp:term":[{"taxonomy":"product_brand","embeddable":true,"href":"https:\/\/khogiaodienmau.net\/trumtheme\/wp-json\/wp\/v2\/product_brand?post=1467"},{"taxonomy":"product_cat","embeddable":true,"href":"https:\/\/khogiaodienmau.net\/trumtheme\/wp-json\/wp\/v2\/product_cat?post=1467"},{"taxonomy":"product_tag","embeddable":true,"href":"https:\/\/khogiaodienmau.net\/trumtheme\/wp-json\/wp\/v2\/product_tag?post=1467"}],"curies":[{"name":"wp","href":"https:\/\/api.w.org\/{rel}","templated":true}]}}