{"id":1454,"date":"2023-04-27T07:33:15","date_gmt":"2023-04-27T07:33:15","guid":{"rendered":"https:\/\/khogiaodienmau.net\/trumtheme\/?post_type=product&#038;p=1454"},"modified":"2023-04-29T11:51:20","modified_gmt":"2023-04-29T11:51:20","slug":"theme-wordpress-shop-ban-nhuy-hoa-nghe-tay","status":"publish","type":"product","link":"https:\/\/khogiaodienmau.net\/trumtheme\/themes\/theme-wordpress-shop-ban-nhuy-hoa-nghe-tay\/","title":{"rendered":"Theme wordpress shop b\u00e1n Nh\u1ee5y hoa ngh\u1ec7 t\u00e2y"},"content":{"rendered":"","protected":false},"excerpt":{"rendered":"<p><strong>Theme WordPress Shop b\u00e1n Nh\u1ee5y hoa ngh\u1ec7 t\u00e2y<\/strong> l\u00e0 m\u1ed9t ch\u1ee7 \u0111\u1ec1 thi\u1ebft k\u1ebf chuy\u00ean d\u1ee5ng cho c\u00e1c trang web b\u00e1n l\u1ebb tr\u1ef1c tuy\u1ebfn nh\u1eb1m m\u1ee5c \u0111\u00edch gi\u1edbi thi\u1ec7u v\u00e0 b\u00e1n c\u00e1c s\u1ea3n ph\u1ea9m t\u1eeb nh\u1ee5y hoa ngh\u1ec7 t\u00e2y<\/p>\n","protected":false},"featured_media":1455,"comment_status":"open","ping_status":"closed","template":"","meta":[],"product_brand":[],"product_cat":[26,50,32],"product_tag":[],"class_list":{"0":"post-1454","1":"product","2":"type-product","3":"status-publish","4":"has-post-thumbnail","6":"product_cat-theme-wordpress-ban-hang","7":"product_cat-theme-wordpress-gioi-thieu-cong-ty","8":"product_cat-theme-wordpress-thuc-pham","10":"first","11":"instock","12":"sale","13":"downloadable","14":"shipping-taxable","15":"purchasable","16":"product-type-simple"},"acf":[],"_links":{"self":[{"href":"https:\/\/khogiaodienmau.net\/trumtheme\/wp-json\/wp\/v2\/product\/1454"}],"collection":[{"href":"https:\/\/khogiaodienmau.net\/trumtheme\/wp-json\/wp\/v2\/product"}],"about":[{"href":"https:\/\/khogiaodienmau.net\/trumtheme\/wp-json\/wp\/v2\/types\/product"}],"replies":[{"embeddable":true,"href":"https:\/\/khogiaodienmau.net\/trumtheme\/wp-json\/wp\/v2\/comments?post=1454"}],"wp:featuredmedia":[{"embeddable":true,"href":"https:\/\/khogiaodienmau.net\/trumtheme\/wp-json\/wp\/v2\/media\/1455"}],"wp:attachment":[{"href":"https:\/\/khogiaodienmau.net\/trumtheme\/wp-json\/wp\/v2\/media?parent=1454"}],"wp:term":[{"taxonomy":"product_brand","embeddable":true,"href":"https:\/\/khogiaodienmau.net\/trumtheme\/wp-json\/wp\/v2\/product_brand?post=1454"},{"taxonomy":"product_cat","embeddable":true,"href":"https:\/\/khogiaodienmau.net\/trumtheme\/wp-json\/wp\/v2\/product_cat?post=1454"},{"taxonomy":"product_tag","embeddable":true,"href":"https:\/\/khogiaodienmau.net\/trumtheme\/wp-json\/wp\/v2\/product_tag?post=1454"}],"curies":[{"name":"wp","href":"https:\/\/api.w.org\/{rel}","templated":true}]}}