{"id":1451,"date":"2023-04-27T06:19:12","date_gmt":"2023-04-27T06:19:12","guid":{"rendered":"https:\/\/khogiaodienmau.net\/trumtheme\/?post_type=product&#038;p=1451"},"modified":"2023-07-19T16:21:47","modified_gmt":"2023-07-19T16:21:47","slug":"theme-wordpress-do-choi-xe-hoi","status":"publish","type":"product","link":"https:\/\/khogiaodienmau.net\/trumtheme\/themes\/theme-wordpress-do-choi-xe-hoi\/","title":{"rendered":"Theme wordpress \u0111\u1ed3 ch\u01a1i xe h\u01a1i"},"content":{"rendered":"","protected":false},"excerpt":{"rendered":"<p><strong>Theme WordPress \u0111\u1ed3 ch\u01a1i xe h\u01a1i<\/strong> l\u00e0 m\u1ed9t s\u1ea3n ph\u1ea9m chuy\u00ean bi\u1ec7t \u0111\u01b0\u1ee3c thi\u1ebft k\u1ebf d\u00e0nh ri\u00eang cho c\u00e1c c\u1eeda h\u00e0ng, doanh nghi\u1ec7p b\u00e1n \u0111\u1ed3 ch\u01a1i xe h\u01a1i ho\u1eb7c c\u00e1c trang web chuy\u00ean v\u1ec1 xe h\u01a1i.<\/p>\n","protected":false},"featured_media":1452,"comment_status":"open","ping_status":"closed","template":"","meta":[],"product_brand":[],"product_cat":[26,50],"product_tag":[],"class_list":{"0":"post-1451","1":"product","2":"type-product","3":"status-publish","4":"has-post-thumbnail","6":"product_cat-theme-wordpress-ban-hang","7":"product_cat-theme-wordpress-gioi-thieu-cong-ty","9":"first","10":"instock","11":"sale","12":"downloadable","13":"shipping-taxable","14":"purchasable","15":"product-type-simple"},"acf":[],"_links":{"self":[{"href":"https:\/\/khogiaodienmau.net\/trumtheme\/wp-json\/wp\/v2\/product\/1451"}],"collection":[{"href":"https:\/\/khogiaodienmau.net\/trumtheme\/wp-json\/wp\/v2\/product"}],"about":[{"href":"https:\/\/khogiaodienmau.net\/trumtheme\/wp-json\/wp\/v2\/types\/product"}],"replies":[{"embeddable":true,"href":"https:\/\/khogiaodienmau.net\/trumtheme\/wp-json\/wp\/v2\/comments?post=1451"}],"wp:featuredmedia":[{"embeddable":true,"href":"https:\/\/khogiaodienmau.net\/trumtheme\/wp-json\/wp\/v2\/media\/1452"}],"wp:attachment":[{"href":"https:\/\/khogiaodienmau.net\/trumtheme\/wp-json\/wp\/v2\/media?parent=1451"}],"wp:term":[{"taxonomy":"product_brand","embeddable":true,"href":"https:\/\/khogiaodienmau.net\/trumtheme\/wp-json\/wp\/v2\/product_brand?post=1451"},{"taxonomy":"product_cat","embeddable":true,"href":"https:\/\/khogiaodienmau.net\/trumtheme\/wp-json\/wp\/v2\/product_cat?post=1451"},{"taxonomy":"product_tag","embeddable":true,"href":"https:\/\/khogiaodienmau.net\/trumtheme\/wp-json\/wp\/v2\/product_tag?post=1451"}],"curies":[{"name":"wp","href":"https:\/\/api.w.org\/{rel}","templated":true}]}}