{"id":1436,"date":"2023-04-26T18:05:49","date_gmt":"2023-04-26T18:05:49","guid":{"rendered":"https:\/\/khogiaodienmau.net\/trumtheme\/?post_type=product&#038;p=1436"},"modified":"2023-07-21T17:50:46","modified_gmt":"2023-07-21T17:50:46","slug":"theme-wordpress-dich-vu-thue-xe-o-to","status":"publish","type":"product","link":"https:\/\/khogiaodienmau.net\/trumtheme\/themes\/theme-wordpress-dich-vu-thue-xe-o-to\/","title":{"rendered":"Theme wordpress d\u1ecbch v\u1ee5 thu\u00ea xe \u00f4 t\u00f4 &#8211; thu\u00ea xe 4"},"content":{"rendered":"","protected":false},"excerpt":{"rendered":"<p>Theme WordPress d\u1ecbch v\u1ee5 thu\u00ea xe \u00f4 t\u00f4 l\u00e0 m\u1ed9t ch\u1ee7 \u0111\u1ec1 tuy\u1ec7t v\u1eddi \u0111\u1ec3 x\u00e2y d\u1ef1ng trang web cho doanh nghi\u1ec7p cho thu\u00ea xe c\u1ee7a b\u1ea1n.<\/p>\n","protected":false},"featured_media":1437,"comment_status":"open","ping_status":"closed","template":"","meta":[],"product_brand":[],"product_cat":[45],"product_tag":[],"class_list":{"0":"post-1436","1":"product","2":"type-product","3":"status-publish","4":"has-post-thumbnail","6":"product_cat-theme-wordpress-cho-thue-xe-taxi","8":"first","9":"instock","10":"sale","11":"downloadable","12":"shipping-taxable","13":"purchasable","14":"product-type-simple"},"acf":[],"_links":{"self":[{"href":"https:\/\/khogiaodienmau.net\/trumtheme\/wp-json\/wp\/v2\/product\/1436"}],"collection":[{"href":"https:\/\/khogiaodienmau.net\/trumtheme\/wp-json\/wp\/v2\/product"}],"about":[{"href":"https:\/\/khogiaodienmau.net\/trumtheme\/wp-json\/wp\/v2\/types\/product"}],"replies":[{"embeddable":true,"href":"https:\/\/khogiaodienmau.net\/trumtheme\/wp-json\/wp\/v2\/comments?post=1436"}],"wp:featuredmedia":[{"embeddable":true,"href":"https:\/\/khogiaodienmau.net\/trumtheme\/wp-json\/wp\/v2\/media\/1437"}],"wp:attachment":[{"href":"https:\/\/khogiaodienmau.net\/trumtheme\/wp-json\/wp\/v2\/media?parent=1436"}],"wp:term":[{"taxonomy":"product_brand","embeddable":true,"href":"https:\/\/khogiaodienmau.net\/trumtheme\/wp-json\/wp\/v2\/product_brand?post=1436"},{"taxonomy":"product_cat","embeddable":true,"href":"https:\/\/khogiaodienmau.net\/trumtheme\/wp-json\/wp\/v2\/product_cat?post=1436"},{"taxonomy":"product_tag","embeddable":true,"href":"https:\/\/khogiaodienmau.net\/trumtheme\/wp-json\/wp\/v2\/product_tag?post=1436"}],"curies":[{"name":"wp","href":"https:\/\/api.w.org\/{rel}","templated":true}]}}