{"id":1431,"date":"2023-04-26T17:42:52","date_gmt":"2023-04-26T17:42:52","guid":{"rendered":"https:\/\/khogiaodienmau.net\/trumtheme\/?post_type=product&#038;p=1431"},"modified":"2023-04-26T17:51:25","modified_gmt":"2023-04-26T17:51:25","slug":"theme-wordpress-cho-thue-xe-may-chuan-seo","status":"publish","type":"product","link":"https:\/\/khogiaodienmau.net\/trumtheme\/themes\/theme-wordpress-cho-thue-xe-may-chuan-seo\/","title":{"rendered":"Theme wordpress cho thu\u00ea xe m\u00e1y chu\u1ea9n seo"},"content":{"rendered":"","protected":false},"excerpt":{"rendered":"<p>Theme WordPress Cho Thu\u00ea Xe M\u00e1y \u0111\u01b0\u1ee3c thi\u1ebft k\u1ebf \u0111\u1ec3 c\u00f3 t\u00ednh di \u0111\u1ed9ng th\u00e2n thi\u1ec7n, t\u1ee9c l\u00e0 trang web c\u1ee7a b\u1ea1n s\u1ebd hi\u1ec3n th\u1ecb t\u1ed1t tr\u00ean c\u00e1c thi\u1ebft b\u1ecb di \u0111\u1ed9ng nh\u01b0 \u0111i\u1ec7n tho\u1ea1i th\u00f4ng minh v\u00e0 m\u00e1y t\u00ednh b\u1ea3ng<\/p>\n","protected":false},"featured_media":1432,"comment_status":"open","ping_status":"closed","template":"","meta":[],"product_brand":[],"product_cat":[45],"product_tag":[],"class_list":{"0":"post-1431","1":"product","2":"type-product","3":"status-publish","4":"has-post-thumbnail","6":"product_cat-theme-wordpress-cho-thue-xe-taxi","8":"first","9":"instock","10":"sale","11":"downloadable","12":"shipping-taxable","13":"purchasable","14":"product-type-simple"},"acf":[],"_links":{"self":[{"href":"https:\/\/khogiaodienmau.net\/trumtheme\/wp-json\/wp\/v2\/product\/1431"}],"collection":[{"href":"https:\/\/khogiaodienmau.net\/trumtheme\/wp-json\/wp\/v2\/product"}],"about":[{"href":"https:\/\/khogiaodienmau.net\/trumtheme\/wp-json\/wp\/v2\/types\/product"}],"replies":[{"embeddable":true,"href":"https:\/\/khogiaodienmau.net\/trumtheme\/wp-json\/wp\/v2\/comments?post=1431"}],"wp:featuredmedia":[{"embeddable":true,"href":"https:\/\/khogiaodienmau.net\/trumtheme\/wp-json\/wp\/v2\/media\/1432"}],"wp:attachment":[{"href":"https:\/\/khogiaodienmau.net\/trumtheme\/wp-json\/wp\/v2\/media?parent=1431"}],"wp:term":[{"taxonomy":"product_brand","embeddable":true,"href":"https:\/\/khogiaodienmau.net\/trumtheme\/wp-json\/wp\/v2\/product_brand?post=1431"},{"taxonomy":"product_cat","embeddable":true,"href":"https:\/\/khogiaodienmau.net\/trumtheme\/wp-json\/wp\/v2\/product_cat?post=1431"},{"taxonomy":"product_tag","embeddable":true,"href":"https:\/\/khogiaodienmau.net\/trumtheme\/wp-json\/wp\/v2\/product_tag?post=1431"}],"curies":[{"name":"wp","href":"https:\/\/api.w.org\/{rel}","templated":true}]}}