{"id":1410,"date":"2023-04-26T13:23:31","date_gmt":"2023-04-26T13:23:31","guid":{"rendered":"https:\/\/khogiaodienmau.net\/trumtheme\/?post_type=product&#038;p=1410"},"modified":"2023-11-19T16:59:40","modified_gmt":"2023-11-19T16:59:40","slug":"theme-wordpress-cong-ty-co-khi-dep-chuan-seo","status":"publish","type":"product","link":"https:\/\/khogiaodienmau.net\/trumtheme\/themes\/theme-wordpress-cong-ty-co-khi-dep-chuan-seo\/","title":{"rendered":"Theme wordpress c\u00f4ng ty m\u00e1y c\u1eaft c\u01a1 kh\u00ed \u0111\u1eb9p chu\u1ea9n seo"},"content":{"rendered":"","protected":false},"excerpt":{"rendered":"<p><strong>Theme WordPress c\u00f4ng ty c\u01a1 kh\u00ed<\/strong> kh\u00f4ng ch\u1ec9 mang l\u1ea1i giao di\u1ec7n b\u1eaft m\u1eaft, ti\u1ec7n \u00edch linh ho\u1ea1t m\u00e0 c\u00f2n t\u00edch h\u1ee3p c\u00e1c t\u00ednh n\u0103ng qu\u1ea3n l\u00fd s\u1ea3n ph\u1ea9m, \u0111\u01a1n h\u00e0ng, b\u00e1o gi\u00e1 v\u00e0 th\u00f4ng tin li\u00ean h\u1ec7<\/p>\n","protected":false},"featured_media":1411,"comment_status":"open","ping_status":"closed","template":"","meta":[],"product_brand":[],"product_cat":[26,56,50],"product_tag":[63,62,61],"class_list":{"0":"post-1410","1":"product","2":"type-product","3":"status-publish","4":"has-post-thumbnail","6":"product_cat-theme-wordpress-ban-hang","7":"product_cat-theme-wordpress-co-khi","8":"product_cat-theme-wordpress-gioi-thieu-cong-ty","9":"product_tag-genma","10":"product_tag-mat-cat","11":"product_tag-may-cong-nghiep","13":"first","14":"instock","15":"sale","16":"downloadable","17":"shipping-taxable","18":"purchasable","19":"product-type-simple"},"acf":[],"_links":{"self":[{"href":"https:\/\/khogiaodienmau.net\/trumtheme\/wp-json\/wp\/v2\/product\/1410"}],"collection":[{"href":"https:\/\/khogiaodienmau.net\/trumtheme\/wp-json\/wp\/v2\/product"}],"about":[{"href":"https:\/\/khogiaodienmau.net\/trumtheme\/wp-json\/wp\/v2\/types\/product"}],"replies":[{"embeddable":true,"href":"https:\/\/khogiaodienmau.net\/trumtheme\/wp-json\/wp\/v2\/comments?post=1410"}],"wp:featuredmedia":[{"embeddable":true,"href":"https:\/\/khogiaodienmau.net\/trumtheme\/wp-json\/wp\/v2\/media\/1411"}],"wp:attachment":[{"href":"https:\/\/khogiaodienmau.net\/trumtheme\/wp-json\/wp\/v2\/media?parent=1410"}],"wp:term":[{"taxonomy":"product_brand","embeddable":true,"href":"https:\/\/khogiaodienmau.net\/trumtheme\/wp-json\/wp\/v2\/product_brand?post=1410"},{"taxonomy":"product_cat","embeddable":true,"href":"https:\/\/khogiaodienmau.net\/trumtheme\/wp-json\/wp\/v2\/product_cat?post=1410"},{"taxonomy":"product_tag","embeddable":true,"href":"https:\/\/khogiaodienmau.net\/trumtheme\/wp-json\/wp\/v2\/product_tag?post=1410"}],"curies":[{"name":"wp","href":"https:\/\/api.w.org\/{rel}","templated":true}]}}