{"id":1373,"date":"2023-04-24T18:43:56","date_gmt":"2023-04-24T18:43:56","guid":{"rendered":"https:\/\/khogiaodienmau.net\/trumtheme\/?post_type=product&#038;p=1373"},"modified":"2023-04-24T18:58:42","modified_gmt":"2023-04-24T18:58:42","slug":"theme-wordpress-shop-ban-giay-gia-re","status":"publish","type":"product","link":"https:\/\/khogiaodienmau.net\/trumtheme\/themes\/theme-wordpress-shop-ban-giay-gia-re\/","title":{"rendered":"Theme wordpress shop b\u00e1n gi\u00e0y gi\u00e1 r\u1ebb"},"content":{"rendered":"","protected":false},"excerpt":{"rendered":"<p>H\u00e3y \u0111\u0103ng k\u00fd mua theme WordPress Shop B\u00e1n Gi\u00e0y ngay h\u00f4m nay t\u1ea1i c\u00e1c trang web b\u00e1n theme uy t\u00edn \u0111\u1ec3 mang \u0111\u1ebfn cho trang web c\u1ee7a b\u1ea1n m\u1ed9t giao di\u1ec7n chuy\u00ean nghi\u1ec7p v\u00e0 thu h\u00fat kh\u00e1ch h\u00e0ng h\u01a1n bao gi\u1edd h\u1ebft.<\/p>\n","protected":false},"featured_media":1374,"comment_status":"open","ping_status":"closed","template":"","meta":[],"product_brand":[],"product_cat":[26,35],"product_tag":[],"class_list":{"0":"post-1373","1":"product","2":"type-product","3":"status-publish","4":"has-post-thumbnail","6":"product_cat-theme-wordpress-ban-hang","7":"product_cat-theme-wordpress-thoi-trang","9":"first","10":"instock","11":"sale","12":"downloadable","13":"shipping-taxable","14":"purchasable","15":"product-type-simple"},"acf":[],"_links":{"self":[{"href":"https:\/\/khogiaodienmau.net\/trumtheme\/wp-json\/wp\/v2\/product\/1373"}],"collection":[{"href":"https:\/\/khogiaodienmau.net\/trumtheme\/wp-json\/wp\/v2\/product"}],"about":[{"href":"https:\/\/khogiaodienmau.net\/trumtheme\/wp-json\/wp\/v2\/types\/product"}],"replies":[{"embeddable":true,"href":"https:\/\/khogiaodienmau.net\/trumtheme\/wp-json\/wp\/v2\/comments?post=1373"}],"wp:featuredmedia":[{"embeddable":true,"href":"https:\/\/khogiaodienmau.net\/trumtheme\/wp-json\/wp\/v2\/media\/1374"}],"wp:attachment":[{"href":"https:\/\/khogiaodienmau.net\/trumtheme\/wp-json\/wp\/v2\/media?parent=1373"}],"wp:term":[{"taxonomy":"product_brand","embeddable":true,"href":"https:\/\/khogiaodienmau.net\/trumtheme\/wp-json\/wp\/v2\/product_brand?post=1373"},{"taxonomy":"product_cat","embeddable":true,"href":"https:\/\/khogiaodienmau.net\/trumtheme\/wp-json\/wp\/v2\/product_cat?post=1373"},{"taxonomy":"product_tag","embeddable":true,"href":"https:\/\/khogiaodienmau.net\/trumtheme\/wp-json\/wp\/v2\/product_tag?post=1373"}],"curies":[{"name":"wp","href":"https:\/\/api.w.org\/{rel}","templated":true}]}}