{"id":1359,"date":"2023-04-24T16:11:51","date_gmt":"2023-04-24T16:11:51","guid":{"rendered":"https:\/\/khogiaodienmau.net\/trumtheme\/?post_type=product&#038;p=1359"},"modified":"2023-04-24T18:16:22","modified_gmt":"2023-04-24T18:16:22","slug":"theme-wordpress-nha-thuoc-giao-dien-dep-chuan-seo","status":"publish","type":"product","link":"https:\/\/khogiaodienmau.net\/trumtheme\/themes\/theme-wordpress-nha-thuoc-giao-dien-dep-chuan-seo\/","title":{"rendered":"Theme WordPress nh\u00e0 thu\u1ed1c giao di\u1ec7n \u0111\u1eb9p , chu\u1ea9n seo"},"content":{"rendered":"","protected":false},"excerpt":{"rendered":"<p>Themewpgiare.com cung c\u1ea5p cho b\u1ea1n m\u1ed9t lo\u1ea1t c\u00e1c theme WordPress nh\u00e0 thu\u1ed1c v\u1edbi nhi\u1ec1u t\u00ednh n\u0103ng v\u00e0 thi\u1ebft k\u1ebf kh\u00e1c nhau, gi\u00fap b\u1ea1n c\u00f3 th\u1ec3 t\u00f9y ch\u1ec9nh trang web c\u1ee7a m\u00ecnh theo phong c\u00e1ch ri\u00eang c\u1ee7a m\u00ecnh.<\/p>\n","protected":false},"featured_media":1363,"comment_status":"open","ping_status":"closed","template":"","meta":[],"product_brand":[],"product_cat":[46,53,26],"product_tag":[],"class_list":{"0":"post-1359","1":"product","2":"type-product","3":"status-publish","4":"has-post-thumbnail","6":"product_cat-theme-hot","7":"product_cat-theme-word-press-y-te-suc-khoe","8":"product_cat-theme-wordpress-ban-hang","10":"first","11":"instock","12":"sale","13":"downloadable","14":"shipping-taxable","15":"purchasable","16":"product-type-simple"},"acf":[],"_links":{"self":[{"href":"https:\/\/khogiaodienmau.net\/trumtheme\/wp-json\/wp\/v2\/product\/1359"}],"collection":[{"href":"https:\/\/khogiaodienmau.net\/trumtheme\/wp-json\/wp\/v2\/product"}],"about":[{"href":"https:\/\/khogiaodienmau.net\/trumtheme\/wp-json\/wp\/v2\/types\/product"}],"replies":[{"embeddable":true,"href":"https:\/\/khogiaodienmau.net\/trumtheme\/wp-json\/wp\/v2\/comments?post=1359"}],"wp:featuredmedia":[{"embeddable":true,"href":"https:\/\/khogiaodienmau.net\/trumtheme\/wp-json\/wp\/v2\/media\/1363"}],"wp:attachment":[{"href":"https:\/\/khogiaodienmau.net\/trumtheme\/wp-json\/wp\/v2\/media?parent=1359"}],"wp:term":[{"taxonomy":"product_brand","embeddable":true,"href":"https:\/\/khogiaodienmau.net\/trumtheme\/wp-json\/wp\/v2\/product_brand?post=1359"},{"taxonomy":"product_cat","embeddable":true,"href":"https:\/\/khogiaodienmau.net\/trumtheme\/wp-json\/wp\/v2\/product_cat?post=1359"},{"taxonomy":"product_tag","embeddable":true,"href":"https:\/\/khogiaodienmau.net\/trumtheme\/wp-json\/wp\/v2\/product_tag?post=1359"}],"curies":[{"name":"wp","href":"https:\/\/api.w.org\/{rel}","templated":true}]}}