{"id":1325,"date":"2023-04-23T18:54:13","date_gmt":"2023-04-23T18:54:13","guid":{"rendered":"https:\/\/khogiaodienmau.net\/trumtheme\/?post_type=product&#038;p=1325"},"modified":"2023-04-23T19:11:04","modified_gmt":"2023-04-23T19:11:04","slug":"theme-wordpress-nha-hang-tiec-cuoi","status":"publish","type":"product","link":"https:\/\/khogiaodienmau.net\/trumtheme\/themes\/theme-wordpress-nha-hang-tiec-cuoi\/","title":{"rendered":"Theme wordpress nh\u00e0 h\u00e0ng ti\u1ec7c c\u01b0\u1edbi"},"content":{"rendered":"","protected":false},"excerpt":{"rendered":"<p>Ch\u1ee7 \u0111\u1ec1 WordPress Nh\u00e0 h\u00e0ng ti\u1ec7c c\u01b0\u1edbi \u0111\u01b0\u1ee3c cung c\u1ea5p b\u1edfi Themewpgiare.com l\u00e0 m\u1ed9t trong nh\u1eefng ch\u1ee7 \u0111\u1ec1 \u0111\u1eb9p v\u00e0 chuy\u00ean nghi\u1ec7p nh\u1ea5t d\u00e0nh cho c\u00e1c nh\u00e0 h\u00e0ng v\u00e0 \u0111\u1ecba \u0111i\u1ec3m t\u1ed5 ch\u1ee9c ti\u1ec7c c\u01b0\u1edbi.<\/p>\n","protected":false},"featured_media":1326,"comment_status":"open","ping_status":"closed","template":"","meta":[],"product_brand":[],"product_cat":[50,43],"product_tag":[],"class_list":{"0":"post-1325","1":"product","2":"type-product","3":"status-publish","4":"has-post-thumbnail","6":"product_cat-theme-wordpress-gioi-thieu-cong-ty","7":"product_cat-theme-wordpress-nha-hang","9":"first","10":"instock","11":"sale","12":"downloadable","13":"shipping-taxable","14":"purchasable","15":"product-type-simple"},"acf":[],"_links":{"self":[{"href":"https:\/\/khogiaodienmau.net\/trumtheme\/wp-json\/wp\/v2\/product\/1325"}],"collection":[{"href":"https:\/\/khogiaodienmau.net\/trumtheme\/wp-json\/wp\/v2\/product"}],"about":[{"href":"https:\/\/khogiaodienmau.net\/trumtheme\/wp-json\/wp\/v2\/types\/product"}],"replies":[{"embeddable":true,"href":"https:\/\/khogiaodienmau.net\/trumtheme\/wp-json\/wp\/v2\/comments?post=1325"}],"wp:featuredmedia":[{"embeddable":true,"href":"https:\/\/khogiaodienmau.net\/trumtheme\/wp-json\/wp\/v2\/media\/1326"}],"wp:attachment":[{"href":"https:\/\/khogiaodienmau.net\/trumtheme\/wp-json\/wp\/v2\/media?parent=1325"}],"wp:term":[{"taxonomy":"product_brand","embeddable":true,"href":"https:\/\/khogiaodienmau.net\/trumtheme\/wp-json\/wp\/v2\/product_brand?post=1325"},{"taxonomy":"product_cat","embeddable":true,"href":"https:\/\/khogiaodienmau.net\/trumtheme\/wp-json\/wp\/v2\/product_cat?post=1325"},{"taxonomy":"product_tag","embeddable":true,"href":"https:\/\/khogiaodienmau.net\/trumtheme\/wp-json\/wp\/v2\/product_tag?post=1325"}],"curies":[{"name":"wp","href":"https:\/\/api.w.org\/{rel}","templated":true}]}}