{"id":1314,"date":"2023-04-23T16:54:05","date_gmt":"2023-04-23T16:54:05","guid":{"rendered":"https:\/\/khogiaodienmau.net\/trumtheme\/?post_type=product&#038;p=1314"},"modified":"2023-11-24T17:39:03","modified_gmt":"2023-11-24T17:39:03","slug":"theme-wordpress-ban-hang-dien-nuoc","status":"publish","type":"product","link":"https:\/\/khogiaodienmau.net\/trumtheme\/themes\/theme-wordpress-ban-hang-dien-nuoc\/","title":{"rendered":"Theme wordpress b\u00e1n h\u00e0ng \u0111i\u1ec7n n\u01b0\u1edbc b\u1ed3n n\u01b0\u1edbc"},"content":{"rendered":"","protected":false},"excerpt":{"rendered":"<p>Themewpgiare.com l\u00e0 m\u1ed9t trang web chuy\u00ean cung c\u1ea5p c\u00e1c theme WordPress chuy\u00ean d\u1ee5ng cho c\u00e1c trang web b\u00e1n h\u00e0ng \u0111i\u1ec7n n\u01b0\u1edbc, \u0111em \u0111\u1ebfn cho kh\u00e1ch h\u00e0ng c\u1ee7a m\u00ecnh c\u00e1c s\u1ea3n ph\u1ea9m ch\u1ea5t l\u01b0\u1ee3ng, \u0111a d\u1ea1ng v\u00e0 \u0111\u00e1ng tin c\u1eady.<\/p>\n","protected":false},"featured_media":1316,"comment_status":"open","ping_status":"closed","template":"","meta":[],"product_brand":[],"product_cat":[46,26,54],"product_tag":[],"class_list":{"0":"post-1314","1":"product","2":"type-product","3":"status-publish","4":"has-post-thumbnail","6":"product_cat-theme-hot","7":"product_cat-theme-wordpress-ban-hang","8":"product_cat-theme-wordpress-dien-nuoc","10":"first","11":"instock","12":"sale","13":"downloadable","14":"shipping-taxable","15":"purchasable","16":"product-type-simple"},"acf":[],"_links":{"self":[{"href":"https:\/\/khogiaodienmau.net\/trumtheme\/wp-json\/wp\/v2\/product\/1314"}],"collection":[{"href":"https:\/\/khogiaodienmau.net\/trumtheme\/wp-json\/wp\/v2\/product"}],"about":[{"href":"https:\/\/khogiaodienmau.net\/trumtheme\/wp-json\/wp\/v2\/types\/product"}],"replies":[{"embeddable":true,"href":"https:\/\/khogiaodienmau.net\/trumtheme\/wp-json\/wp\/v2\/comments?post=1314"}],"wp:featuredmedia":[{"embeddable":true,"href":"https:\/\/khogiaodienmau.net\/trumtheme\/wp-json\/wp\/v2\/media\/1316"}],"wp:attachment":[{"href":"https:\/\/khogiaodienmau.net\/trumtheme\/wp-json\/wp\/v2\/media?parent=1314"}],"wp:term":[{"taxonomy":"product_brand","embeddable":true,"href":"https:\/\/khogiaodienmau.net\/trumtheme\/wp-json\/wp\/v2\/product_brand?post=1314"},{"taxonomy":"product_cat","embeddable":true,"href":"https:\/\/khogiaodienmau.net\/trumtheme\/wp-json\/wp\/v2\/product_cat?post=1314"},{"taxonomy":"product_tag","embeddable":true,"href":"https:\/\/khogiaodienmau.net\/trumtheme\/wp-json\/wp\/v2\/product_tag?post=1314"}],"curies":[{"name":"wp","href":"https:\/\/api.w.org\/{rel}","templated":true}]}}