{"id":1300,"date":"2023-04-23T05:20:11","date_gmt":"2023-04-23T05:20:11","guid":{"rendered":"https:\/\/khogiaodienmau.net\/trumtheme\/?post_type=product&#038;p=1300"},"modified":"2023-04-23T05:35:35","modified_gmt":"2023-04-23T05:35:35","slug":"theme-wordpress-xuong-da-my-nghe","status":"publish","type":"product","link":"https:\/\/khogiaodienmau.net\/trumtheme\/themes\/theme-wordpress-xuong-da-my-nghe\/","title":{"rendered":"Theme wordpress x\u01b0\u1edfng \u0111\u00e1 m\u1ef9 ngh\u1ec7"},"content":{"rendered":"","protected":false},"excerpt":{"rendered":"<p>Theme x\u01b0\u1ee1ng \u0111\u00e1 m\u1ef9 ngh\u1ec7 c\u0169ng cung c\u1ea5p cho b\u1ea1n nhi\u1ec1u l\u1ef1a ch\u1ecdn t\u00f9y ch\u1ec9nh kh\u00e1c nhau cho giao di\u1ec7n s\u1ea3n ph\u1ea9m, gi\u00fap b\u1ea1n hi\u1ec3n th\u1ecb s\u1ea3n ph\u1ea9m m\u1ed9t c\u00e1ch \u0111\u1eb9p m\u1eaft v\u00e0 thu h\u00fat kh\u00e1ch h\u00e0ng.<\/p>\n","protected":false},"featured_media":1301,"comment_status":"open","ping_status":"closed","template":"","meta":[],"product_brand":[],"product_cat":[46,50,39,33],"product_tag":[],"class_list":{"0":"post-1300","1":"product","2":"type-product","3":"status-publish","4":"has-post-thumbnail","6":"product_cat-theme-hot","7":"product_cat-theme-wordpress-gioi-thieu-cong-ty","8":"product_cat-theme-wordpress-noi-that","9":"product_cat-theme-wordpress-xay-dung","11":"first","12":"instock","13":"sale","14":"downloadable","15":"shipping-taxable","16":"purchasable","17":"product-type-simple"},"acf":[],"_links":{"self":[{"href":"https:\/\/khogiaodienmau.net\/trumtheme\/wp-json\/wp\/v2\/product\/1300"}],"collection":[{"href":"https:\/\/khogiaodienmau.net\/trumtheme\/wp-json\/wp\/v2\/product"}],"about":[{"href":"https:\/\/khogiaodienmau.net\/trumtheme\/wp-json\/wp\/v2\/types\/product"}],"replies":[{"embeddable":true,"href":"https:\/\/khogiaodienmau.net\/trumtheme\/wp-json\/wp\/v2\/comments?post=1300"}],"wp:featuredmedia":[{"embeddable":true,"href":"https:\/\/khogiaodienmau.net\/trumtheme\/wp-json\/wp\/v2\/media\/1301"}],"wp:attachment":[{"href":"https:\/\/khogiaodienmau.net\/trumtheme\/wp-json\/wp\/v2\/media?parent=1300"}],"wp:term":[{"taxonomy":"product_brand","embeddable":true,"href":"https:\/\/khogiaodienmau.net\/trumtheme\/wp-json\/wp\/v2\/product_brand?post=1300"},{"taxonomy":"product_cat","embeddable":true,"href":"https:\/\/khogiaodienmau.net\/trumtheme\/wp-json\/wp\/v2\/product_cat?post=1300"},{"taxonomy":"product_tag","embeddable":true,"href":"https:\/\/khogiaodienmau.net\/trumtheme\/wp-json\/wp\/v2\/product_tag?post=1300"}],"curies":[{"name":"wp","href":"https:\/\/api.w.org\/{rel}","templated":true}]}}