{"id":1297,"date":"2023-04-23T04:47:39","date_gmt":"2023-04-23T04:47:39","guid":{"rendered":"https:\/\/khogiaodienmau.net\/trumtheme\/?post_type=product&#038;p=1297"},"modified":"2023-04-23T04:58:57","modified_gmt":"2023-04-23T04:58:57","slug":"theme-wordpress-ban-den-chum","status":"publish","type":"product","link":"https:\/\/khogiaodienmau.net\/trumtheme\/themes\/theme-wordpress-ban-den-chum\/","title":{"rendered":"Theme wordpress b\u00e1n \u0111\u00e8n ch\u00f9m"},"content":{"rendered":"","protected":false},"excerpt":{"rendered":"<p>N\u1ebfu b\u1ea1n \u0111ang c\u00f3 \u00fd \u0111\u1ecbnh kinh doanh b\u00e1n \u0111\u00e8n ch\u00f9m tr\u1ef1c tuy\u1ebfn, th\u00ec theme wp b\u00e1n \u0111\u00e8n ch\u00f9m l\u00e0 m\u1ed9t l\u1ef1a ch\u1ecdn tuy\u1ec7t v\u1eddi \u0111\u1ec3 b\u1eaft \u0111\u1ea7u.<\/p>\n","protected":false},"featured_media":1298,"comment_status":"open","ping_status":"closed","template":"","meta":[],"product_brand":[],"product_cat":[26,27],"product_tag":[],"class_list":{"0":"post-1297","1":"product","2":"type-product","3":"status-publish","4":"has-post-thumbnail","6":"product_cat-theme-wordpress-ban-hang","7":"product_cat-theme-wordpress-dien-may","9":"first","10":"instock","11":"sale","12":"downloadable","13":"shipping-taxable","14":"purchasable","15":"product-type-simple"},"acf":[],"_links":{"self":[{"href":"https:\/\/khogiaodienmau.net\/trumtheme\/wp-json\/wp\/v2\/product\/1297"}],"collection":[{"href":"https:\/\/khogiaodienmau.net\/trumtheme\/wp-json\/wp\/v2\/product"}],"about":[{"href":"https:\/\/khogiaodienmau.net\/trumtheme\/wp-json\/wp\/v2\/types\/product"}],"replies":[{"embeddable":true,"href":"https:\/\/khogiaodienmau.net\/trumtheme\/wp-json\/wp\/v2\/comments?post=1297"}],"wp:featuredmedia":[{"embeddable":true,"href":"https:\/\/khogiaodienmau.net\/trumtheme\/wp-json\/wp\/v2\/media\/1298"}],"wp:attachment":[{"href":"https:\/\/khogiaodienmau.net\/trumtheme\/wp-json\/wp\/v2\/media?parent=1297"}],"wp:term":[{"taxonomy":"product_brand","embeddable":true,"href":"https:\/\/khogiaodienmau.net\/trumtheme\/wp-json\/wp\/v2\/product_brand?post=1297"},{"taxonomy":"product_cat","embeddable":true,"href":"https:\/\/khogiaodienmau.net\/trumtheme\/wp-json\/wp\/v2\/product_cat?post=1297"},{"taxonomy":"product_tag","embeddable":true,"href":"https:\/\/khogiaodienmau.net\/trumtheme\/wp-json\/wp\/v2\/product_tag?post=1297"}],"curies":[{"name":"wp","href":"https:\/\/api.w.org\/{rel}","templated":true}]}}