{"id":1286,"date":"2023-04-22T13:21:42","date_gmt":"2023-04-22T13:21:42","guid":{"rendered":"https:\/\/khogiaodienmau.net\/trumtheme\/?post_type=product&#038;p=1286"},"modified":"2023-05-05T13:43:00","modified_gmt":"2023-05-05T13:43:00","slug":"landing-page-khoa-hoc-suc-khoe-dep-chuan-seo","status":"publish","type":"product","link":"https:\/\/khogiaodienmau.net\/trumtheme\/themes\/landing-page-khoa-hoc-suc-khoe-dep-chuan-seo\/","title":{"rendered":"Landing page kh\u00f3a h\u1ecdc s\u1ee9c kh\u1ecfe , \u0111\u1eb9p , chu\u1ea9n seo"},"content":{"rendered":"","protected":false},"excerpt":{"rendered":"<p>Nh\u1eefng m\u1eabu Landing page kh\u00f3a h\u1ecdc s\u1ee9c kh\u1ecfe , \u0111\u1eb9p , chu\u1ea9n seo n\u00e0y \u0111\u00e3 \u0111\u01b0\u1ee3c thi\u1ebft k\u1ebf v\u1edbi m\u1ee5c \u0111\u00edch qu\u1ea3ng c\u00e1o c\u00e1c kh\u00f3a h\u1ecdc s\u1ee9c kh\u1ecfe, do \u0111\u00f3 ch\u00fang \u0111\u1ea3m b\u1ea3o \u0111\u1ed9 hi\u1ec7u qu\u1ea3 v\u00e0 \u0111\u1ed9 chuy\u00ean nghi\u1ec7p.<\/p>\n","protected":false},"featured_media":1287,"comment_status":"open","ping_status":"closed","template":"","meta":[],"product_brand":[],"product_cat":[15,53,31],"product_tag":[],"class_list":{"0":"post-1286","1":"product","2":"type-product","3":"status-publish","4":"has-post-thumbnail","6":"product_cat-theme-wordpress-ban-khoa-hoc","7":"product_cat-theme-word-press-y-te-suc-khoe","8":"product_cat-theme-wordpress-landing-page","10":"first","11":"instock","12":"sale","13":"downloadable","14":"shipping-taxable","15":"purchasable","16":"product-type-simple"},"acf":[],"_links":{"self":[{"href":"https:\/\/khogiaodienmau.net\/trumtheme\/wp-json\/wp\/v2\/product\/1286"}],"collection":[{"href":"https:\/\/khogiaodienmau.net\/trumtheme\/wp-json\/wp\/v2\/product"}],"about":[{"href":"https:\/\/khogiaodienmau.net\/trumtheme\/wp-json\/wp\/v2\/types\/product"}],"replies":[{"embeddable":true,"href":"https:\/\/khogiaodienmau.net\/trumtheme\/wp-json\/wp\/v2\/comments?post=1286"}],"wp:featuredmedia":[{"embeddable":true,"href":"https:\/\/khogiaodienmau.net\/trumtheme\/wp-json\/wp\/v2\/media\/1287"}],"wp:attachment":[{"href":"https:\/\/khogiaodienmau.net\/trumtheme\/wp-json\/wp\/v2\/media?parent=1286"}],"wp:term":[{"taxonomy":"product_brand","embeddable":true,"href":"https:\/\/khogiaodienmau.net\/trumtheme\/wp-json\/wp\/v2\/product_brand?post=1286"},{"taxonomy":"product_cat","embeddable":true,"href":"https:\/\/khogiaodienmau.net\/trumtheme\/wp-json\/wp\/v2\/product_cat?post=1286"},{"taxonomy":"product_tag","embeddable":true,"href":"https:\/\/khogiaodienmau.net\/trumtheme\/wp-json\/wp\/v2\/product_tag?post=1286"}],"curies":[{"name":"wp","href":"https:\/\/api.w.org\/{rel}","templated":true}]}}