{"id":1283,"date":"2023-04-22T12:47:30","date_gmt":"2023-04-22T12:47:30","guid":{"rendered":"https:\/\/khogiaodienmau.net\/trumtheme\/?post_type=product&#038;p=1283"},"modified":"2023-04-22T13:09:34","modified_gmt":"2023-04-22T13:09:34","slug":"landing-pape-khoa-hoc-dau-tu-doanh-nhan","status":"publish","type":"product","link":"https:\/\/khogiaodienmau.net\/trumtheme\/themes\/landing-pape-khoa-hoc-dau-tu-doanh-nhan\/","title":{"rendered":"Landing pape b\u00e1n kh\u00f3a h\u1ecdc \u0111\u1ea7u t\u01b0 doanh nh\u00e2n"},"content":{"rendered":"","protected":false},"excerpt":{"rendered":"<p>V\u1edbi m\u1ed9t thi\u1ebft k\u1ebf chuy\u00ean nghi\u1ec7p v\u00e0 s\u1ef1 t\u1eadp trung v\u00e0o ch\u1ea5t l\u01b0\u1ee3ng n\u1ed9i dung, Landing pape b\u00e1n kh\u00f3a h\u1ecdc \u0111\u1ea7u t\u01b0 doanh nh\u00e2n n\u00e0y c\u00f3 th\u1ec3 gi\u00fap b\u1ea1n thu h\u00fat s\u1ef1 ch\u00fa \u00fd c\u1ee7a \u0111\u1ed1i t\u01b0\u1ee3ng kh\u00e1ch h\u00e0ng m\u1ee5c ti\u00eau v\u00e0 gi\u00fap t\u0103ng doanh s\u1ed1 b\u00e1n h\u00e0ng.<\/p>\n","protected":false},"featured_media":1284,"comment_status":"open","ping_status":"closed","template":"","meta":[],"product_brand":[],"product_cat":[15,31],"product_tag":[],"class_list":{"0":"post-1283","1":"product","2":"type-product","3":"status-publish","4":"has-post-thumbnail","6":"product_cat-theme-wordpress-ban-khoa-hoc","7":"product_cat-theme-wordpress-landing-page","9":"first","10":"instock","11":"sale","12":"downloadable","13":"shipping-taxable","14":"purchasable","15":"product-type-simple"},"acf":[],"_links":{"self":[{"href":"https:\/\/khogiaodienmau.net\/trumtheme\/wp-json\/wp\/v2\/product\/1283"}],"collection":[{"href":"https:\/\/khogiaodienmau.net\/trumtheme\/wp-json\/wp\/v2\/product"}],"about":[{"href":"https:\/\/khogiaodienmau.net\/trumtheme\/wp-json\/wp\/v2\/types\/product"}],"replies":[{"embeddable":true,"href":"https:\/\/khogiaodienmau.net\/trumtheme\/wp-json\/wp\/v2\/comments?post=1283"}],"wp:featuredmedia":[{"embeddable":true,"href":"https:\/\/khogiaodienmau.net\/trumtheme\/wp-json\/wp\/v2\/media\/1284"}],"wp:attachment":[{"href":"https:\/\/khogiaodienmau.net\/trumtheme\/wp-json\/wp\/v2\/media?parent=1283"}],"wp:term":[{"taxonomy":"product_brand","embeddable":true,"href":"https:\/\/khogiaodienmau.net\/trumtheme\/wp-json\/wp\/v2\/product_brand?post=1283"},{"taxonomy":"product_cat","embeddable":true,"href":"https:\/\/khogiaodienmau.net\/trumtheme\/wp-json\/wp\/v2\/product_cat?post=1283"},{"taxonomy":"product_tag","embeddable":true,"href":"https:\/\/khogiaodienmau.net\/trumtheme\/wp-json\/wp\/v2\/product_tag?post=1283"}],"curies":[{"name":"wp","href":"https:\/\/api.w.org\/{rel}","templated":true}]}}