{"id":1272,"date":"2023-04-22T11:39:25","date_gmt":"2023-04-22T11:39:25","guid":{"rendered":"https:\/\/khogiaodienmau.net\/trumtheme\/?post_type=product&#038;p=1272"},"modified":"2023-04-22T12:14:51","modified_gmt":"2023-04-22T12:14:51","slug":"theme-wordpress-ban-noi-that-16-dep-chuan-seo","status":"publish","type":"product","link":"https:\/\/khogiaodienmau.net\/trumtheme\/themes\/theme-wordpress-ban-noi-that-16-dep-chuan-seo\/","title":{"rendered":"Theme wordpress b\u00e1n n\u1ed9i th\u1ea5t 16 \u0111\u1eb9p , chu\u1ea9n seo"},"content":{"rendered":"","protected":false},"excerpt":{"rendered":"<p>Theme \u0111\u00e3 \u0111\u01b0\u1ee3c thi\u1ebft k\u1ebf s\u1eb5n v\u1edbi c\u00e1c t\u00ednh n\u0103ng c\u1ea7n thi\u1ebft \u0111\u1ec3 b\u1ea1n c\u00f3 th\u1ec3 t\u1ea1o ra m\u1ed9t trang web b\u00e1n n\u1ed9i th\u1ea5t \u0111\u1eb9p v\u00e0 hi\u1ec7u qu\u1ea3<\/p>\n","protected":false},"featured_media":1276,"comment_status":"open","ping_status":"closed","template":"","meta":[],"product_brand":[],"product_cat":[46,39],"product_tag":[],"class_list":{"0":"post-1272","1":"product","2":"type-product","3":"status-publish","4":"has-post-thumbnail","6":"product_cat-theme-hot","7":"product_cat-theme-wordpress-noi-that","9":"first","10":"instock","11":"sale","12":"downloadable","13":"shipping-taxable","14":"purchasable","15":"product-type-simple"},"acf":[],"_links":{"self":[{"href":"https:\/\/khogiaodienmau.net\/trumtheme\/wp-json\/wp\/v2\/product\/1272"}],"collection":[{"href":"https:\/\/khogiaodienmau.net\/trumtheme\/wp-json\/wp\/v2\/product"}],"about":[{"href":"https:\/\/khogiaodienmau.net\/trumtheme\/wp-json\/wp\/v2\/types\/product"}],"replies":[{"embeddable":true,"href":"https:\/\/khogiaodienmau.net\/trumtheme\/wp-json\/wp\/v2\/comments?post=1272"}],"wp:featuredmedia":[{"embeddable":true,"href":"https:\/\/khogiaodienmau.net\/trumtheme\/wp-json\/wp\/v2\/media\/1276"}],"wp:attachment":[{"href":"https:\/\/khogiaodienmau.net\/trumtheme\/wp-json\/wp\/v2\/media?parent=1272"}],"wp:term":[{"taxonomy":"product_brand","embeddable":true,"href":"https:\/\/khogiaodienmau.net\/trumtheme\/wp-json\/wp\/v2\/product_brand?post=1272"},{"taxonomy":"product_cat","embeddable":true,"href":"https:\/\/khogiaodienmau.net\/trumtheme\/wp-json\/wp\/v2\/product_cat?post=1272"},{"taxonomy":"product_tag","embeddable":true,"href":"https:\/\/khogiaodienmau.net\/trumtheme\/wp-json\/wp\/v2\/product_tag?post=1272"}],"curies":[{"name":"wp","href":"https:\/\/api.w.org\/{rel}","templated":true}]}}