{"id":1170,"date":"2023-04-12T14:12:37","date_gmt":"2023-04-12T14:12:37","guid":{"rendered":"https:\/\/khogiaodienmau.net\/trumtheme\/?post_type=product&#038;p=1170"},"modified":"2023-04-14T20:55:45","modified_gmt":"2023-04-14T20:55:45","slug":"theme-wordpress-hang-xe-kia-chuan-dep","status":"publish","type":"product","link":"https:\/\/khogiaodienmau.net\/trumtheme\/themes\/theme-wordpress-hang-xe-kia-chuan-dep\/","title":{"rendered":"Theme WordPress h\u1ea3ng xe kia chu\u1ea9n \u0111\u1eb9p"},"content":{"rendered":"","protected":false},"excerpt":{"rendered":"<p>Theme wordpress b\u00e1n \u00f4 t\u00f4 KIA ch\u00ednh h\u00e3ng.<\/p>\n<p><strong>Theme KiA<\/strong>\u00a0\u0111\u00e3 \u0111\u01b0\u1ee3c \u0111\u0103ng full n\u1ed9i dung c\u00e1c d\u00f2ng xe KiA m\u1edbi nh\u1ea5t ( bao g\u1ed3m c\u1ea3 2 d\u00f2ng xe m\u1edbi nh\u1ea5t l\u00e0 KIA New Morning, KIA Sorento All New )<\/p>\n<p>Giao di\u1ec7n \u0111\u1eb9p, \u0111\u1ea7y \u0111\u1ee7 t\u00ednh n\u0103ng chuy\u00ean nghi\u1ec7p.<\/p>\n<p><strong>Mua theme \u00f4t\u00f4 KIA<\/strong>\u00a0gi\u00fap b\u1ea1n ti\u1ebft ki\u1ec7m r\u1ea5t nhi\u1ec1u th\u1eddi gian v\u00e0 ti\u1ec1n b\u1ea1c.<\/p>\n","protected":false},"featured_media":1173,"comment_status":"open","ping_status":"closed","template":"","meta":[],"product_brand":[],"product_cat":[46,40],"product_tag":[],"class_list":{"0":"post-1170","1":"product","2":"type-product","3":"status-publish","4":"has-post-thumbnail","6":"product_cat-theme-hot","7":"product_cat-theme-wordpress-ban-o-to","9":"first","10":"instock","11":"sale","12":"downloadable","13":"shipping-taxable","14":"purchasable","15":"product-type-simple"},"acf":[],"_links":{"self":[{"href":"https:\/\/khogiaodienmau.net\/trumtheme\/wp-json\/wp\/v2\/product\/1170"}],"collection":[{"href":"https:\/\/khogiaodienmau.net\/trumtheme\/wp-json\/wp\/v2\/product"}],"about":[{"href":"https:\/\/khogiaodienmau.net\/trumtheme\/wp-json\/wp\/v2\/types\/product"}],"replies":[{"embeddable":true,"href":"https:\/\/khogiaodienmau.net\/trumtheme\/wp-json\/wp\/v2\/comments?post=1170"}],"wp:featuredmedia":[{"embeddable":true,"href":"https:\/\/khogiaodienmau.net\/trumtheme\/wp-json\/wp\/v2\/media\/1173"}],"wp:attachment":[{"href":"https:\/\/khogiaodienmau.net\/trumtheme\/wp-json\/wp\/v2\/media?parent=1170"}],"wp:term":[{"taxonomy":"product_brand","embeddable":true,"href":"https:\/\/khogiaodienmau.net\/trumtheme\/wp-json\/wp\/v2\/product_brand?post=1170"},{"taxonomy":"product_cat","embeddable":true,"href":"https:\/\/khogiaodienmau.net\/trumtheme\/wp-json\/wp\/v2\/product_cat?post=1170"},{"taxonomy":"product_tag","embeddable":true,"href":"https:\/\/khogiaodienmau.net\/trumtheme\/wp-json\/wp\/v2\/product_tag?post=1170"}],"curies":[{"name":"wp","href":"https:\/\/api.w.org\/{rel}","templated":true}]}}