{"id":1152,"date":"2023-04-12T05:45:20","date_gmt":"2023-04-12T05:45:20","guid":{"rendered":"https:\/\/khogiaodienmau.net\/trumtheme\/?post_type=product&#038;p=1152"},"modified":"2023-04-14T20:57:56","modified_gmt":"2023-04-14T20:57:56","slug":"theme-wordpress-ban-plugin-theme-gon-gang-de-nhin","status":"publish","type":"product","link":"https:\/\/khogiaodienmau.net\/trumtheme\/themes\/theme-wordpress-ban-plugin-theme-gon-gang-de-nhin\/","title":{"rendered":"Theme WordPress b\u00e1n plugin, theme g\u1ecdn g\u00e0ng d\u1ec3 nh\u00ecn"},"content":{"rendered":"","protected":false},"excerpt":{"rendered":"<p>Giao di\u1ec7n t\u01b0\u01a1ng th\u00edch v\u1edbi t\u1ea5t c\u1ea3 thi\u1ebft b\u1ecb, tr\u00ecnh duy\u1ec7t, mobile, tablet, desktop\u2026<br \/>\n\u0110\u01b0\u1ee3c code tr\u00ean n\u1ec1n t\u1ea3ng m\u00e3 ngu\u1ed3n m\u1edf WordPress d\u1ec5 d\u00e0ng s\u1eed d\u1ee5ng<br \/>\nThi\u1ebft k\u1ebf chu\u1ea9n SEO, load nhanh nh\u1eb9 t\u1ed1i \u01b0u v\u1edbi c\u00e1c c\u00f4ng c\u1ee5 t\u00ecm ki\u1ebfm<br \/>\nTheme s\u1ea1ch ho\u00e0n to\u00e0n 100% kh\u00f4ng virus, kh\u00f4ng m\u00e3 \u0111\u1ed9c \u0111\u00e3 \u0111\u01b0\u1ee3c ki\u1ec3m tra k\u1ef9 l\u01b0\u1ee1ng.<\/p>\n","protected":false},"featured_media":1153,"comment_status":"open","ping_status":"closed","template":"","meta":[],"product_brand":[],"product_cat":[38],"product_tag":[],"class_list":{"0":"post-1152","1":"product","2":"type-product","3":"status-publish","4":"has-post-thumbnail","6":"product_cat-theme-wordpress-cong-ty-marketing","8":"first","9":"instock","10":"sale","11":"downloadable","12":"shipping-taxable","13":"purchasable","14":"product-type-simple"},"acf":[],"_links":{"self":[{"href":"https:\/\/khogiaodienmau.net\/trumtheme\/wp-json\/wp\/v2\/product\/1152"}],"collection":[{"href":"https:\/\/khogiaodienmau.net\/trumtheme\/wp-json\/wp\/v2\/product"}],"about":[{"href":"https:\/\/khogiaodienmau.net\/trumtheme\/wp-json\/wp\/v2\/types\/product"}],"replies":[{"embeddable":true,"href":"https:\/\/khogiaodienmau.net\/trumtheme\/wp-json\/wp\/v2\/comments?post=1152"}],"wp:featuredmedia":[{"embeddable":true,"href":"https:\/\/khogiaodienmau.net\/trumtheme\/wp-json\/wp\/v2\/media\/1153"}],"wp:attachment":[{"href":"https:\/\/khogiaodienmau.net\/trumtheme\/wp-json\/wp\/v2\/media?parent=1152"}],"wp:term":[{"taxonomy":"product_brand","embeddable":true,"href":"https:\/\/khogiaodienmau.net\/trumtheme\/wp-json\/wp\/v2\/product_brand?post=1152"},{"taxonomy":"product_cat","embeddable":true,"href":"https:\/\/khogiaodienmau.net\/trumtheme\/wp-json\/wp\/v2\/product_cat?post=1152"},{"taxonomy":"product_tag","embeddable":true,"href":"https:\/\/khogiaodienmau.net\/trumtheme\/wp-json\/wp\/v2\/product_tag?post=1152"}],"curies":[{"name":"wp","href":"https:\/\/api.w.org\/{rel}","templated":true}]}}