{"id":1144,"date":"2023-04-10T18:31:28","date_gmt":"2023-04-10T18:31:28","guid":{"rendered":"https:\/\/khogiaodienmau.net\/trumtheme\/?post_type=product&#038;p=1144"},"modified":"2023-05-09T11:45:38","modified_gmt":"2023-05-09T11:45:38","slug":"theme-wordpress-cong-ty-agency-digital-marketing-online","status":"publish","type":"product","link":"https:\/\/khogiaodienmau.net\/trumtheme\/themes\/theme-wordpress-cong-ty-agency-digital-marketing-online\/","title":{"rendered":"Theme WordPress c\u00f4ng ty Agency Digital Marketing Online"},"content":{"rendered":"","protected":false},"excerpt":{"rendered":"<p>Theme \u0111\u01b0\u1ee3c code tr\u00ean Child theme n\u00ean update l\u00e2u d\u00e0i c\u00f3 th\u1ec3 s\u1eed d\u1ee5ng \u0111\u01b0\u1ee3c nhi\u1ec1u domain, kh\u00f4ng gi\u1edbi h\u1ea1n s\u1ed1 l\u01b0\u1ee3ng website. Gi\u00fap b\u1ea1n ti\u1ebft ki\u1ec7m chi ph\u00ed v\u00e0 th\u1eddi gian<\/p>\n","protected":false},"featured_media":2621,"comment_status":"open","ping_status":"closed","template":"","meta":[],"product_brand":[],"product_cat":[46,38,57],"product_tag":[],"class_list":{"0":"post-1144","1":"product","2":"type-product","3":"status-publish","4":"has-post-thumbnail","6":"product_cat-theme-hot","7":"product_cat-theme-wordpress-cong-ty-marketing","8":"product_cat-theme-wordpress-dich-vu","10":"first","11":"instock","12":"sale","13":"downloadable","14":"shipping-taxable","15":"purchasable","16":"product-type-simple"},"acf":[],"_links":{"self":[{"href":"https:\/\/khogiaodienmau.net\/trumtheme\/wp-json\/wp\/v2\/product\/1144"}],"collection":[{"href":"https:\/\/khogiaodienmau.net\/trumtheme\/wp-json\/wp\/v2\/product"}],"about":[{"href":"https:\/\/khogiaodienmau.net\/trumtheme\/wp-json\/wp\/v2\/types\/product"}],"replies":[{"embeddable":true,"href":"https:\/\/khogiaodienmau.net\/trumtheme\/wp-json\/wp\/v2\/comments?post=1144"}],"wp:featuredmedia":[{"embeddable":true,"href":"https:\/\/khogiaodienmau.net\/trumtheme\/wp-json\/wp\/v2\/media\/2621"}],"wp:attachment":[{"href":"https:\/\/khogiaodienmau.net\/trumtheme\/wp-json\/wp\/v2\/media?parent=1144"}],"wp:term":[{"taxonomy":"product_brand","embeddable":true,"href":"https:\/\/khogiaodienmau.net\/trumtheme\/wp-json\/wp\/v2\/product_brand?post=1144"},{"taxonomy":"product_cat","embeddable":true,"href":"https:\/\/khogiaodienmau.net\/trumtheme\/wp-json\/wp\/v2\/product_cat?post=1144"},{"taxonomy":"product_tag","embeddable":true,"href":"https:\/\/khogiaodienmau.net\/trumtheme\/wp-json\/wp\/v2\/product_tag?post=1144"}],"curies":[{"name":"wp","href":"https:\/\/api.w.org\/{rel}","templated":true}]}}