{"id":65,"date":"2022-07-24T14:34:51","date_gmt":"2022-07-24T14:34:51","guid":{"rendered":"https:\/\/khogiaodienmau.net\/trumtheme\/?page_id=65"},"modified":"2023-04-10T17:50:52","modified_gmt":"2023-04-10T17:50:52","slug":"lien-he","status":"publish","type":"page","link":"https:\/\/khogiaodienmau.net\/trumtheme\/lien-he\/","title":{"rendered":"Li\u00ean h\u1ec7"},"content":{"rendered":"<div id=\"text-657461002\" class=\"text text-title\">\n<h2 style=\"text-align: center;\">B\u1ea0N C\u00d3 C\u00c2U H\u1eceI HO\u1eb6C C\u1ea6N S\u1ef0 T\u01af V\u1ea4N?<\/h2>\n<\/div>\n<div id=\"text-3965969783\" class=\"text\">\n<p style=\"text-align: center;\">Vui l\u00f2ng \u0111\u1ec3 l\u1ea1i th\u00f4ng tin cho ch\u00fang t\u00f4i. Ch\u00fang t\u00f4i s\u1ebd ph\u1ea3n h\u1ed3i th\u00f4ng tin t\u1edbi b\u1ea1n s\u1edbm nh\u1ea5t c\u00f3 th\u1ec3.<\/p>\n<\/div>\n<div class=\"row\"  id=\"row-187726186\">\n\n\t<div id=\"col-2048105419\" class=\"col medium-6 small-12 large-6\"  >\n\t\t\t\t<div class=\"col-inner\"  >\n\t\t\t\n\t\t\t\n\t<div class=\"img has-hover x md-x lg-x y md-y lg-y\" id=\"image_268266362\">\n\t\t\t\t\t\t\t\t<div class=\"img-inner dark\" >\n\t\t\t<img loading=\"lazy\" decoding=\"async\" width=\"637\" height=\"548\" src=\"https:\/\/khogiaodienmau.net\/trumtheme\/wp-content\/uploads\/2023\/04\/lien-he.png\" class=\"attachment-large size-large\" alt=\"B\u1ea0N C\u00d3 C\u00c2U H\u1eceI HO\u1eb6C C\u1ea6N S\u1ef0 T\u01af V\u1ea4N? Vui l\u00f2ng \u0111\u1ec3 l\u1ea1i th\u00f4ng tin cho ch\u00fang t\u00f4i. Ch\u00fang t\u00f4i s\u1ebd ph\u1ea3n h\u1ed3i th\u00f4ng tin t\u1edbi b\u1ea1n s\u1edbm nh\u1ea5t c\u00f3 th\u1ec3.\" srcset=\"https:\/\/khogiaodienmau.net\/trumtheme\/wp-content\/uploads\/2023\/04\/lien-he.png 637w, https:\/\/khogiaodienmau.net\/trumtheme\/wp-content\/uploads\/2023\/04\/lien-he-300x258.png 300w, https:\/\/khogiaodienmau.net\/trumtheme\/wp-content\/uploads\/2023\/04\/lien-he-600x516.png 600w\" sizes=\"(max-width: 637px) 100vw, 637px\" \/>\t\t\t\t\t\t\n\t\t\t\t\t<\/div>\n\t\t\t\t\t\t\t\t\n<style>\n#image_268266362 {\n  width: 100%;\n}\n<\/style>\n\t<\/div>\n\t\n\t\t<\/div>\n\t\t\t\t\t<\/div>\n\n\t\n\n\t<div id=\"col-571926760\" class=\"col medium-6 small-12 large-6\"  >\n\t\t\t\t<div class=\"col-inner\"  >\n\t\t\t\n\t\t\t\n[contact-form-7 id=&#8221;1100&#8243;]\n\t\t<\/div>\n\t\t\t\t\t<\/div>\n\n\t\n<\/div>\n","protected":false},"excerpt":{"rendered":"<p>B\u1ea0N C\u00d3 C\u00c2U H\u1eceI HO\u1eb6C C\u1ea6N S\u1ef0 T\u01af V\u1ea4N? Vui l\u00f2ng \u0111\u1ec3 l\u1ea1i th\u00f4ng tin cho ch\u00fang t\u00f4i. Ch\u00fang t\u00f4i s\u1ebd ph\u1ea3n h\u1ed3i th\u00f4ng tin t\u1edbi b\u1ea1n s\u1edbm nh\u1ea5t c\u00f3 th\u1ec3.<\/p>\n","protected":false},"author":1,"featured_media":0,"parent":0,"menu_order":0,"comment_status":"closed","ping_status":"closed","template":"","meta":{"footnotes":""},"class_list":["post-65","page","type-page","status-publish","hentry"],"acf":[],"_links":{"self":[{"href":"https:\/\/khogiaodienmau.net\/trumtheme\/wp-json\/wp\/v2\/pages\/65"}],"collection":[{"href":"https:\/\/khogiaodienmau.net\/trumtheme\/wp-json\/wp\/v2\/pages"}],"about":[{"href":"https:\/\/khogiaodienmau.net\/trumtheme\/wp-json\/wp\/v2\/types\/page"}],"author":[{"embeddable":true,"href":"https:\/\/khogiaodienmau.net\/trumtheme\/wp-json\/wp\/v2\/users\/1"}],"replies":[{"embeddable":true,"href":"https:\/\/khogiaodienmau.net\/trumtheme\/wp-json\/wp\/v2\/comments?post=65"}],"version-history":[{"count":0,"href":"https:\/\/khogiaodienmau.net\/trumtheme\/wp-json\/wp\/v2\/pages\/65\/revisions"}],"wp:attachment":[{"href":"https:\/\/khogiaodienmau.net\/trumtheme\/wp-json\/wp\/v2\/media?parent=65"}],"curies":[{"name":"wp","href":"https:\/\/api.w.org\/{rel}","templated":true}]}}