{"id":1010,"date":"2023-04-08T17:11:28","date_gmt":"2023-04-08T17:11:28","guid":{"rendered":"https:\/\/khogiaodienmau.net\/trumtheme\/?page_id=1010"},"modified":"2023-04-08T17:30:24","modified_gmt":"2023-04-08T17:30:24","slug":"gioi-thieu","status":"publish","type":"page","link":"https:\/\/khogiaodienmau.net\/trumtheme\/gioi-thieu\/","title":{"rendered":"Gi\u1edbi Thi\u1ec7u"},"content":{"rendered":"<div class=\"row\"  id=\"row-945846623\">\n\n\t<div id=\"col-1467848279\" class=\"col medium-6 small-12 large-6\"  >\n\t\t\t\t<div class=\"col-inner\"  >\n\t\t\t\n\t\t\t\n<div id=\"text-3586666494\" class=\"text vct-title\">\n<h2>V\u1ec1 ch\u00fang t\u00f4i<br \/>Theme wordpress gi\u00e1 r\u1ebb<\/h2>\n<\/div>\n<div id=\"text-2324999091\" class=\"text home-short-des\">\n<p>Tr\u00ean th\u1ecb tr\u01b0\u1eddng hi\u1ec7n nay c\u00f3 r\u1ea5t nhi\u1ec1u c\u00e1c <a href=\"https:\/\/khogiaodienmau.net\/trumtheme\/\"><strong>theme WordPress<\/strong><\/a> v\u1edbi gi\u00e1 c\u1ea3 kh\u00e1c nhau, tuy nhi\u00ean \u0111a s\u1ed1 \u0111\u1ec1u c\u00f3 gi\u00e1 kh\u00e1 cao. Tuy nhi\u00ean, v\u1edbi s\u1ef1 ph\u00e1t tri\u1ec3n c\u1ee7a WordPress v\u00e0 c\u1ed9ng \u0111\u1ed3ng m\u00e3 ngu\u1ed3n m\u1edf, gi\u1edd \u0111\u00e2y b\u1ea1n c\u00f3 th\u1ec3 t\u00ecm th\u1ea5y nh\u1eefng theme WordPress gi\u00e1 r\u1ebb m\u00e0 v\u1eabn \u0111\u1ea3m b\u1ea3o ch\u1ea5t l\u01b0\u1ee3ng.<\/p>\n<p>Themewpgiare.com l\u00e0 m\u1ed9t website chuy\u00ean cung c\u1ea5p c\u00e1c <strong>theme WordPress gi\u00e1 r\u1ebb<\/strong> nh\u01b0ng v\u1eabn \u0111\u1ea3m b\u1ea3o ch\u1ea5t l\u01b0\u1ee3ng. V\u1edbi h\u01a1n 1000+ theme \u0111a d\u1ea1ng v\u1ec1 m\u1eabu m\u00e3 v\u00e0 t\u00ednh n\u0103ng, themewpgiare.com l\u00e0 m\u1ed9t trong nh\u1eefng \u0111\u1ecba ch\u1ec9 \u0111\u00e1ng tin c\u1eady cho nh\u1eefng ng\u01b0\u1eddi mu\u1ed1n t\u00ecm ki\u1ebfm c\u00e1c theme WordPress ph\u00f9 h\u1ee3p v\u1edbi nhu c\u1ea7u c\u1ee7a m\u00ecnh.<\/p>\n<p>C\u00e1c theme WordPress tr\u00ean themewpgiare.com \u0111\u01b0\u1ee3c ph\u00e2n lo\u1ea1i theo nhi\u1ec1u ch\u1ee7 \u0111\u1ec1 kh\u00e1c nhau nh\u01b0 blog, th\u01b0\u01a1ng m\u1ea1i \u0111i\u1ec7n t\u1eed, portfolio, tin t\u1ee9c, v\u00e0 nhi\u1ec1u h\u01a1n n\u1eefa. B\u1ea1n c\u0169ng c\u00f3 th\u1ec3 t\u00ecm ki\u1ebfm c\u00e1c theme theo c\u00e1c t\u00ednh n\u0103ng nh\u01b0 t\u01b0\u01a1ng th\u00edch v\u1edbi WooCommerce, t\u00edch h\u1ee3p v\u1edbi c\u00e1c plugin quan tr\u1ecdng nh\u01b0 SEO, page builder, v\u00e0 nhi\u1ec1u h\u01a1n n\u1eefa.<\/p>\n<p>Ngo\u00e0i ra, themewpgiare.com c\u0169ng cung c\u1ea5p c\u00e1c b\u1ed9 s\u01b0u t\u1eadp theme \u0111\u1eb7c bi\u1ec7t cho c\u00e1c l\u0129nh v\u1ef1c nh\u01b0 d\u1ecbch v\u1ee5 n\u1ea5u \u0103n, du l\u1ecbch, spa, th\u1ec3 thao, v\u00e0 nhi\u1ec1u ch\u1ee7 \u0111\u1ec1 kh\u00e1c.<\/p>\n<p>M\u1ed9t \u0111i\u1ec3m \u0111\u00e1ng ch\u00fa \u00fd c\u1ee7a themewpgiare.com l\u00e0 gi\u00e1 c\u1ea3 c\u1ef1c k\u1ef3 h\u1ea5p d\u1eabn. B\u1ea1n c\u00f3 th\u1ec3 t\u00ecm th\u1ea5y c\u00e1c <strong>theme WordPress ch\u1ea5t l\u01b0\u1ee3ng<\/strong> v\u1edbi gi\u00e1 ch\u1ec9 t\u1eeb 199.000 VN\u0110 \u0111\u1ebfn 999.000 VN\u0110. V\u1edbi gi\u00e1 c\u1ea3 n\u00e0y, b\u1ea1n s\u1ebd ti\u1ebft ki\u1ec7m \u0111\u01b0\u1ee3c m\u1ed9t kho\u1ea3n chi ph\u00ed \u0111\u00e1ng k\u1ec3 so v\u1edbi vi\u1ec7c mua c\u00e1c theme \u0111\u1eaft ti\u1ec1n.<\/p>\n<\/div>\n\t\t<\/div>\n\t\t\t\t\t<\/div>\n\n\t\n\n\t<div id=\"col-1028435571\" class=\"col medium-6 small-12 large-6\"  >\n\t\t\t\t<div class=\"col-inner\"  >\n\t\t\t\n\t\t\t\n\t<div class=\"img has-hover x md-x lg-x y md-y lg-y\" id=\"image_1847215421\">\n\t\t\t\t\t\t\t\t<div class=\"img-inner dark\" >\n\t\t\t<img loading=\"lazy\" decoding=\"async\" width=\"500\" height=\"500\" src=\"https:\/\/khogiaodienmau.net\/trumtheme\/wp-content\/uploads\/2023\/04\/ve-chung-toi-1.png\" class=\"attachment-large size-large\" alt=\"\" srcset=\"https:\/\/khogiaodienmau.net\/trumtheme\/wp-content\/uploads\/2023\/04\/ve-chung-toi-1.png 500w, https:\/\/khogiaodienmau.net\/trumtheme\/wp-content\/uploads\/2023\/04\/ve-chung-toi-1-100x100.png 100w, https:\/\/khogiaodienmau.net\/trumtheme\/wp-content\/uploads\/2023\/04\/ve-chung-toi-1-300x300.png 300w, https:\/\/khogiaodienmau.net\/trumtheme\/wp-content\/uploads\/2023\/04\/ve-chung-toi-1-150x150.png 150w\" sizes=\"(max-width: 500px) 100vw, 500px\" \/>\t\t\t\t\t\t\n\t\t\t\t\t<\/div>\n\t\t\t\t\t\t\t\t\n<style>\n#image_1847215421 {\n  width: 100%;\n}\n<\/style>\n\t<\/div>\n\t\n\t\t<\/div>\n\t\t\t\t\t<\/div>\n\n\t\n<\/div>\n<p>C\u00e1c theme WP tr\u00ean themewpgiare.com \u0111\u1ec1u \u0111\u01b0\u1ee3c ph\u00e1t tri\u1ec3n b\u1edfi c\u00e1c nh\u00e0 ph\u00e1t tri\u1ec3n uy t\u00edn v\u00e0 \u0111\u01b0\u1ee3c c\u1eadp nh\u1eadt th\u01b0\u1eddng xuy\u00ean \u0111\u1ec3 \u0111\u1ea3m b\u1ea3o t\u00ednh t\u01b0\u01a1ng th\u00edch v\u1edbi phi\u00ean b\u1ea3n m\u1edbi nh\u1ea5t c\u1ee7a WordPress. N\u1ebfu b\u1ea1n c\u1ea7n h\u1ed7 tr\u1ee3 v\u1ec1 vi\u1ec7c c\u00e0i \u0111\u1eb7t v\u00e0 s\u1eed d\u1ee5ng c\u00e1c theme WordPress n\u00e0y, b\u1ea1n c\u0169ng c\u00f3 th\u1ec3 li\u00ean h\u1ec7 v\u1edbi \u0111\u1ed9i ng\u0169 h\u1ed7 tr\u1ee3 kh\u00e1ch h\u00e0ng c\u1ee7a themewpgiare.com \u0111\u1ec3 \u0111\u01b0\u1ee3c gi\u1ea3i \u0111\u00e1p.<\/p>\n<p>Themewpgiare.com l\u00e0 m\u1ed9t trong nh\u1eefng \u0111\u1ecba ch\u1ec9 \u0111\u00e1ng tin c\u1eady cho nh\u1eefng ng\u01b0\u1eddi mu\u1ed1n t\u00ecm ki\u1ebfm c\u00e1c theme wp gi\u00e1 r\u1ebb nh\u01b0ng v\u1eabn \u0111\u1ea3m b\u1ea3o ch\u1ea5t l\u01b0\u1ee3ng. V\u1edbi nhi\u1ec1u l\u1ef1a ch\u1ecdn v\u00e0 gi\u00e1 c\u1ea3 h\u1ee3p l\u00fd, b\u1ea1n s\u1ebd d\u1ec5 d\u00e0ng t\u00ecm th\u1ea5y theme ph\u00f9 h\u1ee3p cho website c\u1ee7a m\u00ecnh.<\/p>\n<p>M\u1ecdi chi ti\u1ebft xin li\u00ean h\u1ec7 hotline\/zalo: <strong>0972 3000 72<\/strong> ho\u1eb7c ch\u00e1t v\u1edbi <a href=\"https:\/\/www.facebook.com\/profile.php?id=100091566496198\"><strong>fanpape theme wp gi\u00e1 r\u1ebb<\/strong><\/a><\/p>\n","protected":false},"excerpt":{"rendered":"<p>C\u00e1c theme WP tr\u00ean themewpgiare.com \u0111\u1ec1u \u0111\u01b0\u1ee3c ph\u00e1t tri\u1ec3n b\u1edfi c\u00e1c nh\u00e0 ph\u00e1t tri\u1ec3n uy t\u00edn v\u00e0 \u0111\u01b0\u1ee3c c\u1eadp nh\u1eadt th\u01b0\u1eddng xuy\u00ean \u0111\u1ec3 \u0111\u1ea3m b\u1ea3o t\u00ednh t\u01b0\u01a1ng th\u00edch v\u1edbi phi\u00ean b\u1ea3n m\u1edbi nh\u1ea5t c\u1ee7a WordPress. N\u1ebfu b\u1ea1n c\u1ea7n h\u1ed7 tr\u1ee3 v\u1ec1 vi\u1ec7c c\u00e0i \u0111\u1eb7t v\u00e0 s\u1eed d\u1ee5ng c\u00e1c theme WordPress n\u00e0y, b\u1ea1n c\u0169ng c\u00f3 th\u1ec3&#8230;<\/p>\n","protected":false},"author":1,"featured_media":968,"parent":0,"menu_order":0,"comment_status":"closed","ping_status":"closed","template":"","meta":{"footnotes":""},"class_list":["post-1010","page","type-page","status-publish","has-post-thumbnail","hentry"],"acf":[],"_links":{"self":[{"href":"https:\/\/khogiaodienmau.net\/trumtheme\/wp-json\/wp\/v2\/pages\/1010"}],"collection":[{"href":"https:\/\/khogiaodienmau.net\/trumtheme\/wp-json\/wp\/v2\/pages"}],"about":[{"href":"https:\/\/khogiaodienmau.net\/trumtheme\/wp-json\/wp\/v2\/types\/page"}],"author":[{"embeddable":true,"href":"https:\/\/khogiaodienmau.net\/trumtheme\/wp-json\/wp\/v2\/users\/1"}],"replies":[{"embeddable":true,"href":"https:\/\/khogiaodienmau.net\/trumtheme\/wp-json\/wp\/v2\/comments?post=1010"}],"version-history":[{"count":0,"href":"https:\/\/khogiaodienmau.net\/trumtheme\/wp-json\/wp\/v2\/pages\/1010\/revisions"}],"wp:featuredmedia":[{"embeddable":true,"href":"https:\/\/khogiaodienmau.net\/trumtheme\/wp-json\/wp\/v2\/media\/968"}],"wp:attachment":[{"href":"https:\/\/khogiaodienmau.net\/trumtheme\/wp-json\/wp\/v2\/media?parent=1010"}],"curies":[{"name":"wp","href":"https:\/\/api.w.org\/{rel}","templated":true}]}}