{"id":2148,"date":"2023-11-20T18:26:48","date_gmt":"2023-11-20T11:26:48","guid":{"rendered":"https:\/\/khogiaodienmau.net\/quatet\/?post_type=product&#038;p=2148"},"modified":"2023-11-20T18:26:53","modified_gmt":"2023-11-20T11:26:53","slug":"hop-qua-tet-phu-quy-hq297-sao-chep-2","status":"publish","type":"product","link":"https:\/\/khogiaodienmau.net\/quatet\/san-pham\/hop-qua-tet-phu-quy-hq297-sao-chep-2\/","title":{"rendered":"H\u1ed9p Qu\u00e0 T\u1ebft Ph\u00fa Qu\u00fd HQ297 (Sao ch\u00e9p)"},"content":{"rendered":"<p>H\u1ed9p Qu\u00e0 T\u1ebft Ph\u00fa Qu\u00fd HQ297 gi\u00e1 t\u1ed1t, s\u1ea3n ph\u1ea9m ch\u00ednh h\u00e3ng 100% trong n\u01b0\u1edbc v\u00e0 xu\u1ea5t kh\u1ea9u, chi\u1ebft kh\u1ea5u cao, giao h\u00e0ng t\u1eadn n\u01a1i, xu\u1ea5t h\u00f3a \u0111\u01a1n VAT. G\u1ecdi ngay \u0111\u1ec3 \u0111\u01b0\u1ee3c b\u00e1o gi\u00e1 v\u00e0 chi\u1ebft kh\u1ea5u t\u1ed1t nh\u1ea5t.<\/p>\n","protected":false},"excerpt":{"rendered":"<p>H\u1ed9p Qu\u00e0 T\u1ebft Ph\u00fa Qu\u00fd HQ297 gi\u00e1 t\u1ed1t, s\u1ea3n ph\u1ea9m ch\u00ednh h\u00e3ng 100% trong n\u01b0\u1edbc v\u00e0 xu\u1ea5t kh\u1ea9u, chi\u1ebft kh\u1ea5u cao, giao h\u00e0ng t\u1eadn n\u01a1i, xu\u1ea5t h\u00f3a \u0111\u01a1n VAT. G\u1ecdi ngay \u0111\u1ec3 \u0111\u01b0\u1ee3c b\u00e1o gi\u00e1 v\u00e0 chi\u1ebft kh\u1ea5u t\u1ed1t nh\u1ea5t.<\/p>\n","protected":false},"featured_media":2133,"comment_status":"open","ping_status":"closed","template":"","meta":[],"product_cat":[98,97,100,99],"product_tag":[],"class_list":["post-2148","product","type-product","status-publish","has-post-thumbnail","hentry","product_cat-gio-qua-tet","product_cat-hop-qua-tet","product_cat-qua-in-logo","product_cat-tui-qua-tet"],"_links":{"self":[{"href":"https:\/\/khogiaodienmau.net\/quatet\/wp-json\/wp\/v2\/product\/2148"}],"collection":[{"href":"https:\/\/khogiaodienmau.net\/quatet\/wp-json\/wp\/v2\/product"}],"about":[{"href":"https:\/\/khogiaodienmau.net\/quatet\/wp-json\/wp\/v2\/types\/product"}],"replies":[{"embeddable":true,"href":"https:\/\/khogiaodienmau.net\/quatet\/wp-json\/wp\/v2\/comments?post=2148"}],"wp:featuredmedia":[{"embeddable":true,"href":"https:\/\/khogiaodienmau.net\/quatet\/wp-json\/wp\/v2\/media\/2133"}],"wp:attachment":[{"href":"https:\/\/khogiaodienmau.net\/quatet\/wp-json\/wp\/v2\/media?parent=2148"}],"wp:term":[{"taxonomy":"product_cat","embeddable":true,"href":"https:\/\/khogiaodienmau.net\/quatet\/wp-json\/wp\/v2\/product_cat?post=2148"},{"taxonomy":"product_tag","embeddable":true,"href":"https:\/\/khogiaodienmau.net\/quatet\/wp-json\/wp\/v2\/product_tag?post=2148"}],"curies":[{"name":"wp","href":"https:\/\/api.w.org\/{rel}","templated":true}]}}