{"id":2140,"date":"2023-11-20T18:23:47","date_gmt":"2023-11-20T11:23:47","guid":{"rendered":"https:\/\/khogiaodienmau.net\/quatet\/?post_type=product&#038;p=2140"},"modified":"2023-11-20T18:23:58","modified_gmt":"2023-11-20T11:23:58","slug":"qua-tet-doanh-nghiep-an-khang","status":"publish","type":"product","link":"https:\/\/khogiaodienmau.net\/quatet\/san-pham\/qua-tet-doanh-nghiep-an-khang\/","title":{"rendered":"QU\u00c0 T\u1ebeT DOANH NGHI\u1ec6P AN KHANG"},"content":{"rendered":"<p>C\u00f4ng ty qu\u00e0 T\u1ebft \u0110\u1ea7u T\u01b0 Thanh xin gi\u1edbi thi\u1ec7u s\u1ea3n ph\u1ea9m qu\u00e0 T\u1ebft doanh nghi\u1ec7p\u00a0 &#8220;An Khang&#8221;. \u0110\u00e2y l\u00e0 s\u1ea3n ph\u1ea9m qu\u00e0 T\u1ebft c\u1ee7a \u0110\u1ea7u T\u01b0 Thanh c\u00f3 th\u00e0nh ph\u1ea7n l\u00e0 c\u00e1c m\u00f3n nh\u1eadp kh\u1ea9u cao c\u1ea5p t\u1eeb c\u00e1c qu\u1ed1c gia tr\u00ean th\u1ebf gi\u1edbi.<\/p>\n<ol>\n<li>B\u00e1nh \u00dd Trensor Dor (270g &#8211; \u00dd): B\u00e1nh \u00dd Trensor Dor \u0111\u1ebfn t\u1eeb \u00dd, n\u01a1i n\u1ed5i ti\u1ebfng v\u1edbi n\u1ec1n \u1ea9m th\u1ef1c phong ph\u00fa v\u00e0 \u0111\u1eb3ng c\u1ea5p.<\/li>\n<li>Socola Ferrero Rocher (200g &#8211; \u0110\u1ee9c): Socola cao c\u1ea5p Ferrero Rocher t\u1eeb \u0110\u1ee9c, v\u1edbi h\u01b0\u01a1ng v\u1ecb th\u01a1m ngon v\u00e0 ch\u1ea5t l\u01b0\u1ee3ng \u0111\u1ec9nh cao.<\/li>\n<li>H\u1ea1t maca (h\u0169) (200g &#8211; Vi\u1ec7t Nam): H\u1ea1t maca t\u1eeb Vi\u1ec7t Nam, mang l\u1ea1i s\u1ef1 b\u1ed5 sung dinh d\u01b0\u1ee1ng v\u00e0 n\u0103ng l\u01b0\u1ee3ng cho ng\u01b0\u1eddi nh\u1eadn qu\u00e0.<\/li>\n<li>H\u1ea1t \u0111i\u1ec1u rang mu\u1ed1i (h\u0169) (200g &#8211; Vi\u1ec7t Nam): H\u1ea1t \u0111i\u1ec1u rang mu\u1ed1i Vi\u1ec7t Nam, m\u1ed9t h\u01b0\u01a1ng v\u1ecb \u0111\u1ed9c \u0111\u00e1o v\u00e0 h\u1ea5p d\u1eabn.<\/li>\n<li>Nho kh\u00f4 (h\u0169) (200g &#8211; Vi\u1ec7t Nam): Nho kh\u00f4 Vi\u1ec7t Nam, ng\u1ecdt ng\u00e0o v\u00e0 th\u01a1m ph\u1ee9c, l\u00e0 \u0111i\u1ec3m nh\u1ea5n tuy\u1ec7t v\u1eddi cho b\u1eefa \u0103n.<\/li>\n<li>Vang Shiraz Bin 585 (750ml &#8211; \u00dac): Vang Shiraz Bin 585 \u00dac, \u0111\u1eadm \u0111\u00e0 v\u00e0 quy\u1ebfn r\u0169, l\u00e0 s\u1ef1 ho\u00e0n h\u1ea3o \u0111\u1ec3 k\u1ebft th\u00fac b\u1eefa ti\u1ec7c T\u1ebft.<\/li>\n<li>H\u1ed9p qu\u00e0 + t\u00fai \u0111\u1ef1ng (Theo thi\u1ebft k\u1ebf &#8211; Vi\u1ec7t Nam): H\u1ed9p qu\u00e0 \u0111\u01b0\u1ee3c thi\u1ebft k\u1ebf theo phong c\u00e1ch \u0111\u1ed9c \u0111\u00e1o, k\u00e8m theo t\u00fai \u0111\u1ef1ng sang tr\u1ecdng, t\u1ea1o n\u00ean m\u1ed9t b\u1ee9c tranh tinh t\u1ebf v\u00e0 qu\u00fd ph\u00e1i.<\/li>\n<\/ol>\n<p>S\u1ea3n ph\u1ea9m qu\u00e0 T\u1ebft doanh nghi\u1ec7p n\u00e0y c\u1ee7a c\u00f4ng ty qu\u00e0 T\u1ebft \u0110\u1ea7u T\u01b0 Thanh r\u1ea5t ph\u00f9 h\u1ee3p l\u00e0m qu\u00e0 T\u1ebft t\u1eb7ng kh\u00e1ch h\u00e0ng, qu\u00e0 t\u1eb7ng T\u1ebft \u0111\u1ed1i t\u00e1c, qu\u00e0 t\u1eb7ng T\u1ebft nh\u00e2n vi\u00ean trong d\u1ecbp T\u1ebft Nguy\u00ean \u0110\u00e1n s\u1eafp t\u1edbi.<\/p>\n","protected":false},"excerpt":{"rendered":"<p>C\u00f4ng ty qu\u00e0 T\u1ebft \u0110\u1ea7u T\u01b0 Thanh xin gi\u1edbi thi\u1ec7u s\u1ea3n ph\u1ea9m qu\u00e0 T\u1ebft doanh nghi\u1ec7p\u00a0 &#8220;An Khang&#8221;. \u0110\u00e2y l\u00e0 s\u1ea3n ph\u1ea9m qu\u00e0 T\u1ebft c\u1ee7a \u0110\u1ea7u T\u01b0 Thanh c\u00f3 th\u00e0nh ph\u1ea7n l\u00e0 c\u00e1c m\u00f3n nh\u1eadp kh\u1ea9u cao c\u1ea5p t\u1eeb c\u00e1c qu\u1ed1c gia tr\u00ean th\u1ebf gi\u1edbi. B\u00e1nh \u00dd Trensor Dor (270g &#8211; \u00dd): B\u00e1nh \u00dd Trensor &#8230;<\/p>\n","protected":false},"featured_media":2141,"comment_status":"open","ping_status":"closed","template":"","meta":[],"product_cat":[98],"product_tag":[],"class_list":["post-2140","product","type-product","status-publish","has-post-thumbnail","hentry","product_cat-gio-qua-tet"],"_links":{"self":[{"href":"https:\/\/khogiaodienmau.net\/quatet\/wp-json\/wp\/v2\/product\/2140"}],"collection":[{"href":"https:\/\/khogiaodienmau.net\/quatet\/wp-json\/wp\/v2\/product"}],"about":[{"href":"https:\/\/khogiaodienmau.net\/quatet\/wp-json\/wp\/v2\/types\/product"}],"replies":[{"embeddable":true,"href":"https:\/\/khogiaodienmau.net\/quatet\/wp-json\/wp\/v2\/comments?post=2140"}],"wp:featuredmedia":[{"embeddable":true,"href":"https:\/\/khogiaodienmau.net\/quatet\/wp-json\/wp\/v2\/media\/2141"}],"wp:attachment":[{"href":"https:\/\/khogiaodienmau.net\/quatet\/wp-json\/wp\/v2\/media?parent=2140"}],"wp:term":[{"taxonomy":"product_cat","embeddable":true,"href":"https:\/\/khogiaodienmau.net\/quatet\/wp-json\/wp\/v2\/product_cat?post=2140"},{"taxonomy":"product_tag","embeddable":true,"href":"https:\/\/khogiaodienmau.net\/quatet\/wp-json\/wp\/v2\/product_tag?post=2140"}],"curies":[{"name":"wp","href":"https:\/\/api.w.org\/{rel}","templated":true}]}}