{"id":2135,"date":"2023-11-20T18:22:24","date_gmt":"2023-11-20T11:22:24","guid":{"rendered":"https:\/\/khogiaodienmau.net\/quatet\/?post_type=product&#038;p=2135"},"modified":"2023-11-20T18:22:24","modified_gmt":"2023-11-20T11:22:24","slug":"hop-qua-tet-loc-phat-hq288","status":"publish","type":"product","link":"https:\/\/khogiaodienmau.net\/quatet\/san-pham\/hop-qua-tet-loc-phat-hq288\/","title":{"rendered":"H\u1ed9p Qu\u00e0 T\u1ebft L\u1ed9c Ph\u00e1t HQ288"},"content":{"rendered":"<p style=\"font-weight: 400;\">V\u1edbi \u0111\u1ed1i t\u00e1c hay kh\u00e1ch h\u00e0ng m\u1edbi, m\u00f3n qu\u00e0 ng\u00e0y T\u1ebft l\u00e0 c\u00e1ch gi\u00fap b\u1ea1n kh\u00e9o l\u00e9o b\u00e0y t\u1ecf s\u1ef1 tri \u00e2n d\u00e0nh cho h\u1ecd \u0111\u00e3 tin t\u01b0\u1edfng v\u00e0 \u0111\u1ed3ng h\u00e0nh c\u00f9ng b\u1ea1n. T\u1ebft n\u0103m nay,\u00a0<b>M\u1eabu h\u1ed9p qu\u00e0 T\u1ebft L\u1ed9c Ph\u00e1t<\/b>\u00a02024 t\u1eeb Q\u00f9a T\u1ebft C\u1ed1ng Qu\u1ef3nh k\u00e8m l\u1eddi ch\u00fac m\u1ed9t n\u0103m c\u00f3 nhi\u1ec1u T\u00e0i L\u1ed9c v\u00e0 l\u00e0m \u0103n Ph\u00e1t \u0110\u1ea1t \u0111\u1eb7c bi\u1ec7t th\u00edch h\u1ee3p v\u1edbi \u00fd ngh\u0129a giao h\u1ea3o n\u00e0y.<\/p>\n<p style=\"font-weight: 400;\">H\u1ed9p qu\u00e0 T\u1ebft n\u00e0y t\u1ea1o \u1ea5n t\u01b0\u1ee3ng m\u1ea1nh m\u1ebd v\u1edbi nh\u1eefng b\u00f4ng hoa r\u1ef1c r\u1ee1 \u0111\u1ea7y m\u00e0u s\u1eafc b\u00ean ngo\u00e0i t\u01b0\u1ee3ng tr\u01b0ng cho s\u1ef1 ph\u00e1t \u0111\u1ea1t v\u00e0 may m\u1eafn, mang \u0111\u1ebfn s\u1ef1 phong c\u00e1ch v\u00e0 \u0111\u1ed9c \u0111\u00e1o, g\u1ee3i l\u00ean tinh th\u1ea7n th\u1ecbnh v\u01b0\u1ee3ng v\u00e0 th\u00e0nh c\u00f4ng cho n\u0103m m\u1edbi.<\/p>\n","protected":false},"excerpt":{"rendered":"<p>V\u1edbi \u0111\u1ed1i t\u00e1c hay kh\u00e1ch h\u00e0ng m\u1edbi, m\u00f3n qu\u00e0 ng\u00e0y T\u1ebft l\u00e0 c\u00e1ch gi\u00fap b\u1ea1n kh\u00e9o l\u00e9o b\u00e0y t\u1ecf s\u1ef1 tri \u00e2n d\u00e0nh cho h\u1ecd \u0111\u00e3 tin t\u01b0\u1edfng v\u00e0 \u0111\u1ed3ng h\u00e0nh c\u00f9ng b\u1ea1n. T\u1ebft n\u0103m nay,\u00a0M\u1eabu h\u1ed9p qu\u00e0 T\u1ebft L\u1ed9c Ph\u00e1t\u00a02024 t\u1eeb Q\u00f9a T\u1ebft C\u1ed1ng Qu\u1ef3nh k\u00e8m l\u1eddi ch\u00fac m\u1ed9t n\u0103m c\u00f3 nhi\u1ec1u T\u00e0i L\u1ed9c &#8230;<\/p>\n","protected":false},"featured_media":2136,"comment_status":"open","ping_status":"closed","template":"","meta":[],"product_cat":[97],"product_tag":[],"class_list":["post-2135","product","type-product","status-publish","has-post-thumbnail","hentry","product_cat-hop-qua-tet"],"_links":{"self":[{"href":"https:\/\/khogiaodienmau.net\/quatet\/wp-json\/wp\/v2\/product\/2135"}],"collection":[{"href":"https:\/\/khogiaodienmau.net\/quatet\/wp-json\/wp\/v2\/product"}],"about":[{"href":"https:\/\/khogiaodienmau.net\/quatet\/wp-json\/wp\/v2\/types\/product"}],"replies":[{"embeddable":true,"href":"https:\/\/khogiaodienmau.net\/quatet\/wp-json\/wp\/v2\/comments?post=2135"}],"wp:featuredmedia":[{"embeddable":true,"href":"https:\/\/khogiaodienmau.net\/quatet\/wp-json\/wp\/v2\/media\/2136"}],"wp:attachment":[{"href":"https:\/\/khogiaodienmau.net\/quatet\/wp-json\/wp\/v2\/media?parent=2135"}],"wp:term":[{"taxonomy":"product_cat","embeddable":true,"href":"https:\/\/khogiaodienmau.net\/quatet\/wp-json\/wp\/v2\/product_cat?post=2135"},{"taxonomy":"product_tag","embeddable":true,"href":"https:\/\/khogiaodienmau.net\/quatet\/wp-json\/wp\/v2\/product_tag?post=2135"}],"curies":[{"name":"wp","href":"https:\/\/api.w.org\/{rel}","templated":true}]}}