{"id":2134,"date":"2023-11-20T18:19:48","date_gmt":"2023-11-20T11:19:48","guid":{"rendered":"https:\/\/khogiaodienmau.net\/quatet\/?post_type=product&#038;p=2134"},"modified":"2023-11-20T18:19:48","modified_gmt":"2023-11-20T11:19:48","slug":"hop-qua-tet-phu-quy-hq303","status":"publish","type":"product","link":"https:\/\/khogiaodienmau.net\/quatet\/san-pham\/hop-qua-tet-phu-quy-hq303\/","title":{"rendered":"H\u1ed9p Qu\u00e0 T\u1ebft Ph\u00fa Qu\u00fd HQ303"},"content":{"rendered":"<p>H\u1ed9p Qu\u00e0 T\u1ebft Ph\u00fa Qu\u00fd HQ303 gi\u00e1 t\u1ed1t, s\u1ea3n ph\u1ea9m ch\u00ednh h\u00e3ng 100% trong n\u01b0\u1edbc v\u00e0 xu\u1ea5t kh\u1ea9u, chi\u1ebft kh\u1ea5u cao, giao h\u00e0ng t\u1eadn n\u01a1i, xu\u1ea5t h\u00f3a \u0111\u01a1n VAT. G\u1ecdi ngay \u0111\u1ec3 \u0111\u01b0\u1ee3c b\u00e1o gi\u00e1 v\u00e0 chi\u1ebft kh\u1ea5u t\u1ed1t nh\u1ea5t. Hotline: 0906 986 885<\/p>\n<p style=\"font-weight: 400;\">M\u1ed9t trong nh\u1eefng mong \u01b0\u1edbc v\u00e0o m\u1ed7i d\u1ecbp T\u1ebft \u0111\u1ebfn Xu\u00e2n v\u1ec1 m\u00e0 h\u1ea7u h\u1ebft ai c\u0169ng mong \u01b0\u1edbc c\u00f3 \u0111\u01b0\u1ee3c \u0111\u00f3 l\u00e0 s\u1ef1 gi\u00e0u sang ph\u00fa qu\u00fd v\u00e0 may m\u1eafn ng\u1eadp tr\u00e0n. Ch\u00ednh v\u00ec th\u1ebf, m\u1eabu\u00a0<b><em>h\u1ed9p qu\u00e0 T\u1ebft Ph\u00fa\u00a0Qu\u00fd t\u1eeb C\u1ed1ng Qu\u1ef3nh<\/em><\/b>\u00a0v\u1edbi \u00fd ngh\u0129a v\u1ec1 s\u1ef1 ph\u00fa qu\u00fd \u0111\u1ea1i c\u00e1t \u0111\u1ea1i l\u1ee3i lu\u00f4n l\u00e0 s\u1ef1 l\u1ef1a ch\u1ecdn \u0111\u01b0\u1ee3c r\u1ea5t nhi\u1ec1u ng\u01b0\u1eddi y\u00eau th\u00edch d\u00e0nh t\u1eb7ng \u0111\u1ed1i t\u00e1c, kh\u00e1ch h\u00e0ng.<\/p>\n<p style=\"font-weight: 400;\">B\u1ed9 s\u01b0u t\u1eadp l\u1ea5y c\u1ea3m h\u1ee9ng t\u1eeb h\u00ecnh \u1ea3nh \u0111\u1eb7c tr\u01b0ng c\u1ee7a t\u1eebng v\u00f9ng mi\u1ec1n. T\u1eeb B\u1eafc ch\u00ed Nam, t\u1eeb th\u00e0nh ph\u1ed1 t\u1edbi mi\u1ec1n qu\u00ea, c\u00e1i T\u1ebft c\u1ed5 truy\u1ec1n c\u1ee7a c\u1ea3 \u0111\u1ea5t n\u01b0\u1edbc nh\u01b0 \u0111\u01b0\u1ee3c g\u00f3i g\u1ecdn v\u00e0 th\u1ec3 hi\u1ec7n r\u00f5 n\u00e9t qua nh\u1eefng h\u00ecnh \u1ea3nh th\u00e2n th\u01b0\u01a1ng, \u0111\u01b0\u1ee3c \u00e9p kim n\u1ed5i b\u1eadt v\u00e0 sang tr\u1ecdng tr\u00ean m\u1eb7t h\u1ed9p. \u0110i\u1ec1u \u0111\u1eb7c bi\u1ec7t l\u00e0 khung c\u1ea3nh r\u1ef1c r\u1ee1 s\u1eafc xu\u00e2n khi m\u1edf h\u1ed9p qu\u00e0. T\u1ea5t c\u1ea3 th\u1ec3 hi\u1ec7n m\u1ed9t c\u00e1ch tr\u1ef1c quan v\u00e0 sinh \u0111\u1ed9ng th\u00f4ng qua k\u1ef9 thu\u1eadt d\u1ef1ng 3D, nh\u1eefng \u0111\u01b0\u1eddng c\u1eaft t\u1ec9 m\u1ec9 t\u1ea1o ra hi\u1ec7u \u1ee9ng s\u00e2u v\u00e0 r\u00f5 n\u00e9t, khi\u1ebfn ng\u01b0\u1eddi nh\u1eadn c\u1ea3m th\u1ea5y nh\u01b0 h\u1ecd \u0111ang nh\u00ecn v\u00e0o m\u1ed9t b\u1ee9c tranh s\u1ed1ng \u0111\u1ed9ng.<\/p>\n","protected":false},"excerpt":{"rendered":"<p>H\u1ed9p Qu\u00e0 T\u1ebft Ph\u00fa Qu\u00fd HQ303 gi\u00e1 t\u1ed1t, s\u1ea3n ph\u1ea9m ch\u00ednh h\u00e3ng 100% trong n\u01b0\u1edbc v\u00e0 xu\u1ea5t kh\u1ea9u, chi\u1ebft kh\u1ea5u cao, giao h\u00e0ng t\u1eadn n\u01a1i, xu\u1ea5t h\u00f3a \u0111\u01a1n VAT. G\u1ecdi ngay \u0111\u1ec3 \u0111\u01b0\u1ee3c b\u00e1o gi\u00e1 v\u00e0 chi\u1ebft kh\u1ea5u t\u1ed1t nh\u1ea5t. Hotline: 0906 986 885 M\u1ed9t trong nh\u1eefng mong \u01b0\u1edbc v\u00e0o m\u1ed7i d\u1ecbp T\u1ebft \u0111\u1ebfn Xu\u00e2n &#8230;<\/p>\n","protected":false},"featured_media":2081,"comment_status":"open","ping_status":"closed","template":"","meta":[],"product_cat":[97],"product_tag":[],"class_list":["post-2134","product","type-product","status-publish","has-post-thumbnail","hentry","product_cat-hop-qua-tet"],"_links":{"self":[{"href":"https:\/\/khogiaodienmau.net\/quatet\/wp-json\/wp\/v2\/product\/2134"}],"collection":[{"href":"https:\/\/khogiaodienmau.net\/quatet\/wp-json\/wp\/v2\/product"}],"about":[{"href":"https:\/\/khogiaodienmau.net\/quatet\/wp-json\/wp\/v2\/types\/product"}],"replies":[{"embeddable":true,"href":"https:\/\/khogiaodienmau.net\/quatet\/wp-json\/wp\/v2\/comments?post=2134"}],"wp:featuredmedia":[{"embeddable":true,"href":"https:\/\/khogiaodienmau.net\/quatet\/wp-json\/wp\/v2\/media\/2081"}],"wp:attachment":[{"href":"https:\/\/khogiaodienmau.net\/quatet\/wp-json\/wp\/v2\/media?parent=2134"}],"wp:term":[{"taxonomy":"product_cat","embeddable":true,"href":"https:\/\/khogiaodienmau.net\/quatet\/wp-json\/wp\/v2\/product_cat?post=2134"},{"taxonomy":"product_tag","embeddable":true,"href":"https:\/\/khogiaodienmau.net\/quatet\/wp-json\/wp\/v2\/product_tag?post=2134"}],"curies":[{"name":"wp","href":"https:\/\/api.w.org\/{rel}","templated":true}]}}