{"id":41,"date":"2019-11-14T09:22:20","date_gmt":"2019-11-14T02:22:20","guid":{"rendered":"http:\/\/hb997.giaodienwebsite.top\/?page_id=41"},"modified":"2023-11-20T19:03:29","modified_gmt":"2023-11-20T12:03:29","slug":"lien-he","status":"publish","type":"page","link":"https:\/\/khogiaodienmau.net\/quatet\/lien-he\/","title":{"rendered":"Li\u00ean h\u1ec7"},"content":{"rendered":"\t<div class=\"img has-hover x md-x lg-x y md-y lg-y\" id=\"image_1112670616\">\n\t\t\t\t\t\t\t\t<div class=\"img-inner dark\" >\n\t\t\t<img loading=\"lazy\" decoding=\"async\" width=\"1920\" height=\"762\" src=\"https:\/\/khogiaodienmau.net\/quatet\/wp-content\/uploads\/2023\/11\/qua-tet-banner-2024.jpg\" class=\"attachment-original size-original\" alt=\"\" srcset=\"https:\/\/khogiaodienmau.net\/quatet\/wp-content\/uploads\/2023\/11\/qua-tet-banner-2024.jpg 1920w, https:\/\/khogiaodienmau.net\/quatet\/wp-content\/uploads\/2023\/11\/qua-tet-banner-2024-300x119.jpg 300w, https:\/\/khogiaodienmau.net\/quatet\/wp-content\/uploads\/2023\/11\/qua-tet-banner-2024-600x238.jpg 600w, https:\/\/khogiaodienmau.net\/quatet\/wp-content\/uploads\/2023\/11\/qua-tet-banner-2024-1024x406.jpg 1024w, https:\/\/khogiaodienmau.net\/quatet\/wp-content\/uploads\/2023\/11\/qua-tet-banner-2024-768x305.jpg 768w, https:\/\/khogiaodienmau.net\/quatet\/wp-content\/uploads\/2023\/11\/qua-tet-banner-2024-1536x610.jpg 1536w\" sizes=\"(max-width: 1920px) 100vw, 1920px\" \/>\t\t\t\t\t\t\n\t\t\t\t\t<\/div>\n\t\t\t\t\t\t\t\t\n<style>\n#image_1112670616 {\n  width: 100%;\n}\n<\/style>\n\t<\/div>\n\t\n\t<div id=\"gap-1058860029\" class=\"gap-element clearfix\" style=\"display:block; height:auto;\">\n\t\t\n<style>\n#gap-1058860029 {\n  padding-top: 30px;\n}\n<\/style>\n\t<\/div>\n\t\n<div class=\"row\"  id=\"row-756238492\">\n\n\t<div id=\"col-150491871\" class=\"col medium-4 small-12 large-4\"  >\n\t\t\t\t<div class=\"col-inner\"  >\n\t\t\t\n\t\t\t\n\t<div class=\"img has-hover x md-x lg-x y md-y lg-y\" id=\"image_378004932\">\n\t\t\t\t\t\t\t\t<div class=\"img-inner dark\" >\n\t\t\t<img loading=\"lazy\" decoding=\"async\" width=\"1000\" height=\"1000\" src=\"https:\/\/khogiaodienmau.net\/quatet\/wp-content\/uploads\/2023\/11\/Xuan_Thinh_Vuong_1.png\" class=\"attachment-large size-large\" alt=\"\" srcset=\"https:\/\/khogiaodienmau.net\/quatet\/wp-content\/uploads\/2023\/11\/Xuan_Thinh_Vuong_1.png 1000w, https:\/\/khogiaodienmau.net\/quatet\/wp-content\/uploads\/2023\/11\/Xuan_Thinh_Vuong_1-300x300.png 300w, https:\/\/khogiaodienmau.net\/quatet\/wp-content\/uploads\/2023\/11\/Xuan_Thinh_Vuong_1-100x100.png 100w, https:\/\/khogiaodienmau.net\/quatet\/wp-content\/uploads\/2023\/11\/Xuan_Thinh_Vuong_1-600x600.png 600w, https:\/\/khogiaodienmau.net\/quatet\/wp-content\/uploads\/2023\/11\/Xuan_Thinh_Vuong_1-150x150.png 150w, https:\/\/khogiaodienmau.net\/quatet\/wp-content\/uploads\/2023\/11\/Xuan_Thinh_Vuong_1-768x768.png 768w\" sizes=\"(max-width: 1000px) 100vw, 1000px\" \/>\t\t\t\t\t\t\n\t\t\t\t\t<\/div>\n\t\t\t\t\t\t\t\t\n<style>\n#image_378004932 {\n  width: 100%;\n}\n<\/style>\n\t<\/div>\n\t\n\t\t<\/div>\n\t\t\t\t\t<\/div>\n\n\t\n\n\t<div id=\"col-1297254342\" class=\"col medium-8 small-12 large-8\"  >\n\t\t\t\t<div class=\"col-inner\"  >\n\t\t\t\n\t\t\t\n<div class=\"fusion-text\">\n<div class=\"styles-section-title styles-selector\">\n<div class=\"fusion-text\">\n<div>Qu\u00e0 T\u1ebft C\u1ed1ng Qu\u1ef3nh ra \u0111\u1eddi v\u00e0 ph\u00e1t tri\u1ec3n v\u1edbi mong mu\u1ed1n gi\u00fap qu\u00fd kh\u00e1ch h\u00e0ng g\u1eedi tr\u1ecdn nh\u1eefng t\u00ecnh c\u1ea3m t\u1ed1t \u0111\u1eb9p nh\u1ea5t \u0111\u1ebfn ng\u01b0\u1eddi th\u00e2n, b\u1ea1n b\u00e8, \u0111\u1ed1i t\u00e1c, kh\u00e1ch h\u00e0ng,\u2026 th\u00f4ng qua nh\u1eefng m\u00f3n qu\u00e0 y\u00eau th\u01b0\u01a1ng, \u0111\u1ea7y \u00fd ngh\u0129a.<\/div>\n<div>\u00a0<\/div>\n<div>M\u1ecdi \u00fd ki\u1ebfn \u0111\u00f3ng g\u00f3p v\u00e0 th\u1eafc m\u1eafc xin g\u1eedi v\u1ec1 cho ch\u00fang t\u00f4i qua \u0111\u1ecba ch\u1ec9<\/div>\n<div>\n<p>S\u1ed1 9 Ng\u1ecdc H\u1ed3i, Ho\u00e0ng Mai, H\u00e0 N\u1ed9i<\/p>\n<p>S\u1ed1 \u0111i\u1ec7n tho\u1ea1i: 0916 999888<\/p>\n<p>congtyaquatet@gmail.com<\/p>\n<p>https:\/\/aaaaaa.com<\/p>\n<\/div>\n<\/div>\n<\/div>\n<\/div>\n\t\t<\/div>\n\t\t\t\t\t<\/div>\n\n\t\n<\/div>\n","protected":false},"excerpt":{"rendered":"","protected":false},"author":2,"featured_media":0,"parent":0,"menu_order":0,"comment_status":"closed","ping_status":"closed","template":"page-right-sidebar.php","meta":{"footnotes":""},"class_list":["post-41","page","type-page","status-publish","hentry"],"_links":{"self":[{"href":"https:\/\/khogiaodienmau.net\/quatet\/wp-json\/wp\/v2\/pages\/41"}],"collection":[{"href":"https:\/\/khogiaodienmau.net\/quatet\/wp-json\/wp\/v2\/pages"}],"about":[{"href":"https:\/\/khogiaodienmau.net\/quatet\/wp-json\/wp\/v2\/types\/page"}],"author":[{"embeddable":true,"href":"https:\/\/khogiaodienmau.net\/quatet\/wp-json\/wp\/v2\/users\/2"}],"replies":[{"embeddable":true,"href":"https:\/\/khogiaodienmau.net\/quatet\/wp-json\/wp\/v2\/comments?post=41"}],"version-history":[{"count":13,"href":"https:\/\/khogiaodienmau.net\/quatet\/wp-json\/wp\/v2\/pages\/41\/revisions"}],"predecessor-version":[{"id":2182,"href":"https:\/\/khogiaodienmau.net\/quatet\/wp-json\/wp\/v2\/pages\/41\/revisions\/2182"}],"wp:attachment":[{"href":"https:\/\/khogiaodienmau.net\/quatet\/wp-json\/wp\/v2\/media?parent=41"}],"curies":[{"name":"wp","href":"https:\/\/api.w.org\/{rel}","templated":true}]}}