{"id":39,"date":"2019-11-14T09:22:14","date_gmt":"2019-11-14T02:22:14","guid":{"rendered":"http:\/\/hb997.giaodienwebsite.top\/?page_id=39"},"modified":"2023-11-20T23:49:38","modified_gmt":"2023-11-20T16:49:38","slug":"gioi-thieu","status":"publish","type":"page","link":"https:\/\/khogiaodienmau.net\/quatet\/gioi-thieu\/","title":{"rendered":"Gi\u1edbi thi\u1ec7u"},"content":{"rendered":"\t<div class=\"img has-hover x md-x lg-x y md-y lg-y\" id=\"image_1889473663\">\n\t\t\t\t\t\t\t\t<div class=\"img-inner dark\" >\n\t\t\t<img loading=\"lazy\" decoding=\"async\" width=\"1020\" height=\"378\" src=\"https:\/\/khogiaodienmau.net\/quatet\/wp-content\/uploads\/2023\/11\/slider3-1024x379.webp\" class=\"attachment-large size-large\" alt=\"\" srcset=\"https:\/\/khogiaodienmau.net\/quatet\/wp-content\/uploads\/2023\/11\/slider3-1024x379.webp 1024w, https:\/\/khogiaodienmau.net\/quatet\/wp-content\/uploads\/2023\/11\/slider3-scaled-300x111.webp 300w, https:\/\/khogiaodienmau.net\/quatet\/wp-content\/uploads\/2023\/11\/slider3-scaled-600x222.webp 600w, https:\/\/khogiaodienmau.net\/quatet\/wp-content\/uploads\/2023\/11\/slider3-768x284.webp 768w, https:\/\/khogiaodienmau.net\/quatet\/wp-content\/uploads\/2023\/11\/slider3-1536x569.webp 1536w, https:\/\/khogiaodienmau.net\/quatet\/wp-content\/uploads\/2023\/11\/slider3-2048x758.webp 2048w\" sizes=\"(max-width: 1020px) 100vw, 1020px\" \/>\t\t\t\t\t\t\n\t\t\t\t\t<\/div>\n\t\t\t\t\t\t\t\t\n<style>\n#image_1889473663 {\n  width: 100%;\n}\n<\/style>\n\t<\/div>\n\t\n\t<div id=\"gap-776595367\" class=\"gap-element clearfix\" style=\"display:block; height:auto;\">\n\t\t\n<style>\n#gap-776595367 {\n  padding-top: 30px;\n}\n<\/style>\n\t<\/div>\n\t\n<div class=\"styles-section-title styles-selector\">\n<div class=\"fusion-text\">C\u00f4ng ty C\u1ed5 ph\u1ea7n Gi\u1ea3i ph\u00e1p \u0110\u1ea7u t\u01b0 Thanh (website: congtyquatet.com) l\u00e0 m\u1ed9t \u0111\u01a1n v\u1ecb h\u00e0ng \u0111\u1ea7u t\u1ea1i Vi\u1ec7t Nam trong l\u0129nh v\u1ef1c cung c\u1ea5p\u00a0<strong><u>qu\u00e0 t\u1ebft<\/u><\/strong>\u00a0ph\u00f9 h\u1ee3p nhi\u1ec1u \u0111\u1ed1i t\u01b0\u1ee3ng, nhi\u1ec1u s\u1ef1 l\u1ef1a ch\u1ecdn kh\u00e1c nhau cho kh\u00e1ch h\u00e0ng t\u1ea1i mi\u1ec1n B\u1eafc v\u00e0 to\u00e0n Qu\u1ed1c. V\u1edbi nhi\u1ec1u n\u0103m kinh nghi\u1ec7m trong l\u0129nh v\u1ef1c d\u1ecbch v\u1ee5 qu\u00e0 t\u1ebft,\u00a0 ch\u00fang t\u00f4i t\u1ef1 h\u00e0o mang \u0111\u1ebfn c\u00e1c s\u1ea3n ph\u1ea9m\u00a0<u>Gi\u1ecf qu\u00e0 t\u1ebft<\/u>,\u00a0<u>h\u1ed9p qu\u00e0 T\u1ebft<\/u>\u00a0v\u1edbi ki\u1ec3u d\u00e1ng sang tr\u1ecdng, ch\u1ea5t l\u01b0\u1ee3ng \u0111\u1ea3m b\u1ea3o, gi\u00e1 c\u1ea3 c\u1ea1nh tranh s\u1ebd l\u00e0m h\u00e0i l\u00f2ng qu\u00fd kh\u00e1ch.<strong>Qu\u00e0 t\u1ebft \u0110\u1ea7u T\u01b0 Thanh\u00a0lu\u00f4n \u0111\u1ea3m b\u1ea3o ch\u1ea5t l\u01b0\u1ee3ng, giao h\u00e0ng \u0111\u00fang ti\u1ebfn \u0111\u1ed9, n\u0103ng l\u1ef1c cung c\u1ea5p \u0111\u01a1n h\u00e0ng l\u1edbn. D\u1ecbch v\u1ee5 \u0111\u00f3ng g\u00f3i v\u00e0 cung c\u1ea5p c\u00e1c s\u1ea3n ph\u1ea9m qu\u00e0 t\u1ebft chuy\u00ean nghi\u1ec7p, uy t\u00edn nh\u01b0:<\/strong><\/p>\n<ul>\n<li>Cung c\u1ea5p H\u1ed9p qu\u00e0 t\u1ebft<\/li>\n<li>Cung c\u1ea5p Gi\u1ecf qu\u00e0 t\u1ebft<\/li>\n<li>Cung c\u1ea5p Set qu\u00e0 T\u1ebft<\/li>\n<li>Cung c\u1ea5p T\u00fai qu\u00e0 t\u1ebft<\/li>\n<li>Cung c\u1ea5p\u00a0<strong>Qu\u00e0 t\u1ebft doanh nghi\u1ec7p<\/strong>\u00a0theo y\u00eau c\u1ea7u<\/li>\n<\/ul>\n<p>Qu\u00e0 t\u1ebft \u0110\u1ea7u T\u01b0 Thanh lu\u00f4n \u0111\u01b0\u1ee3c Qu\u00fd \u0111\u1ed1i t\u00e1c, Qu\u00fd kh\u00e1ch h\u00e0ng tin t\u01b0\u1edfng m\u1ed7i d\u1ecbp t\u1ebft \u0111\u1ebfn xu\u00e2n v\u1ec1. Ch\u00fang t\u00f4i s\u1ebd thay Qu\u00fd kh\u00e1ch h\u00e0ng g\u1eedi trao g\u1eedi nh\u1eefng t\u00ecnh c\u1ea3m, th\u00f4ng \u0111i\u1ec7p v\u00e0o t\u1eebng m\u00f3n qu\u00e0 t\u1ebft sang tr\u1ecdng, tinh t\u1ebf do c\u00f4ng ty thi\u1ebft k\u1ebf.C\u00f4ng ty Qu\u00e0 t\u1ebft \u0110\u1ea7u t\u01b0 Thanh \u0111\u00e3 cung c\u1ea5p h\u01a1n 10.000 su\u1ea5t qu\u00e0 t\u1ebft m\u1ed7i n\u0103m cho c\u00e1c kh\u00e1ch h\u00e0ng l\u00e0 c\u00e1c khu c\u00f4ng nghi\u1ec7p, c\u00e1c doanh nghi\u1ec7p, t\u1ed5 ch\u1ee9c trong v\u00e0 ngo\u00e0i n\u01b0\u1edbc.<\/p><\/div>\n<\/div>\n","protected":false},"excerpt":{"rendered":"<p>C\u00f4ng ty C\u1ed5 ph\u1ea7n Gi\u1ea3i ph\u00e1p \u0110\u1ea7u t\u01b0 Thanh (website: congtyquatet.com) l\u00e0 m\u1ed9t \u0111\u01a1n v\u1ecb h\u00e0ng \u0111\u1ea7u t\u1ea1i Vi\u1ec7t Nam trong l\u0129nh v\u1ef1c cung c\u1ea5p\u00a0qu\u00e0 t\u1ebft\u00a0ph\u00f9 h\u1ee3p nhi\u1ec1u \u0111\u1ed1i t\u01b0\u1ee3ng, nhi\u1ec1u s\u1ef1 l\u1ef1a ch\u1ecdn kh\u00e1c nhau cho kh\u00e1ch h\u00e0ng t\u1ea1i mi\u1ec1n B\u1eafc v\u00e0 to\u00e0n Qu\u1ed1c. V\u1edbi nhi\u1ec1u n\u0103m kinh nghi\u1ec7m trong l\u0129nh v\u1ef1c d\u1ecbch v\u1ee5 &#8230;<\/p>\n","protected":false},"author":2,"featured_media":0,"parent":0,"menu_order":0,"comment_status":"closed","ping_status":"closed","template":"page-right-sidebar.php","meta":{"footnotes":""},"class_list":["post-39","page","type-page","status-publish","hentry"],"_links":{"self":[{"href":"https:\/\/khogiaodienmau.net\/quatet\/wp-json\/wp\/v2\/pages\/39"}],"collection":[{"href":"https:\/\/khogiaodienmau.net\/quatet\/wp-json\/wp\/v2\/pages"}],"about":[{"href":"https:\/\/khogiaodienmau.net\/quatet\/wp-json\/wp\/v2\/types\/page"}],"author":[{"embeddable":true,"href":"https:\/\/khogiaodienmau.net\/quatet\/wp-json\/wp\/v2\/users\/2"}],"replies":[{"embeddable":true,"href":"https:\/\/khogiaodienmau.net\/quatet\/wp-json\/wp\/v2\/comments?post=39"}],"version-history":[{"count":6,"href":"https:\/\/khogiaodienmau.net\/quatet\/wp-json\/wp\/v2\/pages\/39\/revisions"}],"predecessor-version":[{"id":2189,"href":"https:\/\/khogiaodienmau.net\/quatet\/wp-json\/wp\/v2\/pages\/39\/revisions\/2189"}],"wp:attachment":[{"href":"https:\/\/khogiaodienmau.net\/quatet\/wp-json\/wp\/v2\/media?parent=39"}],"curies":[{"name":"wp","href":"https:\/\/api.w.org\/{rel}","templated":true}]}}