{"id":561,"date":"2021-10-19T00:25:12","date_gmt":"2021-10-18T17:25:12","guid":{"rendered":"http:\/\/mypham2.themevivu.com\/?post_type=product&#038;p=561"},"modified":"2021-10-26T18:36:46","modified_gmt":"2021-10-26T11:36:46","slug":"facial-care-ice-mask-hathor-beauty","status":"publish","type":"product","link":"https:\/\/khogiaodienmau.net\/mypham16\/san-pham\/facial-care-ice-mask-hathor-beauty\/","title":{"rendered":"FACIAL CARE ICE MASK HATHOR BEAUTY"},"content":{"rendered":"<p style=\"text-align: justify;\">Trong quy tr\u00ecnh ch\u0103m s\u00f3c da c\u01a1 b\u1ea3n \u0111\u1ec3 c\u00f3 \u0111\u01b0\u1ee3c hi\u1ec7u qu\u1ea3 cao kh\u00f4ng th\u1ec3 b\u1ecf qua b\u01b0\u1edbc v\u00f4 c\u00f9ng quan tr\u1ecdng \u0111\u00f3 ch\u00ednh l\u00e0 \u0111\u1eafp m\u1eb7t n\u1ea1. Da m\u1eb7t c\u1ee7a b\u1ea1n s\u1ebd \u0111\u01b0\u1ee3c \u201cth\u01b0 gi\u00e3n\u201d v\u00e0 c\u00f3 \u201c\u0111i\u1ec3m ngh\u1ec9\u201d sau m\u1ed9t ng\u00e0y \u0111\u1ea7y nh\u1eefng m\u1ec7t m\u1ecfi v\u00e0 lo \u00e2u.<\/p>\n<p style=\"text-align: justify;\">Ch\u1ec9 b\u1eb1ng m\u1ed9t qu\u1ea3 d\u01b0a chu\u1ed9t, qu\u1ea3 c\u00e0 chua, m\u1ed9t h\u1ed9p s\u1eefa chua,&#8230; b\u1ea1n c\u0169ng c\u00f3 th\u1ec3 t\u1ea1o ra cho m\u00ecnh m\u1ed9t chi\u1ebfc m\u1eb7t n\u1ea1 c\u1ea5p \u1ea9m l\u00e0n da. \u0110\u1ed3ng th\u1eddi, hi\u1ec7n nay tr\u00ean th\u1ecb tr\u01b0\u1eddng c\u0169ng \u0111\u00e3 xu\u1ea5t hi\u1ec7n \u0111a d\u1ea1ng c\u00e1c s\u1ea3n ph\u1ea9m m\u1eb7t n\u1ea1 nh\u01b0 gi\u1ea5y, \u0111\u1ea5t s\u00e9t, than ho\u1ea1t t\u00ednh, d\u1ea1ng kem,&#8230; \u0111\u1ec3 b\u1ea1n c\u00f3 th\u1ec3 l\u1ef1a ch\u1ecdn ph\u00f9 h\u1ee3p v\u1edbi t\u00ecnh tr\u1ea1ng v\u00e0 nhu c\u1ea7u l\u00e0n da.<\/p>\n<p style=\"text-align: justify;\">Sau m\u1ed9t kho\u1ea3ng th\u1eddi gian \u1ea5p \u1ee7 v\u00e0 nghi\u00ean c\u1ee9u, s\u1ea3n ph\u1ea9m Facial Care Ice Mask c\u1ee7a <strong>Hathor Beauty<\/strong> \u0111\u00e3 \u0111\u01b0\u1ee3c ra \u0111\u1eddi. B\u00ean c\u1ea1nh vi\u1ec7c ti\u1ec7n l\u1ee3i cho ng\u01b0\u1eddi s\u1eed d\u1ee5ng, s\u1ea3n ph\u1ea9m \u0111\u00e3 \u0111\u01b0\u1ee3c \u0111\u00e1nh gi\u00e1 an to\u00e0n v\u00e0 ph\u00f9 h\u1ee3p v\u1edbi nhi\u1ec1u t\u00ecnh tr\u1ea1ng da kh\u00e1c nhau \u0111em \u0111\u1ebfn hi\u1ec7u qu\u1ea3 t\u1ed1i \u0111a.<\/p>\n<p style=\"text-align: justify;\">Trong b\u00e0i vi\u1ebft d\u01b0\u1edbi \u0111\u00e2y <strong><a href=\"https:\/\/hathorbeauty.vn\/\" target=\"_blank\" rel=\"noopener\">Hathor Beauty<\/a><\/strong> chia s\u1ebb th\u00f4ng tin c\u1ee5 th\u1ec3 c\u1ee7a s\u1ea3n ph\u1ea9m \u0111\u1ebfn v\u1edbi b\u1ea1n!<\/p>\n<h2 style=\"text-align: justify;\">Th\u00e0nh ph\u1ea7n<\/h2>\n<p style=\"text-align: justify;\">\u0110\u1ec3 \u0111\u1ea3m b\u1ea3o \u0111\u01b0\u1ee3c s\u1ef1 an to\u00e0n v\u00e0 l\u00e0nh t\u00ednh cho da, th\u00e0nh ph\u1ea7n c\u1ee7a m\u1eb7t n\u1ea1 ch\u1ee9a r\u1ea5t nhi\u1ec1u d\u01b0\u1ee1ng ch\u1ea5t t\u1eeb t\u1ef1 nhi\u00ean. C\u00f3 th\u1ec3 \u0111i\u1ec3m qua m\u1ed9t v\u00e0i th\u00e0nh ph\u1ea7n n\u1ed5i b\u1eadt bao g\u1ed3m:<\/p>\n<figure id=\"attachment_1038\" aria-describedby=\"caption-attachment-1038\" style=\"width: 800px\" class=\"wp-caption aligncenter\"><img loading=\"lazy\" decoding=\"async\" class=\"wp-image-1038 size-full\" src=\"http:\/\/mypham2.themevivu.com\/wp-content\/uploads\/2021\/10\/facial-care-ice-mask-hathor-beauty-261021-1.jpg\" alt=\"th\u00e0nh ph\u1ea7n\" width=\"800\" height=\"533\" srcset=\"https:\/\/khogiaodienmau.net\/mypham16\/wp-content\/uploads\/2021\/10\/facial-care-ice-mask-hathor-beauty-261021-1.jpg 800w, https:\/\/khogiaodienmau.net\/mypham16\/wp-content\/uploads\/2021\/10\/facial-care-ice-mask-hathor-beauty-261021-1-300x200.jpg 300w, https:\/\/khogiaodienmau.net\/mypham16\/wp-content\/uploads\/2021\/10\/facial-care-ice-mask-hathor-beauty-261021-1-768x512.jpg 768w, https:\/\/khogiaodienmau.net\/mypham16\/wp-content\/uploads\/2021\/10\/facial-care-ice-mask-hathor-beauty-261021-1-600x400.jpg 600w\" sizes=\"auto, (max-width: 800px) 100vw, 800px\" \/><figcaption id=\"caption-attachment-1038\" class=\"wp-caption-text\">H\u00ecnh \u1ea3nh: Th\u00e0nh ph\u1ea7n c\u1ee7a m\u1eb7t n\u1ea1 ch\u1ee9a nhi\u1ec1u d\u01b0\u1ee1ng ch\u1ea5t t\u1eeb t\u1ef1 nhi\u00ean<\/figcaption><\/figure>\n<ul style=\"text-align: justify;\">\n<li style=\"font-weight: 400;\" aria-level=\"1\"><strong>Salicylic Acid:<\/strong> L\u00e0 m\u1ed9t beta hydroxy acid (BHA). Ch\u1ea5t n\u00e0y gi\u00fap gi\u1ea3m m\u1ee5n b\u1eb1ng c\u00e1ch t\u1ea9y t\u1ebf b\u00e0o ch\u1ebft tr\u00ean da v\u00e0 gi\u1eef cho l\u1ed7 ch\u00e2n l\u00f4ng th\u00f4ng tho\u00e1ng. Th\u00e0nh ph\u1ea7n n\u00e0y c\u00f3 t\u00e1c d\u1ee5ng t\u1ed1t nh\u1ea5t tr\u00ean m\u1ee5n tr\u1ee9ng c\u00e1 m\u1ee9c \u0111\u1ed9 nh\u1eb9 (m\u1ee5n \u0111\u1ea7u \u0111en v\u00e0 m\u1ee5n \u0111\u1ea7u tr\u1eafng) gi\u00fap ng\u0103n ng\u1eeba s\u1ef1 h\u00ecnh th\u00e0nh m\u1ee5n tr\u00ean da.<\/li>\n<li style=\"font-weight: 400;\" aria-level=\"1\"><strong>Fruit (and) Rosa (Chi\u1ebft xu\u1ea5t t\u1eeb qu\u1ea3 t\u1ea7m xu\u00e2n):<\/strong> Cung c\u1ea5p m\u1ed9t l\u01b0\u1ee3ng l\u1edbn axit b\u00e9o kh\u00f4ng b\u00e3o h\u00f2a \u0111a nh\u01b0 axit linoleic v\u00e0 linolenic. C\u00e1c axit b\u00e9o n\u00e0y c\u00f3 th\u1ec3 c\u1ea3i thi\u1ec7n ch\u1ee9c n\u0103ng r\u00e0o c\u1ea3n t\u1ef1 nhi\u00ean c\u1ee7a da, do \u0111\u00f3 gi\u00fap gi\u1eef \u1ea9m v\u00e0 m\u1ec1m m\u1ea1i cho da. Vitamin C trong lo\u1ea1i qu\u1ea3 n\u00e0y c\u0169ng l\u00e0 m\u1ed9t ch\u1ea5t ch\u1ed1ng oxy h\u00f3a m\u1ea1nh gi\u00fap b\u1ea3o v\u1ec7 da kh\u1ecfi c\u00e1c g\u1ed1c t\u1ef1 do c\u00f3 h\u1ea1i, k\u00edch th\u00edch s\u1ea3n xu\u1ea5t collagen v\u00e0 gi\u1ea3m n\u00e1m.<\/li>\n<li style=\"font-weight: 400;\" aria-level=\"1\"><strong>Dextrin:<\/strong> L\u00e0 m\u1ed9t th\u00e0nh ph\u1ea7n ph\u1ee5 \u0111\u00f3ng vai tr\u00f2 l\u00e0 m\u1ed9t ch\u1ea5t l\u00e0m \u0111\u1eb7c, ch\u1ea5t c\u1ea5p n\u01b0\u1edbc, ch\u1ea5t t\u1ea1o b\u1ecdt v\u00e0 t\u0103ng kh\u1ea3 n\u0103ng li\u00ean k\u1ebft c\u1ee7a c\u00e1c ch\u1ea5t trong s\u1ea3n ph\u1ea9m. N\u00f3 l\u00e0 s\u1ef1 pha tr\u1ed9n c\u1ee7a c\u00e1c polysaccharide gi\u00fap d\u01b0\u1ee1ng \u1ea9m v\u00e0 l\u00e0m m\u1ec1m da.<\/li>\n<\/ul>\n<p style=\"text-align: justify;\">Ngo\u00e0i ra, s\u1ea3n ph\u1ea9m c\u00f2n ch\u1ee9a r\u1ea5t nhi\u1ec1u th\u00e0nh ph\u1ea7n c\u1ea5p \u1ea9m, gi\u00fap da s\u00e1ng v\u00e0 \u0111\u1ec1u m\u00e0u h\u01a1n nh\u01b0: Purified Water, Glycerin, Butylene Glycol, Alpha Arbutin, Erythritol, Yeast Beta Glucan (and), water(and), Carbomer, Triethanolamine, Allation, Methyl lactate, Phenoxyethanol, Salicylic Acid (and) Polydextrose (and), Amylopectin (and) Niacinamide.<\/p>\n<h2 style=\"text-align: justify;\">Hi\u1ec7u qu\u1ea3 s\u1eed d\u1ee5ng<\/h2>\n<figure id=\"attachment_1039\" aria-describedby=\"caption-attachment-1039\" style=\"width: 800px\" class=\"wp-caption aligncenter\"><img loading=\"lazy\" decoding=\"async\" class=\"wp-image-1039 size-full\" src=\"http:\/\/mypham2.themevivu.com\/wp-content\/uploads\/2021\/10\/facial-care-ice-mask-hathor-beauty-261021-3.jpg\" alt=\"hi\u1ec7u qu\u1ea3 s\u1eed d\u1ee5ng\" width=\"800\" height=\"533\" srcset=\"https:\/\/khogiaodienmau.net\/mypham16\/wp-content\/uploads\/2021\/10\/facial-care-ice-mask-hathor-beauty-261021-3.jpg 800w, https:\/\/khogiaodienmau.net\/mypham16\/wp-content\/uploads\/2021\/10\/facial-care-ice-mask-hathor-beauty-261021-3-300x200.jpg 300w, https:\/\/khogiaodienmau.net\/mypham16\/wp-content\/uploads\/2021\/10\/facial-care-ice-mask-hathor-beauty-261021-3-768x512.jpg 768w, https:\/\/khogiaodienmau.net\/mypham16\/wp-content\/uploads\/2021\/10\/facial-care-ice-mask-hathor-beauty-261021-3-600x400.jpg 600w\" sizes=\"auto, (max-width: 800px) 100vw, 800px\" \/><figcaption id=\"caption-attachment-1039\" class=\"wp-caption-text\">H\u00ecnh \u1ea3nh: M\u1eb7t n\u1ea1 Facial Care Ice Mask c\u00f3 nhi\u1ec1u c\u00f4ng d\u1ee5ng ph\u00f9 h\u1ee3p v\u1edbi nhi\u1ec1u lo\u1ea1i da<\/figcaption><\/figure>\n<p style=\"text-align: justify;\">Facial Care Ice Mask Hathor Beauty c\u1ea3i thi\u1ec7n r\u1ea5t t\u1ed1t cho c\u00e1c b\u1ea1n g\u00e1i b\u1ecb t\u00ecnh tr\u1ea1ng da s\u1ea1m m\u00e0u, da kh\u00f4 thi\u1ebfu d\u01b0\u1ee1ng ch\u1ea5t ho\u1eb7c c\u1ea7n t\u0103ng \u0111\u1ed9 \u0111\u00e0n h\u1ed3i v\u00e0 t\u0103ng s\u1ee9c \u0111\u1ec1 kh\u00e1ng cho l\u00e0n da. \u0110\u00e0o th\u1ea3i c\u00e1c t\u1ebf b\u00e0o ch\u1ebft, t\u0103ng c\u01b0\u1eddng kh\u1ea3 n\u0103ng l\u00e0m s\u1ea1ch, \u0111\u1ea9y l\u00f9i th\u00e2m do m\u1ee5n \u0111\u1ec3 l\u1ea1i, l\u00e0m m\u1edd n\u00e1m, t\u00e0n nhang. \u0110\u1ed3ng th\u1eddi, s\u1ea3n ph\u1ea9m h\u1ed7 tr\u1ee3 l\u00e0m gi\u1ea3m m\u1ee5n, ng\u0103n ch\u1eb7n s\u1ef1 h\u00ecnh th\u00e0nh c\u1ee7a m\u1ee5n.<\/p>\n<p style=\"text-align: justify;\">M\u1ed9t si\u00eau ph\u1ea9m ph\u00f9 h\u1ee3p v\u1edbi nhi\u1ec1u lo\u1ea1i da, \u0111\u1eb7c bi\u1ec7t l\u00e0 nh\u1eefng l\u00e0n da g\u1eb7p v\u1ea5n \u0111\u1ec1 nh\u01b0: Da b\u1ecb l\u1ed7 ch\u00e2n l\u00f4ng to, da ti\u1ebft qu\u00e1 nhi\u1ec1u d\u1ea7u, da s\u1ea1m m\u00e0u, kh\u00f4ng \u0111\u1ed3ng \u0111\u1ec1u m\u00e0u s\u1eafc,&#8230;<\/p>\n<h2 style=\"text-align: justify;\">H\u01b0\u1edbng d\u1eabn s\u1eed d\u1ee5ng<\/h2>\n<p style=\"text-align: justify;\">H\u01b0\u1edbng t\u1edbi s\u1ef1 ti\u1ec7n l\u1ee3i v\u00e0 ti\u1ebft ki\u1ec7m th\u1eddi gian cho ng\u01b0\u1eddi s\u1eed d\u1ee5ng, s\u1ea3n ph\u1ea9m m\u1eb7t n\u1ea1 c\u00f3 c\u00e1ch s\u1eed d\u1ee5ng \u0111\u01a1n gi\u1ea3n v\u00e0 nhanh ch\u00f3ng.<\/p>\n<figure id=\"attachment_1040\" aria-describedby=\"caption-attachment-1040\" style=\"width: 800px\" class=\"wp-caption aligncenter\"><img loading=\"lazy\" decoding=\"async\" class=\"wp-image-1040 size-full\" src=\"http:\/\/mypham2.themevivu.com\/wp-content\/uploads\/2021\/10\/facial-care-ice-mask-hathor-beauty-261021-2.jpg\" alt=\"h\u01b0\u1edbng d\u1eabn s\u1eed d\u1ee5ng\" width=\"800\" height=\"533\" srcset=\"https:\/\/khogiaodienmau.net\/mypham16\/wp-content\/uploads\/2021\/10\/facial-care-ice-mask-hathor-beauty-261021-2.jpg 800w, https:\/\/khogiaodienmau.net\/mypham16\/wp-content\/uploads\/2021\/10\/facial-care-ice-mask-hathor-beauty-261021-2-300x200.jpg 300w, https:\/\/khogiaodienmau.net\/mypham16\/wp-content\/uploads\/2021\/10\/facial-care-ice-mask-hathor-beauty-261021-2-768x512.jpg 768w, https:\/\/khogiaodienmau.net\/mypham16\/wp-content\/uploads\/2021\/10\/facial-care-ice-mask-hathor-beauty-261021-2-600x400.jpg 600w\" sizes=\"auto, (max-width: 800px) 100vw, 800px\" \/><figcaption id=\"caption-attachment-1040\" class=\"wp-caption-text\">H\u00ecnh \u1ea3nh: C\u00e1ch s\u1eed d\u1ee5ng s\u1ea3n ph\u1ea9m r\u1ea5t \u0111\u01a1n gi\u1ea3n<\/figcaption><\/figure>\n<ul style=\"text-align: justify;\">\n<li style=\"font-weight: 400;\" aria-level=\"1\">B\u01b0\u1edbc 1: L\u00e0m s\u1ea1ch da m\u1eb7t.<\/li>\n<li style=\"font-weight: 400;\" aria-level=\"1\">B\u01b0\u1edbc 2: \u0110\u1ec3 kh\u00f4 da sau \u0111\u00f3 l\u1ea5y m\u1ed9t l\u01b0\u1ee3ng v\u1eeba \u0111\u1ee7 thoa \u0111\u1ec1u l\u00ean m\u1eb7t v\u00e0 massage nh\u1eb9 nh\u00e0ng cho d\u01b0\u1ee1ng ch\u1ea5t th\u1ea5m \u0111\u1ec1u v\u00e0o da. Sau \u0111\u00f3, \u0111\u1ec3 tr\u00ean kho\u1ea3ng 10-20 ph\u00fat.<\/li>\n<li style=\"font-weight: 400;\" aria-level=\"1\">B\u01b0\u1edbc 3: R\u1eeda m\u1eb7t b\u1eb1ng n\u01b0\u1edbc s\u1ea1ch.<\/li>\n<\/ul>\n<h2 style=\"text-align: justify;\">M\u1ed9t s\u1ed1 l\u01b0u \u00fd khi d\u00f9ng s\u1ea3n ph\u1ea9m<\/h2>\n<ul style=\"text-align: justify;\">\n<li style=\"font-weight: 400;\" aria-level=\"1\">Kh\u00f4ng n\u00ean \u0111\u1eafp m\u1eb7t n\u1ea1 h\u00e0ng ng\u00e0y.<\/li>\n<li style=\"font-weight: 400;\" aria-level=\"1\">Kh\u00f4ng n\u00ean \u0111\u1eafp trong th\u1eddi gian qu\u00e1 l\u00e2u s\u1ebd g\u00e2y hi\u1ec7n t\u01b0\u1ee3ng kh\u00f4 da.<\/li>\n<li style=\"font-weight: 400;\" aria-level=\"1\">\u0110\u1eafp 2-3 l\u1ea7n\/tu\u1ea7n \u0111\u1ec3 \u0111\u1ea1t hi\u1ec7u qu\u1ea3 t\u1ed1t nh\u1ea5t.<\/li>\n<\/ul>\n<h2 style=\"text-align: justify;\">B\u1ea3o qu\u1ea3n<\/h2>\n<p style=\"text-align: justify;\">B\u1ea3o qu\u1ea3n \u1edf n\u01a1i kh\u00f4 tho\u00e1ng, tr\u00e1nh \u00e1nh n\u1eafng tr\u1ef1c ti\u1ebfp.<\/p>\n<p style=\"text-align: justify;\">Sau m\u1ed9t ng\u00e0y d\u00e0i l\u00e0m vi\u1ec7c hy v\u1ecdng s\u1ea3n ph\u1ea9m m\u1eb7t n\u1ea1 Facial Care Ice Mask s\u1ebd gi\u00fap c\u00e1c b\u1ea1n n\u1eef gi\u1ea3m c\u0103ng th\u1eb3ng, c\u00f3 m\u1ed9t tinh th\u1ea7n tho\u1ea3i m\u00e1i \u0111\u1ec3 ng\u00e0y c\u00e0ng t\u1ef1 tin tr\u00ean h\u00e0nh tr\u00ecnh nhan s\u1eafc ch\u00ednh m\u00ecnh.<\/p>\n<p style=\"text-align: justify;\">N\u1ebfu mu\u1ed1n t\u00ecm hi\u1ec3u th\u00eam th\u00f4ng tin kh\u00e1c hay t\u01b0 v\u1ea5n h\u1ed7 tr\u1ee3, h\u00e3y th\u1ec3 li\u00ean h\u1ec7 v\u1edbi ch\u00fang t\u00f4i qua s\u1ed1 \u0111i\u1ec7n tho\u1ea1i <a href=\"tel:02462997xxx\">02462997xxx<\/a> \u0111\u1ec3 \u0111\u01b0\u1ee3c gi\u1ea3i \u0111\u00e1p nhanh nh\u1ea5t nh\u00e9!<\/p>\n","protected":false},"excerpt":{"rendered":"<p style=\"text-align: justify;\">FACIAL CARE ICE MASK l\u00e0 m\u1ed9t si\u00eau ph\u1ea9m ph\u00f9 h\u1ee3p v\u1edbi nhi\u1ec1u lo\u1ea1i da, \u0111\u1eb7c bi\u1ec7t l\u00e0 nh\u1eefng l\u00e0n da g\u1eb7p v\u1ea5n \u0111\u1ec1 l\u1ed7 ch\u00e2n l\u00f4ng to, xu\u1ea5t hi\u1ec7n nhi\u1ec1u m\u1ee5n \u1ea9n, m\u1ee5n \u0111\u1ea7u \u0111en, da ti\u1ebft nhi\u1ec1u d\u1ea7u, kh\u00f4ng \u0111\u1ec1u m\u00e0u gi\u00fap h\u1ed7 tr\u1ee3 ch\u1ed1ng l\u00e3o h\u00f3a, cung c\u1ea5p d\u01b0\u1ee1ng ch\u1ea5t, gi\u1ea3m c\u0103ng th\u1eb3ng,&#8230;<\/p>\n","protected":false},"featured_media":986,"comment_status":"open","ping_status":"closed","template":"","meta":[],"product_cat":[15],"product_tag":[],"yst_prominent_words":[],"class_list":["post-561","product","type-product","status-publish","has-post-thumbnail","hentry","product_cat-cham-soc-da"],"_links":{"self":[{"href":"https:\/\/khogiaodienmau.net\/mypham16\/wp-json\/wp\/v2\/product\/561","targetHints":{"allow":["GET"]}}],"collection":[{"href":"https:\/\/khogiaodienmau.net\/mypham16\/wp-json\/wp\/v2\/product"}],"about":[{"href":"https:\/\/khogiaodienmau.net\/mypham16\/wp-json\/wp\/v2\/types\/product"}],"replies":[{"embeddable":true,"href":"https:\/\/khogiaodienmau.net\/mypham16\/wp-json\/wp\/v2\/comments?post=561"}],"wp:featuredmedia":[{"embeddable":true,"href":"https:\/\/khogiaodienmau.net\/mypham16\/wp-json\/wp\/v2\/media\/986"}],"wp:attachment":[{"href":"https:\/\/khogiaodienmau.net\/mypham16\/wp-json\/wp\/v2\/media?parent=561"}],"wp:term":[{"taxonomy":"product_cat","embeddable":true,"href":"https:\/\/khogiaodienmau.net\/mypham16\/wp-json\/wp\/v2\/product_cat?post=561"},{"taxonomy":"product_tag","embeddable":true,"href":"https:\/\/khogiaodienmau.net\/mypham16\/wp-json\/wp\/v2\/product_tag?post=561"},{"taxonomy":"yst_prominent_words","embeddable":true,"href":"https:\/\/khogiaodienmau.net\/mypham16\/wp-json\/wp\/v2\/yst_prominent_words?post=561"}],"curies":[{"name":"wp","href":"https:\/\/api.w.org\/{rel}","templated":true}]}}