{"id":557,"date":"2021-10-19T00:21:09","date_gmt":"2021-10-18T17:21:09","guid":{"rendered":"http:\/\/mypham2.themevivu.com\/?post_type=product&#038;p=557"},"modified":"2021-10-26T18:10:08","modified_gmt":"2021-10-26T11:10:08","slug":"sua-rua-mat-cao-cap-sunscreen-masterfay","status":"publish","type":"product","link":"https:\/\/khogiaodienmau.net\/mypham16\/san-pham\/sua-rua-mat-cao-cap-sunscreen-masterfay\/","title":{"rendered":"SUNSCREEN MASTERFAY"},"content":{"rendered":"<h2>Th\u00e0nh ph\u1ea7n<\/h2>\n<h2>Hi\u1ec7u qu\u1ea3 s\u1eed d\u1ee5ng<\/h2>\n<h2>M\u1ed9t s\u1ed1 l\u01b0u \u00fd khi s\u1eed d\u1ee5ng s\u1ea3n ph\u1ea9m<\/h2>\n<h2>B\u1ea3o qu\u1ea3n<\/h2>\n","protected":false},"excerpt":{"rendered":"<p style=\"text-align: justify;\">SUNSCREEN MASTERFAY c\u00f3 t\u00e1c d\u1ee5ng b\u1ea3o v\u1ec7 l\u00e0n da t\u1ed1i \u01b0u tr\u01b0\u1edbc c\u00e1c tia UVA, UVB v\u00e0 c\u00e1c t\u00e1c nh\u00e2n g\u00e2y h\u1ea1i c\u1ee7a m\u00f4i tr\u01b0\u1eddng. \u0110\u1ed3ng th\u1eddi gi\u00fap ng\u0103n ch\u1eb7n n\u00e1m, t\u00e0n nhang xu\u1ea5t hi\u1ec7n tr\u00ean da, mang l\u1ea1i l\u00e0n da t\u01b0\u01a1i s\u00e1ng, h\u1ed3ng h\u00e0o&#8230;<\/p>\n","protected":false},"featured_media":1020,"comment_status":"open","ping_status":"closed","template":"","meta":[],"product_cat":[15],"product_tag":[],"yst_prominent_words":[],"class_list":["post-557","product","type-product","status-publish","has-post-thumbnail","hentry","product_cat-cham-soc-da"],"_links":{"self":[{"href":"https:\/\/khogiaodienmau.net\/mypham16\/wp-json\/wp\/v2\/product\/557","targetHints":{"allow":["GET"]}}],"collection":[{"href":"https:\/\/khogiaodienmau.net\/mypham16\/wp-json\/wp\/v2\/product"}],"about":[{"href":"https:\/\/khogiaodienmau.net\/mypham16\/wp-json\/wp\/v2\/types\/product"}],"replies":[{"embeddable":true,"href":"https:\/\/khogiaodienmau.net\/mypham16\/wp-json\/wp\/v2\/comments?post=557"}],"wp:featuredmedia":[{"embeddable":true,"href":"https:\/\/khogiaodienmau.net\/mypham16\/wp-json\/wp\/v2\/media\/1020"}],"wp:attachment":[{"href":"https:\/\/khogiaodienmau.net\/mypham16\/wp-json\/wp\/v2\/media?parent=557"}],"wp:term":[{"taxonomy":"product_cat","embeddable":true,"href":"https:\/\/khogiaodienmau.net\/mypham16\/wp-json\/wp\/v2\/product_cat?post=557"},{"taxonomy":"product_tag","embeddable":true,"href":"https:\/\/khogiaodienmau.net\/mypham16\/wp-json\/wp\/v2\/product_tag?post=557"},{"taxonomy":"yst_prominent_words","embeddable":true,"href":"https:\/\/khogiaodienmau.net\/mypham16\/wp-json\/wp\/v2\/yst_prominent_words?post=557"}],"curies":[{"name":"wp","href":"https:\/\/api.w.org\/{rel}","templated":true}]}}