{"id":518,"date":"2021-09-24T15:56:17","date_gmt":"2021-09-24T08:56:17","guid":{"rendered":"http:\/\/baobi.themevivu.com\/?post_type=product&#038;p=518"},"modified":"2021-10-26T17:48:24","modified_gmt":"2021-10-26T10:48:24","slug":"skin-perfect-bha-2","status":"publish","type":"product","link":"https:\/\/khogiaodienmau.net\/mypham16\/san-pham\/skin-perfect-bha-2\/","title":{"rendered":"SKIN PERFECT BHA 2%"},"content":{"rendered":"<h2>Th\u00e0nh ph\u1ea7n<\/h2>\n<h2>Hi\u1ec7u qu\u1ea3 s\u1eed d\u1ee5ng<\/h2>\n<h2>M\u1ed9t s\u1ed1 l\u01b0u \u00fd khi s\u1eed d\u1ee5ng s\u1ea3n ph\u1ea9m<\/h2>\n<h2>B\u1ea3o qu\u1ea3n<\/h2>\n","protected":false},"excerpt":{"rendered":"<p class=\"page-title\" style=\"text-align: justify;\">SKIN PERFECT BHA 2% l\u00e0 gi\u1ea3i ph\u00e1p ho\u00e0n h\u1ea3o cho da d\u1ea7u, da m\u1ee5n, l\u1ed7 ch\u00e2n l\u00f4ng to, nhi\u1ec1u s\u1ee3i b\u00e3 nh\u1eddn tr\u00ean da. Duy tr\u00ec s\u1eed d\u1ee5ng h\u00e0ng ng\u00e0y s\u1ebd c\u1ea3i thi\u1ec7n k\u00edch th\u01b0\u1edbc l\u1ed7 ch\u00e2n l\u00f4ng to v\u00e0 gi\u00fap c\u1ea5u tr\u00fac da b\u1ea1n s\u1ebd tr\u1edf n\u00ean kh\u1ecfe m\u1ea1nh, m\u1ecbn m\u00e0ng&#8230;<\/p>\n","protected":false},"featured_media":994,"comment_status":"open","ping_status":"closed","template":"","meta":[],"product_cat":[15],"product_tag":[],"yst_prominent_words":[],"class_list":["post-518","product","type-product","status-publish","has-post-thumbnail","hentry","product_cat-cham-soc-da"],"_links":{"self":[{"href":"https:\/\/khogiaodienmau.net\/mypham16\/wp-json\/wp\/v2\/product\/518","targetHints":{"allow":["GET"]}}],"collection":[{"href":"https:\/\/khogiaodienmau.net\/mypham16\/wp-json\/wp\/v2\/product"}],"about":[{"href":"https:\/\/khogiaodienmau.net\/mypham16\/wp-json\/wp\/v2\/types\/product"}],"replies":[{"embeddable":true,"href":"https:\/\/khogiaodienmau.net\/mypham16\/wp-json\/wp\/v2\/comments?post=518"}],"wp:featuredmedia":[{"embeddable":true,"href":"https:\/\/khogiaodienmau.net\/mypham16\/wp-json\/wp\/v2\/media\/994"}],"wp:attachment":[{"href":"https:\/\/khogiaodienmau.net\/mypham16\/wp-json\/wp\/v2\/media?parent=518"}],"wp:term":[{"taxonomy":"product_cat","embeddable":true,"href":"https:\/\/khogiaodienmau.net\/mypham16\/wp-json\/wp\/v2\/product_cat?post=518"},{"taxonomy":"product_tag","embeddable":true,"href":"https:\/\/khogiaodienmau.net\/mypham16\/wp-json\/wp\/v2\/product_tag?post=518"},{"taxonomy":"yst_prominent_words","embeddable":true,"href":"https:\/\/khogiaodienmau.net\/mypham16\/wp-json\/wp\/v2\/yst_prominent_words?post=518"}],"curies":[{"name":"wp","href":"https:\/\/api.w.org\/{rel}","templated":true}]}}