{"id":515,"date":"2021-09-24T15:46:06","date_gmt":"2021-09-24T08:46:06","guid":{"rendered":"http:\/\/baobi.themevivu.com\/?post_type=product&#038;p=515"},"modified":"2021-10-26T18:10:39","modified_gmt":"2021-10-26T11:10:39","slug":"masterfay-serum-acne-skincare-hathor-beauty","status":"publish","type":"product","link":"https:\/\/khogiaodienmau.net\/mypham16\/san-pham\/masterfay-serum-acne-skincare-hathor-beauty\/","title":{"rendered":"MASTERFAY SERUM &#8211; ACNE SKINCARE HATHOR BEAUTY"},"content":{"rendered":"<h2>Th\u00e0nh ph\u1ea7n<\/h2>\n<h2>Hi\u1ec7u qu\u1ea3 s\u1eed d\u1ee5ng<\/h2>\n<h2>M\u1ed9t s\u1ed1 l\u01b0u \u00fd khi s\u1eed d\u1ee5ng s\u1ea3n ph\u1ea9m<\/h2>\n<h2>B\u1ea3o qu\u1ea3n<\/h2>\n","protected":false},"excerpt":{"rendered":"<p style=\"text-align: justify;\">MASTERFAY SERUM &#8211; ACNE SKINCARE HATHOR BEAUTY l\u00e0 s\u1ea3n ph\u1ea9m t\u1ed1i \u01b0u d\u00e0nh cho l\u00e0n da m\u1ee5n, \u0111\u1ed3ng th\u1eddi gi\u00fap kh\u00e1ng vi\u00eam, ch\u1ed1ng l\u00e3o h\u00f3a hi\u1ec7u qu\u1ea3 cho da, t\u1eeb \u0111\u00f3 da s\u1ebd s\u00e1ng m\u1edbi, \u0111\u00e0n h\u1ed3i v\u00e0 c\u0103ng tr\u00e0n s\u1ee9c s\u1ed1ng&#8230;<\/p>\n","protected":false},"featured_media":1021,"comment_status":"open","ping_status":"closed","template":"","meta":[],"product_cat":[15],"product_tag":[],"yst_prominent_words":[],"class_list":["post-515","product","type-product","status-publish","has-post-thumbnail","hentry","product_cat-cham-soc-da"],"_links":{"self":[{"href":"https:\/\/khogiaodienmau.net\/mypham16\/wp-json\/wp\/v2\/product\/515","targetHints":{"allow":["GET"]}}],"collection":[{"href":"https:\/\/khogiaodienmau.net\/mypham16\/wp-json\/wp\/v2\/product"}],"about":[{"href":"https:\/\/khogiaodienmau.net\/mypham16\/wp-json\/wp\/v2\/types\/product"}],"replies":[{"embeddable":true,"href":"https:\/\/khogiaodienmau.net\/mypham16\/wp-json\/wp\/v2\/comments?post=515"}],"wp:featuredmedia":[{"embeddable":true,"href":"https:\/\/khogiaodienmau.net\/mypham16\/wp-json\/wp\/v2\/media\/1021"}],"wp:attachment":[{"href":"https:\/\/khogiaodienmau.net\/mypham16\/wp-json\/wp\/v2\/media?parent=515"}],"wp:term":[{"taxonomy":"product_cat","embeddable":true,"href":"https:\/\/khogiaodienmau.net\/mypham16\/wp-json\/wp\/v2\/product_cat?post=515"},{"taxonomy":"product_tag","embeddable":true,"href":"https:\/\/khogiaodienmau.net\/mypham16\/wp-json\/wp\/v2\/product_tag?post=515"},{"taxonomy":"yst_prominent_words","embeddable":true,"href":"https:\/\/khogiaodienmau.net\/mypham16\/wp-json\/wp\/v2\/yst_prominent_words?post=515"}],"curies":[{"name":"wp","href":"https:\/\/api.w.org\/{rel}","templated":true}]}}