{"id":500,"date":"2021-09-24T15:25:36","date_gmt":"2021-09-24T08:25:36","guid":{"rendered":"http:\/\/baobi.themevivu.com\/?post_type=product&#038;p=500"},"modified":"2021-10-26T18:10:32","modified_gmt":"2021-10-26T11:10:32","slug":"nuoc-tay-trang-makeup-remover","status":"publish","type":"product","link":"https:\/\/khogiaodienmau.net\/mypham16\/san-pham\/nuoc-tay-trang-makeup-remover\/","title":{"rendered":"N\u01af\u1edaC T\u1ea8Y TRANG MAKEUP REMOVER"},"content":{"rendered":"<p style=\"text-align: justify;\">M\u1ed7i ng\u00e0y l\u00e0n da c\u1ee7a ch\u00fang ta \u0111\u1ec1u ph\u1ea3i ti\u1ebfp x\u00fac v\u1edbi r\u1ea5t nhi\u1ec1u lo\u1ea1i m\u1ef9 ph\u1ea9m, h\u00f3a ch\u1ea5t v\u00e0 b\u1ee5i b\u1ea9n n\u00ean c\u1ea7n \u0111\u01b0\u1ee3c l\u00e0m s\u1ea1ch c\u1ea9n th\u1eadn. T\u1ea9y trang l\u00e0 m\u1ed9t b\u01b0\u1edbc ch\u0103m s\u00f3c da v\u00f4 c\u00f9ng quan tr\u1ecdng \u0111\u1ec3 \u0111\u1ea3m b\u1ea3o l\u00e0n da c\u1ee7a b\u1ea1n lu\u00f4n \u0111\u01b0\u1ee3c l\u00e0m s\u1ea1ch th\u00f4ng tho\u00e1ng, h\u1ea1n ch\u1ebf g\u1eb7p ph\u1ea3i c\u00e1c v\u1ea5n \u0111\u1ec1 v\u1ec1 da.<\/p>\n<p style=\"text-align: justify;\">Hi\u1ec7n nay c\u00f3 nhi\u1ec1u d\u1ea1ng t\u1ea9y trang kh\u00e1c nhau nh\u01b0 d\u1ea7u, kem, s\u1eefa, kh\u0103n gi\u1ea5y,&#8230; \u0111\u1ec3 b\u1ea1n ch\u1ecdn l\u1ef1a. Tuy nhi\u00ean t\u1ea9y trang d\u1ea1ng n\u01b0\u1edbc \u0111\u01b0\u1ee3c \u0111\u00e1nh gi\u00e1 l\u00e0 d\u1ec5 s\u1eed d\u1ee5ng, ph\u00f9 h\u1ee3p v\u1edbi nhi\u1ec1u lo\u1ea1i da nh\u1ea5t.<\/p>\n<p style=\"text-align: justify;\">N\u01b0\u1edbc t\u1ea9y trang Makeup Remover Hathor Beauty v\u1edbi c\u00f4ng th\u1ee9c kh\u00f4ng ch\u1ee9a c\u1ed3n l\u00e0 s\u1ea3n ph\u1ea9m v\u00f4 c\u00f9ng an to\u00e0n &#8211; l\u00e0nh t\u00ednh, n\u1eafp \u1ea5n ti\u1ec7n l\u1ee3i d\u1ec5 s\u1eed d\u1ee5ng gi\u00fap l\u00e0m s\u1ea1ch da nh\u1eb9 nh\u00e0ng, l\u1ea5y \u0111i l\u1edbp makeup v\u00e0 b\u1ee5i b\u1ea9n nhanh ch\u00f3ng sau m\u1ed9t ng\u00e0y d\u00e0i ho\u1ea1t \u0111\u1ed9ng.<\/p>\n<p style=\"text-align: justify;\">H\u00e3y c\u00f9ng <strong><a href=\"https:\/\/hathorbeauty.vn\/\" target=\"_blank\" rel=\"noopener\">Hathor Beauty<\/a><\/strong> t\u00ecm hi\u1ec3u chi ti\u1ebft s\u1ea3n ph\u1ea9m qua b\u00e0i vi\u1ebft d\u01b0\u1edbi \u0111\u00e2y nh\u00e9!<\/p>\n<h2 style=\"text-align: justify;\">Th\u00e0nh ph\u1ea7n<\/h2>\n<p style=\"text-align: justify;\">Th\u00e0nh ph\u1ea7n trong n\u01b0\u1edbc t\u1ea9y trang \u0111\u01b0\u1ee3c chi\u1ebft xu\u1ea5t t\u1eeb c\u00e1c th\u00e0nh ph\u1ea7n t\u1ef1 nhi\u00ean. M\u1ed9t s\u1ed1 th\u00e0nh ph\u1ea7n n\u1ed5i b\u1eadt c\u00f3 th\u1ec3 k\u1ec3 \u0111\u1ebfn g\u1ed3m:<\/p>\n<ul style=\"text-align: justify;\">\n<li aria-level=\"1\"><strong>Chi\u1ebft xu\u1ea5t rau sam:<\/strong> Ch\u1ee9a nhi\u1ec1u c\u00e1c axit b\u00e9o omega-3, vitamin (ch\u1ee7 y\u1ebfu l\u00e0 vitamin C v\u00e0 m\u1ed9t s\u1ed1 vitamin B c\u00f9ng c\u00e1c carotenoit) v\u00e0 c\u00e1c kho\u00e1ng ch\u1ea5t dinh d\u01b0\u1ee1ng c\u00f3 kh\u1ea3 n\u0103ng th\u00fac \u0111\u1ea9y qu\u00e1 tr\u00ecnh qu\u00e1 tr\u00ecnh trao \u0111\u1ed5i ch\u1ea5t gi\u00fap l\u00e0n da kh\u1ecfe m\u1ea1nh, s\u1ea1ch s\u00e2u. B\u00ean c\u1ea1nh \u0111\u00f3, chi\u1ebft xu\u1ea5t rau sam c\u00f3 t\u00e1c d\u1ee5ng trong vi\u1ec7c k\u00edch th\u00edch qu\u00e1 tr\u00ecnh sinh t\u1ed5ng h\u1ee3p collagen, h\u1ea1n ch\u1ebf t\u00ecnh tr\u1ea1ng da kh\u00f4 r\u00e1p, l\u00e0m m\u1edd th\u00e2m n\u00e1m.<\/li>\n<li aria-level=\"1\"><strong>Olera Europaea Fruit Extract (Chi\u1ebft xu\u1ea5t qu\u1ea3 Oliu):<\/strong> V\u1edbi h\u00e0m l\u01b0\u1ee3ng l\u1edbn ch\u1ea5t dinh d\u01b0\u1ee1ng v\u00e0 nhi\u1ec1u lo\u1ea1i vitamin quan tr\u1ecdng nh\u01b0 A, E, D, F, K gi\u00fap duy tr\u00ec v\u00e0 n\u00e2ng cao t\u00ednh li\u00ean k\u1ebft c\u1ea5u tr\u00fac da, c\u1ea3i thi\u1ec7n l\u1ea1i v\u00f9ng da k\u00e9m s\u1eafc. \u0110\u1ed3ng th\u1eddi l\u00e0m t\u0103ng kh\u1ea3 n\u0103ng ph\u1ee5c h\u1ed3i c\u1ee7a t\u1ebf b\u00e0o gi\u00fap nu\u00f4i d\u01b0\u1ee1ng l\u00e0n da t\u01b0\u01a1i tr\u1ebb, b\u1ea3o v\u1ec7 da tr\u00e1nh kh\u1ecfi nh\u1eefng t\u00e1c h\u1ea1i b\u1edfi tia UV, thu\u1ed1c l\u00e1 v\u00e0 nhi\u1ec1u t\u00e1c nh\u00e2n b\u00ean ngo\u00e0i.<\/li>\n<li aria-level=\"1\"><strong>Panthenol:<\/strong> L\u00e0 m\u1ed9t ch\u1ea5t chuy\u1ec3n h\u00f3a t\u1eeb vitamin B5 t\u1ed1t trong vi\u1ec7c h\u1ed7 tr\u1ee3 l\u00e0m l\u00e0nh c\u00e1c t\u1ed5n th\u01b0\u01a1ng da kh\u00e1c nhau, c\u00f3 kh\u1ea3 n\u0103ng c\u1ea5p n\u01b0\u1edbc v\u00e0 d\u01b0\u1ee1ng \u1ea9m \u0111\u00e3 \u0111\u01b0\u1ee3c ch\u1ee9ng minh r\u1ea5t t\u1ed1t tr\u00ean da, ph\u1ee5c h\u1ed3i \u0111\u1ed9 \u1ea9m cho da kh\u00f4. Panthenol c\u00f2n gi\u00fap t\u0103ng c\u01b0\u1eddng t\u00e1i t\u1ea1o c\u00e1c l\u1edbp b\u1ea3o v\u1ec7 ngo\u00e0i c\u00f9ng c\u1ee7a l\u00e0n da, do v\u1eady gi\u1ea3m \u0111\u00e1ng k\u1ec3 t\u00ecnh tr\u1ea1ng m\u1ea5t n\u01b0\u1edbc qua da.<\/li>\n<\/ul>\n<ul style=\"text-align: justify;\">\n<li style=\"list-style-type: none;\"><\/li>\n<\/ul>\n<p style=\"text-align: justify;\">Ngo\u00e0i ra, s\u1ea3n ph\u1ea9m ch\u1ee9a th\u00eam m\u1ed9t s\u1ed1 th\u00e0nh ph\u1ea7n kh\u00e1c h\u1ed7 tr\u1ee3 \u0111i\u1ec1u h\u00f2a da, gi\u00fap da m\u1ec1m m\u1ea1i h\u01a1n nh\u01b0: Purified Water, Butylene Glycol, PEG-80 Sorbitan Laurate, PEG-60 Hydrogenated Castor Oil, PEG-6 Caprylic\/Capric Glycerides, Ethylhexylglycerin &amp; Phenoxyethanol, Magnesium Aspartate, Copper Gluconate, Zinc Gluconate, Fragrance.<\/p>\n<h2 style=\"text-align: justify;\">Hi\u1ec7u qu\u1ea3 s\u1eed d\u1ee5ng<\/h2>\n<p style=\"text-align: justify;\">N\u01b0\u1edbc t\u1ea9y trang Makeup Remover gi\u00fap l\u00e0m s\u1ea1ch s\u00e2u, th\u00f4ng tho\u00e1ng l\u1ed7 ch\u00e2n l\u00f4ng, b\u1ed5 sung d\u01b0\u1ee1ng ch\u1ea5t cho da, l\u00e0m m\u1ec1m da. \u0110\u1ed3ng th\u1eddi g\u00f3p ph\u1ea7n l\u00e0m gi\u1ea3m b\u00f3ng d\u1ea7u, ng\u0103n ng\u1eeba m\u1ee5n tr\u00ean da.<\/p>\n<p style=\"text-align: justify;\">S\u1ea3n ph\u1ea9m ph\u00f9 h\u1ee3p v\u1edbi m\u1ecdi lo\u1ea1i da, kh\u00f4ng h\u1ec1 g\u00e2y k\u00edch \u1ee9ng.<\/p>\n<p style=\"text-align: justify;\">H\u01b0\u1edbng d\u1eabn s\u1eed d\u1ee5ng<\/p>\n<p style=\"text-align: justify;\">H\u01b0\u1edbng t\u1edbi s\u1ef1 ti\u1ec7n l\u1ee3i v\u00e0 ti\u1ebft ki\u1ec7m th\u1eddi gian cho ng\u01b0\u1eddi s\u1eed d\u1ee5ng, s\u1ea3n ph\u1ea9m n\u01b0\u1edbc t\u1ea9y trang c\u00f3 c\u00e1ch s\u1eed d\u1ee5ng \u0111\u01a1n gi\u1ea3n v\u00e0 nhanh ch\u00f3ng.<\/p>\n<p style=\"text-align: justify;\">&#8211; B\u01b0\u1edbc 1: L\u1ea5y m\u1ed9t l\u01b0\u1ee3ng dung d\u1ecbch v\u1eeba \u0111\u1ee7 cho th\u1ea5m \u0111\u1ec1u l\u00ean b\u00f4ng t\u1ea9y trang.<\/p>\n<p style=\"text-align: justify;\">&#8211; B\u01b0\u1edbc 2: Lau nh\u1eb9 nh\u00e0ng kh\u1eafp m\u1eb7t \u0111\u1ec3 l\u1ea5y \u0111i l\u1edbp trang \u0111i\u1ec3m, d\u1ea7u th\u1eeba, b\u1ee5i b\u1ea9n tr\u00ean da.<\/p>\n<p style=\"text-align: justify;\">&#8211; B\u01b0\u1edbc 3: R\u1eeda l\u1ea1i b\u1eb1ng s\u1eefa r\u1eeda m\u1eb7t.<\/p>\n<h2 style=\"text-align: justify;\">M\u1ed9t s\u1ed1 l\u01b0u \u00fd khi s\u1eed d\u1ee5ng s\u1ea3n ph\u1ea9m Makeup Remover<\/h2>\n<ul style=\"text-align: justify;\">\n<li style=\"font-weight: 400;\" aria-level=\"1\">N\u00ean s\u1eed d\u1ee5ng h\u00e0ng ng\u00e0y \u0111\u1eb7c bi\u1ec7t l\u00e0 sau khi trang \u0111i\u1ec3m, d\u00f9ng kem ch\u1ed1ng n\u1eafng ho\u1eb7c ti\u1ebfp x\u00fac v\u1edbi nh\u1eefng n\u01a1i c\u00f3 nhi\u1ec1u kh\u00f3i b\u1ee5i.<\/li>\n<li style=\"font-weight: 400;\" aria-level=\"1\">Kh\u00f4ng s\u1eed d\u1ee5ng t\u1ea1i nh\u1eefng v\u00f9ng c\u00f3 v\u1ebft th\u01b0\u01a1ng h\u1edf hay nh\u1eefng b\u1ec7nh ngo\u00e0i da kh\u00e1c.<\/li>\n<li style=\"font-weight: 400;\" aria-level=\"1\">Kh\u00f4ng n\u00ean t\u1ea9y trang qu\u00e1 nhi\u1ec1u l\u1ea7n trong ng\u00e0y b\u1edfi s\u1ebd l\u00e0m kh\u00f4 da. B\u1ea1n c\u1ea7n gi\u1eef th\u00f3i quen t\u1ea9y trang m\u1ed7i ng\u00e0y tr\u01b0\u1edbc khi \u0111i ng\u1ee7 \u0111\u1ec3 l\u00e0n da \u0111\u01b0\u1ee3c l\u00e0m s\u1ea1ch m\u1ed9t c\u00e1ch t\u1ed1t nh\u1ea5t.<\/li>\n<\/ul>\n<h2 style=\"text-align: justify;\">B\u1ea3o qu\u1ea3n<\/h2>\n<p style=\"text-align: justify;\">B\u1ea3o qu\u1ea3n \u1edf n\u01a1i kh\u00f4 tho\u00e1ng, tr\u00e1nh \u00e1nh n\u1eafng tr\u1ef1c ti\u1ebfp.<\/p>\n<p style=\"text-align: justify;\">S\u1ea3n ph\u1ea9m n\u01b0\u1edbc t\u1ea9y trang Makeup Remover Hathor Beauty l\u00e0 m\u1ed9t l\u1ef1a ch\u1ecdn tuy\u1ec7t v\u1eddi khi h\u1ed9i t\u1ee5 \u0111\u1ea7y \u0111\u1ee7 nh\u1eefng c\u00f4ng d\u1ee5ng t\u1ed1t nh\u1ea5t v\u00e0 c\u00e1ch s\u1eed d\u1ee5ng \u0111\u01a1n gi\u1ea3n.<\/p>\n<p style=\"text-align: justify;\">N\u1ebfu mu\u1ed1n t\u00ecm hi\u1ec3u th\u00eam th\u00f4ng tin kh\u00e1c hay t\u01b0 v\u1ea5n h\u1ed7 tr\u1ee3, h\u00e3y th\u1ec3 li\u00ean h\u1ec7 v\u1edbi ch\u00fang t\u00f4i qua s\u1ed1 \u0111i\u1ec7n tho\u1ea1i <a href=\"tel:02462997xxx\">02462997xxx<\/a> \u0111\u1ec3 \u0111\u01b0\u1ee3c gi\u1ea3i \u0111\u00e1p nhanh nh\u1ea5t nh\u00e9!<\/p>\n","protected":false},"excerpt":{"rendered":"<p style=\"text-align: justify;\">N\u01af\u1edaC T\u1ea8Y TRANG MAKEUP REMOVER \u0111\u01b0\u1ee3c chi\u1ebft xu\u1ea5t t\u1eeb c\u00e1c th\u00e0nh ph\u1ea7n t\u1ef1 nhi\u00ean nh\u01b0 chi\u1ebft xu\u1ea5t rau sam, chi\u1ebft xu\u1ea5t qu\u1ea3 oliu,&#8230; gi\u00fap l\u1ea5y \u0111i l\u1edbp b\u1ee5i b\u1ea9n, d\u1ea7u th\u1eeba c\u00f2n s\u00f3t l\u1ea1i tr\u00ean da k\u1ec3 c\u1ea3 kem ch\u1ed1ng n\u1eafng, cung c\u1ea5p \u0111\u1ed9 \u1ea9m kh\u00f4ng g\u00e2y k\u00edch \u1ee9ng&#8230;<\/p>\n","protected":false},"featured_media":1007,"comment_status":"open","ping_status":"closed","template":"","meta":[],"product_cat":[15],"product_tag":[],"yst_prominent_words":[],"class_list":["post-500","product","type-product","status-publish","has-post-thumbnail","hentry","product_cat-cham-soc-da"],"_links":{"self":[{"href":"https:\/\/khogiaodienmau.net\/mypham16\/wp-json\/wp\/v2\/product\/500","targetHints":{"allow":["GET"]}}],"collection":[{"href":"https:\/\/khogiaodienmau.net\/mypham16\/wp-json\/wp\/v2\/product"}],"about":[{"href":"https:\/\/khogiaodienmau.net\/mypham16\/wp-json\/wp\/v2\/types\/product"}],"replies":[{"embeddable":true,"href":"https:\/\/khogiaodienmau.net\/mypham16\/wp-json\/wp\/v2\/comments?post=500"}],"wp:featuredmedia":[{"embeddable":true,"href":"https:\/\/khogiaodienmau.net\/mypham16\/wp-json\/wp\/v2\/media\/1007"}],"wp:attachment":[{"href":"https:\/\/khogiaodienmau.net\/mypham16\/wp-json\/wp\/v2\/media?parent=500"}],"wp:term":[{"taxonomy":"product_cat","embeddable":true,"href":"https:\/\/khogiaodienmau.net\/mypham16\/wp-json\/wp\/v2\/product_cat?post=500"},{"taxonomy":"product_tag","embeddable":true,"href":"https:\/\/khogiaodienmau.net\/mypham16\/wp-json\/wp\/v2\/product_tag?post=500"},{"taxonomy":"yst_prominent_words","embeddable":true,"href":"https:\/\/khogiaodienmau.net\/mypham16\/wp-json\/wp\/v2\/yst_prominent_words?post=500"}],"curies":[{"name":"wp","href":"https:\/\/api.w.org\/{rel}","templated":true}]}}