{"id":496,"date":"2021-09-24T15:20:41","date_gmt":"2021-09-24T08:20:41","guid":{"rendered":"http:\/\/baobi.themevivu.com\/?post_type=product&#038;p=496"},"modified":"2021-10-26T18:10:29","modified_gmt":"2021-10-26T11:10:29","slug":"hyaluronic-acid-serum-hathor-beauty","status":"publish","type":"product","link":"https:\/\/khogiaodienmau.net\/mypham16\/san-pham\/hyaluronic-acid-serum-hathor-beauty\/","title":{"rendered":"HYALURONIC ACID SERUM HATHOR BEAUTY"},"content":{"rendered":"<h2>Th\u00e0nh ph\u1ea7n<\/h2>\n<h2>Hi\u1ec7u qu\u1ea3 s\u1eed d\u1ee5ng<\/h2>\n<h2>M\u1ed9t s\u1ed1 l\u01b0u \u00fd khi s\u1eed d\u1ee5ng s\u1ea3n ph\u1ea9m<\/h2>\n<h2>B\u1ea3o qu\u1ea3n<\/h2>\n","protected":false},"excerpt":{"rendered":"<p style=\"text-align: justify;\">HYALURONIC ACID SERUM HATHOR BEAUTY l\u00e0 tinh ch\u1ea5t gi\u00fap da ng\u1eadm n\u01b0\u1edbc c\u0103ng b\u00f3ng, t\u01b0\u01a1i t\u1eafn, h\u1ed7 tr\u1ee3 ng\u0103n ng\u1eeba bong tr\u00f3c, gi\u1ea3m thi\u1ec3u n\u1ebfp nh\u0103n, n\u1ebfp g\u1ea5p, l\u00e3o h\u00f3a, h\u1ed7 tr\u1ee3 l\u00e0m thu nh\u1ecf l\u1ed7 ch\u00e2n l\u00f4ng, ph\u00f9 h\u1ee3p v\u1edbi m\u1ecdi lo\u1ea1i da&#8230;<\/p>\n","protected":false},"featured_media":1010,"comment_status":"open","ping_status":"closed","template":"","meta":[],"product_cat":[15],"product_tag":[],"yst_prominent_words":[],"class_list":["post-496","product","type-product","status-publish","has-post-thumbnail","hentry","product_cat-cham-soc-da"],"_links":{"self":[{"href":"https:\/\/khogiaodienmau.net\/mypham16\/wp-json\/wp\/v2\/product\/496","targetHints":{"allow":["GET"]}}],"collection":[{"href":"https:\/\/khogiaodienmau.net\/mypham16\/wp-json\/wp\/v2\/product"}],"about":[{"href":"https:\/\/khogiaodienmau.net\/mypham16\/wp-json\/wp\/v2\/types\/product"}],"replies":[{"embeddable":true,"href":"https:\/\/khogiaodienmau.net\/mypham16\/wp-json\/wp\/v2\/comments?post=496"}],"wp:featuredmedia":[{"embeddable":true,"href":"https:\/\/khogiaodienmau.net\/mypham16\/wp-json\/wp\/v2\/media\/1010"}],"wp:attachment":[{"href":"https:\/\/khogiaodienmau.net\/mypham16\/wp-json\/wp\/v2\/media?parent=496"}],"wp:term":[{"taxonomy":"product_cat","embeddable":true,"href":"https:\/\/khogiaodienmau.net\/mypham16\/wp-json\/wp\/v2\/product_cat?post=496"},{"taxonomy":"product_tag","embeddable":true,"href":"https:\/\/khogiaodienmau.net\/mypham16\/wp-json\/wp\/v2\/product_tag?post=496"},{"taxonomy":"yst_prominent_words","embeddable":true,"href":"https:\/\/khogiaodienmau.net\/mypham16\/wp-json\/wp\/v2\/yst_prominent_words?post=496"}],"curies":[{"name":"wp","href":"https:\/\/api.w.org\/{rel}","templated":true}]}}