{"id":393,"date":"2021-09-24T11:10:26","date_gmt":"2021-09-24T04:10:26","guid":{"rendered":"http:\/\/baobi.themevivu.com\/?post_type=product&#038;p=393"},"modified":"2021-10-26T18:10:23","modified_gmt":"2021-10-26T11:10:23","slug":"dr-antinn-serum-kst-10ml","status":"publish","type":"product","link":"https:\/\/khogiaodienmau.net\/mypham16\/san-pham\/dr-antinn-serum-kst-10ml\/","title":{"rendered":"DR. ANTINN &#8211; SERUM KST 10ML"},"content":{"rendered":"<h2>Th\u00e0nh ph\u1ea7n<\/h2>\n<h2>Hi\u1ec7u qu\u1ea3 s\u1eed d\u1ee5ng<\/h2>\n<h2>M\u1ed9t s\u1ed1 l\u01b0u \u00fd khi s\u1eed d\u1ee5ng s\u1ea3n ph\u1ea9m<\/h2>\n<h2>B\u1ea3o qu\u1ea3n<\/h2>\n","protected":false},"excerpt":{"rendered":"<p style=\"text-align: justify;\">DR. ANTINN &#8211; SERUM KST 10ML l\u00e0 s\u1ea3n ph\u1ea9m gi\u00fap ch\u1ed1ng vi\u00eam, kh\u00e1ng khu\u1ea9n, ng\u0103n ng\u1eeba v\u00e0 l\u00e0m gi\u1ea3m m\u1ee5n hi\u1ec7u qu\u1ea3. \u0110\u1ed3ng th\u1eddi c\u00f3 t\u00e1c d\u1ee5ng r\u1ea5t t\u1ed1t \u0111\u1ed1i v\u1edbi c\u00e1c lo\u1ea1i m\u1ee5n m\u1ee7, m\u1ee5n vi\u00eam s\u01b0ng to, gi\u1ea3m \u0111au \u0111\u1edbn \u0111\u1ec3 nh\u00e2n m\u1ee5n t\u1ef1 kh\u00f4 v\u00e0 \u0111\u00e0o th\u1ea3i ra ngo\u00e0i&#8230;<\/p>\n","protected":false},"featured_media":1016,"comment_status":"open","ping_status":"closed","template":"","meta":[],"product_cat":[15],"product_tag":[],"yst_prominent_words":[],"class_list":["post-393","product","type-product","status-publish","has-post-thumbnail","hentry","product_cat-cham-soc-da"],"_links":{"self":[{"href":"https:\/\/khogiaodienmau.net\/mypham16\/wp-json\/wp\/v2\/product\/393","targetHints":{"allow":["GET"]}}],"collection":[{"href":"https:\/\/khogiaodienmau.net\/mypham16\/wp-json\/wp\/v2\/product"}],"about":[{"href":"https:\/\/khogiaodienmau.net\/mypham16\/wp-json\/wp\/v2\/types\/product"}],"replies":[{"embeddable":true,"href":"https:\/\/khogiaodienmau.net\/mypham16\/wp-json\/wp\/v2\/comments?post=393"}],"wp:featuredmedia":[{"embeddable":true,"href":"https:\/\/khogiaodienmau.net\/mypham16\/wp-json\/wp\/v2\/media\/1016"}],"wp:attachment":[{"href":"https:\/\/khogiaodienmau.net\/mypham16\/wp-json\/wp\/v2\/media?parent=393"}],"wp:term":[{"taxonomy":"product_cat","embeddable":true,"href":"https:\/\/khogiaodienmau.net\/mypham16\/wp-json\/wp\/v2\/product_cat?post=393"},{"taxonomy":"product_tag","embeddable":true,"href":"https:\/\/khogiaodienmau.net\/mypham16\/wp-json\/wp\/v2\/product_tag?post=393"},{"taxonomy":"yst_prominent_words","embeddable":true,"href":"https:\/\/khogiaodienmau.net\/mypham16\/wp-json\/wp\/v2\/yst_prominent_words?post=393"}],"curies":[{"name":"wp","href":"https:\/\/api.w.org\/{rel}","templated":true}]}}