{"id":1277,"date":"2021-10-27T17:39:46","date_gmt":"2021-10-27T10:39:46","guid":{"rendered":"http:\/\/mypham2.themevivu.com\/?post_type=product&#038;p=1277"},"modified":"2021-10-27T17:47:48","modified_gmt":"2021-10-27T10:47:48","slug":"xit-khu-mui-co-the-anti-odorapit","status":"publish","type":"product","link":"https:\/\/khogiaodienmau.net\/mypham16\/san-pham\/xit-khu-mui-co-the-anti-odorapit\/","title":{"rendered":"X\u1ecaT KH\u1eec M\u00d9I C\u01a0 TH\u1ec2 ANTI ODORAPIT"},"content":{"rendered":"","protected":false},"excerpt":{"rendered":"<p style=\"text-align: justify;\"><span data-sheets-value=\"{&quot;1&quot;:2,&quot;2&quot;:&quot;X\u1ecaT KH\u1eec M\u00d9I C\u01a0 TH\u1ec2 ANTI ODORAPIT&quot;}\" data-sheets-userformat=\"{&quot;2&quot;:8893,&quot;3&quot;:{&quot;1&quot;:0},&quot;5&quot;:{&quot;1&quot;:[{&quot;1&quot;:2,&quot;2&quot;:0,&quot;5&quot;:{&quot;1&quot;:2,&quot;2&quot;:0}},{&quot;1&quot;:0,&quot;2&quot;:0,&quot;3&quot;:3},{&quot;1&quot;:1,&quot;2&quot;:0,&quot;4&quot;:1}]},&quot;6&quot;:{&quot;1&quot;:[{&quot;1&quot;:2,&quot;2&quot;:0,&quot;5&quot;:{&quot;1&quot;:2,&quot;2&quot;:0}},{&quot;1&quot;:0,&quot;2&quot;:0,&quot;3&quot;:3},{&quot;1&quot;:1,&quot;2&quot;:0,&quot;4&quot;:1}]},&quot;7&quot;:{&quot;1&quot;:[{&quot;1&quot;:2,&quot;2&quot;:0,&quot;5&quot;:{&quot;1&quot;:2,&quot;2&quot;:0}},{&quot;1&quot;:0,&quot;2&quot;:0,&quot;3&quot;:3},{&quot;1&quot;:1,&quot;2&quot;:0,&quot;4&quot;:1}]},&quot;8&quot;:{&quot;1&quot;:[{&quot;1&quot;:2,&quot;2&quot;:0,&quot;5&quot;:{&quot;1&quot;:2,&quot;2&quot;:0}},{&quot;1&quot;:0,&quot;2&quot;:0,&quot;3&quot;:3},{&quot;1&quot;:1,&quot;2&quot;:0,&quot;4&quot;:1}]},&quot;10&quot;:1,&quot;12&quot;:0,&quot;16&quot;:12}\">X\u1ecaT KH\u1eec M\u00d9I C\u01a0 TH\u1ec2 ANTI ODORAPIT c\u00f3 c\u00f4ng d\u1ee5ng ng\u0103n ng\u1eeba m\u00f9i h\u00f4i v\u00e0 vi khu\u1ea9n g\u00e2y h\u1ea1i trong h\u1ec7 tuy\u1ebfn m\u1ed3 h\u00f4i (t\u00e1c nh\u00e2n g\u00e2y ra m\u00f9i). Hi\u1ec7u qu\u1ea3 mang l\u1ea1i nhanh ch\u00f3ng trong th\u1eddi gian ng\u1eafn (ch\u1ec9 sau 15 ng\u00e0y), l\u00e0m kh\u00f4 tho\u00e1ng v\u00f9ng da nhanh ch\u00f3ng, gi\u1eef \u0111\u01b0\u1ee3c kh\u00f4 tho\u00e1ng trong nhi\u1ec1u gi\u1edd&#8230;<\/span><\/p>\n","protected":false},"featured_media":1279,"comment_status":"open","ping_status":"closed","template":"","meta":[],"product_cat":[17],"product_tag":[],"yst_prominent_words":[],"class_list":["post-1277","product","type-product","status-publish","has-post-thumbnail","hentry","product_cat-tam-cham-soc-co-the"],"_links":{"self":[{"href":"https:\/\/khogiaodienmau.net\/mypham16\/wp-json\/wp\/v2\/product\/1277","targetHints":{"allow":["GET"]}}],"collection":[{"href":"https:\/\/khogiaodienmau.net\/mypham16\/wp-json\/wp\/v2\/product"}],"about":[{"href":"https:\/\/khogiaodienmau.net\/mypham16\/wp-json\/wp\/v2\/types\/product"}],"replies":[{"embeddable":true,"href":"https:\/\/khogiaodienmau.net\/mypham16\/wp-json\/wp\/v2\/comments?post=1277"}],"wp:featuredmedia":[{"embeddable":true,"href":"https:\/\/khogiaodienmau.net\/mypham16\/wp-json\/wp\/v2\/media\/1279"}],"wp:attachment":[{"href":"https:\/\/khogiaodienmau.net\/mypham16\/wp-json\/wp\/v2\/media?parent=1277"}],"wp:term":[{"taxonomy":"product_cat","embeddable":true,"href":"https:\/\/khogiaodienmau.net\/mypham16\/wp-json\/wp\/v2\/product_cat?post=1277"},{"taxonomy":"product_tag","embeddable":true,"href":"https:\/\/khogiaodienmau.net\/mypham16\/wp-json\/wp\/v2\/product_tag?post=1277"},{"taxonomy":"yst_prominent_words","embeddable":true,"href":"https:\/\/khogiaodienmau.net\/mypham16\/wp-json\/wp\/v2\/yst_prominent_words?post=1277"}],"curies":[{"name":"wp","href":"https:\/\/api.w.org\/{rel}","templated":true}]}}