{"id":1274,"date":"2021-10-27T17:39:05","date_gmt":"2021-10-27T10:39:05","guid":{"rendered":"http:\/\/mypham2.themevivu.com\/?post_type=product&#038;p=1274"},"modified":"2021-10-27T17:39:05","modified_gmt":"2021-10-27T10:39:05","slug":"serum-chong-lao-hoa-anti-aging-serum","status":"publish","type":"product","link":"https:\/\/khogiaodienmau.net\/mypham16\/san-pham\/serum-chong-lao-hoa-anti-aging-serum\/","title":{"rendered":"SERUM CH\u1ed0NG L\u00c3O H\u00d3A ANTI-AGING SERUM"},"content":{"rendered":"","protected":false},"excerpt":{"rendered":"<p style=\"text-align: justify;\">SERUM CH\u1ed0NG L\u00c3O H\u00d3A ANTI-AGING SERUM l\u00e0 s\u1ea3n ph\u1ea9m d\u01b0\u1ee1ng ch\u1ed1ng l\u00e3o h\u00f3a, h\u1ed7 tr\u1ee3 ng\u0103n ng\u1eeba nh\u1eefng n\u1ebfp nh\u0103n xu\u1ea5t hi\u1ec7n tr\u00ean da, gi\u00fap tr\u1ebb h\u00f3a da, m\u1ecbn m\u00e0ng, tr\u1eafng s\u00e1ng. \u0110\u1ed3ng th\u1eddi g\u00f3p ph\u1ea7n ng\u0103n ng\u1eeba m\u1ee5n, t\u00ecnh tr\u1ea1ng l\u00e3o h\u00f3a da s\u1edbm&#8230;<\/p>\n","protected":false},"featured_media":1278,"comment_status":"open","ping_status":"closed","template":"","meta":[],"product_cat":[15],"product_tag":[],"yst_prominent_words":[],"class_list":["post-1274","product","type-product","status-publish","has-post-thumbnail","hentry","product_cat-cham-soc-da"],"_links":{"self":[{"href":"https:\/\/khogiaodienmau.net\/mypham16\/wp-json\/wp\/v2\/product\/1274","targetHints":{"allow":["GET"]}}],"collection":[{"href":"https:\/\/khogiaodienmau.net\/mypham16\/wp-json\/wp\/v2\/product"}],"about":[{"href":"https:\/\/khogiaodienmau.net\/mypham16\/wp-json\/wp\/v2\/types\/product"}],"replies":[{"embeddable":true,"href":"https:\/\/khogiaodienmau.net\/mypham16\/wp-json\/wp\/v2\/comments?post=1274"}],"wp:featuredmedia":[{"embeddable":true,"href":"https:\/\/khogiaodienmau.net\/mypham16\/wp-json\/wp\/v2\/media\/1278"}],"wp:attachment":[{"href":"https:\/\/khogiaodienmau.net\/mypham16\/wp-json\/wp\/v2\/media?parent=1274"}],"wp:term":[{"taxonomy":"product_cat","embeddable":true,"href":"https:\/\/khogiaodienmau.net\/mypham16\/wp-json\/wp\/v2\/product_cat?post=1274"},{"taxonomy":"product_tag","embeddable":true,"href":"https:\/\/khogiaodienmau.net\/mypham16\/wp-json\/wp\/v2\/product_tag?post=1274"},{"taxonomy":"yst_prominent_words","embeddable":true,"href":"https:\/\/khogiaodienmau.net\/mypham16\/wp-json\/wp\/v2\/yst_prominent_words?post=1274"}],"curies":[{"name":"wp","href":"https:\/\/api.w.org\/{rel}","templated":true}]}}