{"id":1246,"date":"2021-10-27T17:27:12","date_gmt":"2021-10-27T10:27:12","guid":{"rendered":"http:\/\/mypham2.themevivu.com\/?post_type=product&#038;p=1246"},"modified":"2021-10-27T17:27:12","modified_gmt":"2021-10-27T10:27:12","slug":"toner-for-sensitve-skin","status":"publish","type":"product","link":"https:\/\/khogiaodienmau.net\/mypham16\/san-pham\/toner-for-sensitve-skin\/","title":{"rendered":"TONER FOR SENSITVE SKIN"},"content":{"rendered":"","protected":false},"excerpt":{"rendered":"<p style=\"text-align: justify;\">TONER FOR SENSITVE SKIN gi\u00fap c\u00e2n b\u1eb1ng \u0111\u1ed9 PH c\u1ee7a da, c\u1ea3i thi\u1ec7n hi\u1ec7u qu\u1ea3 ch\u0103m s\u00f3c da \u0111\u1ec3 da s\u1eb5n s\u00e0ng h\u1ea5p th\u1ee5 serum v\u00e0 kem t\u1ed1t h\u01a1n. L\u00e0m da s\u00e1ng m\u1ecbn m\u00e0ng v\u00e0 ng\u0103n ng\u1eeba th\u00e2m n\u00e1m&#8230;<\/p>\n","protected":false},"featured_media":1253,"comment_status":"open","ping_status":"closed","template":"","meta":[],"product_cat":[15],"product_tag":[],"yst_prominent_words":[],"class_list":["post-1246","product","type-product","status-publish","has-post-thumbnail","hentry","product_cat-cham-soc-da"],"_links":{"self":[{"href":"https:\/\/khogiaodienmau.net\/mypham16\/wp-json\/wp\/v2\/product\/1246","targetHints":{"allow":["GET"]}}],"collection":[{"href":"https:\/\/khogiaodienmau.net\/mypham16\/wp-json\/wp\/v2\/product"}],"about":[{"href":"https:\/\/khogiaodienmau.net\/mypham16\/wp-json\/wp\/v2\/types\/product"}],"replies":[{"embeddable":true,"href":"https:\/\/khogiaodienmau.net\/mypham16\/wp-json\/wp\/v2\/comments?post=1246"}],"wp:featuredmedia":[{"embeddable":true,"href":"https:\/\/khogiaodienmau.net\/mypham16\/wp-json\/wp\/v2\/media\/1253"}],"wp:attachment":[{"href":"https:\/\/khogiaodienmau.net\/mypham16\/wp-json\/wp\/v2\/media?parent=1246"}],"wp:term":[{"taxonomy":"product_cat","embeddable":true,"href":"https:\/\/khogiaodienmau.net\/mypham16\/wp-json\/wp\/v2\/product_cat?post=1246"},{"taxonomy":"product_tag","embeddable":true,"href":"https:\/\/khogiaodienmau.net\/mypham16\/wp-json\/wp\/v2\/product_tag?post=1246"},{"taxonomy":"yst_prominent_words","embeddable":true,"href":"https:\/\/khogiaodienmau.net\/mypham16\/wp-json\/wp\/v2\/yst_prominent_words?post=1246"}],"curies":[{"name":"wp","href":"https:\/\/api.w.org\/{rel}","templated":true}]}}