{"id":1234,"date":"2021-10-27T17:18:37","date_gmt":"2021-10-27T10:18:37","guid":{"rendered":"http:\/\/mypham2.themevivu.com\/?post_type=product&#038;p=1234"},"modified":"2021-10-27T17:31:21","modified_gmt":"2021-10-27T10:31:21","slug":"sua-rua-mat-masterfay-cleanser","status":"publish","type":"product","link":"https:\/\/khogiaodienmau.net\/mypham16\/san-pham\/sua-rua-mat-masterfay-cleanser\/","title":{"rendered":"S\u1eeeA R\u1eecA M\u1eb6T MASTERFAY CLEANSER"},"content":{"rendered":"","protected":false},"excerpt":{"rendered":"<p style=\"text-align: justify;\">S\u1eeeA R\u1eecA M\u1eb6T MASTERFAY CLEANSER c\u00f3 ch\u1ee9a c\u00e1c th\u00e0nh ph\u1ea7n t\u1ef1 nhi\u00ean, gi\u00fap l\u00e0m s\u1ea1ch da, l\u1ea5y \u0111i b\u1ee5i b\u1ea9n, d\u1ea7u th\u1eeba tr\u00ean da. C\u1ea3m gi\u00e1c l\u00fac s\u1eed d\u1ee5ng r\u1ea5t d\u1ec5 ch\u1ecbu, ho\u00e0n to\u00e0n d\u1ecbu nh\u1eb9, an to\u00e0n, l\u00e0nh t\u00ednh cho da nh\u1eddn m\u1ee5n&#8230;<\/p>\n","protected":false},"featured_media":1238,"comment_status":"open","ping_status":"closed","template":"","meta":[],"product_cat":[15],"product_tag":[],"yst_prominent_words":[],"class_list":["post-1234","product","type-product","status-publish","has-post-thumbnail","hentry","product_cat-cham-soc-da"],"_links":{"self":[{"href":"https:\/\/khogiaodienmau.net\/mypham16\/wp-json\/wp\/v2\/product\/1234","targetHints":{"allow":["GET"]}}],"collection":[{"href":"https:\/\/khogiaodienmau.net\/mypham16\/wp-json\/wp\/v2\/product"}],"about":[{"href":"https:\/\/khogiaodienmau.net\/mypham16\/wp-json\/wp\/v2\/types\/product"}],"replies":[{"embeddable":true,"href":"https:\/\/khogiaodienmau.net\/mypham16\/wp-json\/wp\/v2\/comments?post=1234"}],"wp:featuredmedia":[{"embeddable":true,"href":"https:\/\/khogiaodienmau.net\/mypham16\/wp-json\/wp\/v2\/media\/1238"}],"wp:attachment":[{"href":"https:\/\/khogiaodienmau.net\/mypham16\/wp-json\/wp\/v2\/media?parent=1234"}],"wp:term":[{"taxonomy":"product_cat","embeddable":true,"href":"https:\/\/khogiaodienmau.net\/mypham16\/wp-json\/wp\/v2\/product_cat?post=1234"},{"taxonomy":"product_tag","embeddable":true,"href":"https:\/\/khogiaodienmau.net\/mypham16\/wp-json\/wp\/v2\/product_tag?post=1234"},{"taxonomy":"yst_prominent_words","embeddable":true,"href":"https:\/\/khogiaodienmau.net\/mypham16\/wp-json\/wp\/v2\/yst_prominent_words?post=1234"}],"curies":[{"name":"wp","href":"https:\/\/api.w.org\/{rel}","templated":true}]}}