{"id":1085,"date":"2021-10-27T12:14:06","date_gmt":"2021-10-27T05:14:06","guid":{"rendered":"http:\/\/mypham2.themevivu.com\/?post_type=product&#038;p=1085"},"modified":"2021-10-27T12:14:06","modified_gmt":"2021-10-27T05:14:06","slug":"repairing-smoothing-toner","status":"publish","type":"product","link":"https:\/\/khogiaodienmau.net\/mypham16\/san-pham\/repairing-smoothing-toner\/","title":{"rendered":"REPAIRING &#038; SMOOTHING TONER"},"content":{"rendered":"","protected":false},"excerpt":{"rendered":"<p style=\"text-align: justify;\">REPAIRING &amp; SMOOTHING TONER \u0111\u01b0\u1ee3c chi\u1ebft xu\u1ea5t t\u1eeb hoa h\u1ed3ng k\u1ebft h\u1ee3p v\u1edbi m\u1ed9t s\u1ed1 kho\u00e1ng ch\u1ea5t b\u1ed5 sung c\u00e1c d\u01b0\u1ee1ng ch\u1ea5t t\u1ed1t nh\u1ea5t cho da. V\u1edbi c\u00e1c c\u00f4ng d\u1ee5ng ch\u00ednh l\u00e0 l\u00e0m s\u1ea1ch s\u00e2u sau b\u01b0\u1edbc r\u1eeda m\u1eb7t, lo\u1ea1i b\u1ecf t\u1ea1p ch\u1ea5t, b\u1ee5i b\u1ea9n&#8230;<\/p>\n","protected":false},"featured_media":1087,"comment_status":"open","ping_status":"closed","template":"","meta":[],"product_cat":[15],"product_tag":[],"yst_prominent_words":[],"class_list":["post-1085","product","type-product","status-publish","has-post-thumbnail","hentry","product_cat-cham-soc-da"],"_links":{"self":[{"href":"https:\/\/khogiaodienmau.net\/mypham16\/wp-json\/wp\/v2\/product\/1085","targetHints":{"allow":["GET"]}}],"collection":[{"href":"https:\/\/khogiaodienmau.net\/mypham16\/wp-json\/wp\/v2\/product"}],"about":[{"href":"https:\/\/khogiaodienmau.net\/mypham16\/wp-json\/wp\/v2\/types\/product"}],"replies":[{"embeddable":true,"href":"https:\/\/khogiaodienmau.net\/mypham16\/wp-json\/wp\/v2\/comments?post=1085"}],"wp:featuredmedia":[{"embeddable":true,"href":"https:\/\/khogiaodienmau.net\/mypham16\/wp-json\/wp\/v2\/media\/1087"}],"wp:attachment":[{"href":"https:\/\/khogiaodienmau.net\/mypham16\/wp-json\/wp\/v2\/media?parent=1085"}],"wp:term":[{"taxonomy":"product_cat","embeddable":true,"href":"https:\/\/khogiaodienmau.net\/mypham16\/wp-json\/wp\/v2\/product_cat?post=1085"},{"taxonomy":"product_tag","embeddable":true,"href":"https:\/\/khogiaodienmau.net\/mypham16\/wp-json\/wp\/v2\/product_tag?post=1085"},{"taxonomy":"yst_prominent_words","embeddable":true,"href":"https:\/\/khogiaodienmau.net\/mypham16\/wp-json\/wp\/v2\/yst_prominent_words?post=1085"}],"curies":[{"name":"wp","href":"https:\/\/api.w.org\/{rel}","templated":true}]}}